{"id":97,"date":"2014-11-03T16:13:11","date_gmt":"2014-11-03T14:13:11","guid":{"rendered":"https:\/\/comedialaon.fr\/?page_id=97"},"modified":"2021-07-25T10:39:37","modified_gmt":"2021-07-25T08:39:37","slug":"les-hommes-preferent-mentir","status":"publish","type":"page","link":"https:\/\/comedialaon.fr\/?page_id=97","title":{"rendered":"LES HOMMES PR\u00c9F\u00c8RENT MENTIR"},"content":{"rendered":"<p><center><a href=\"https:\/\/comedialaon.fr\/wp-content\/uploads\/2014\/12\/Affiche-Les-Hommes-pr\u00e9f\u00e8rent-menti.jpg\"><img loading=\"lazy\" decoding=\"async\" src=\"https:\/\/comedialaon.fr\/wp-content\/uploads\/2014\/12\/Affiche-Les-Hommes-pr\u00e9f\u00e8rent-menti-212x300.jpg\" alt=\"Affiche Les Hommes pr\u00e9f\u00e8rent menti\" width=\"212\" height=\"300\" class=\"alignleft size-medium wp-image-266\" srcset=\"https:\/\/comedialaon.fr\/wp-content\/uploads\/2014\/12\/Affiche-Les-Hommes-pr\u00e9f\u00e8rent-menti-212x300.jpg 212w, https:\/\/comedialaon.fr\/wp-content\/uploads\/2014\/12\/Affiche-Les-Hommes-pr\u00e9f\u00e8rent-menti.jpg 562w\" sizes=\"auto, (max-width: 212px) 100vw, 212px\" \/><\/a><br \/>\n<iframe loading=\"lazy\" width=\"560\" height=\"315\" src=\"https:\/\/www.youtube.com\/embed\/BF46nqRswV4\" frameborder=\"0\" allowfullscreen><\/iframe><\/center><br \/>\n<a href=\"https:\/\/comedialaon.fr\/?page_id=4717\" title=\"Album photos de la MAL\">Album photos de la MAL<\/a><\/p>\n","protected":false},"excerpt":{"rendered":"<p>Album photos de la MAL<\/p>\n","protected":false},"author":1,"featured_media":0,"parent":0,"menu_order":0,"comment_status":"closed","ping_status":"closed","template":"","meta":{"footnotes":""},"class_list":["post-97","page","type-page","status-publish","hentry"],"yoast_head":"<!-- This site is optimized with the Yoast SEO plugin v27.5 - https:\/\/yoast.com\/product\/yoast-seo-wordpress\/ -->\n<title>LES HOMMES PR\u00c9F\u00c8RENT MENTIR &#8226; Com\u00e9dia Laon<\/title>\n<meta name=\"robots\" content=\"index, follow, max-snippet:-1, max-image-preview:large, max-video-preview:-1\" \/>\n<link rel=\"canonical\" href=\"https:\/\/comedialaon.fr\/?page_id=97\" \/>\n<meta property=\"og:locale\" content=\"fr_FR\" \/>\n<meta property=\"og:type\" content=\"article\" \/>\n<meta property=\"og:title\" content=\"LES HOMMES PR\u00c9F\u00c8RENT MENTIR &#8226; Com\u00e9dia Laon\" \/>\n<meta property=\"og:description\" content=\"Album photos de la MAL\" \/>\n<meta property=\"og:url\" content=\"https:\/\/comedialaon.fr\/?page_id=97\" \/>\n<meta property=\"og:site_name\" content=\"Com\u00e9dia Laon\" \/>\n<meta property=\"article:publisher\" content=\"https:\/\/www.facebook.com\/profile.php?id=100008459438996\" \/>\n<meta property=\"article:modified_time\" content=\"2021-07-25T08:39:37+00:00\" \/>\n<meta property=\"og:image\" content=\"https:\/\/comedialaon.fr\/wp-content\/uploads\/2014\/12\/Affiche-Les-Hommes-pr\u00e9f\u00e8rent-menti-212x300.jpg\" \/>\n<script type=\"application\/ld+json\" class=\"yoast-schema-graph\">{\"@context\":\"https:\\\/\\\/schema.org\",\"@graph\":[{\"@type\":\"WebPage\",\"@id\":\"https:\\\/\\\/comedialaon.fr\\\/?page_id=97\",\"url\":\"https:\\\/\\\/comedialaon.fr\\\/?page_id=97\",\"name\":\"LES HOMMES PR\u00c9F\u00c8RENT MENTIR &#8226; Com\u00e9dia Laon\",\"isPartOf\":{\"@id\":\"https:\\\/\\\/comedialaon.fr\\\/#website\"},\"datePublished\":\"2014-11-03T14:13:11+00:00\",\"dateModified\":\"2021-07-25T08:39:37+00:00\",\"breadcrumb\":{\"@id\":\"https:\\\/\\\/comedialaon.fr\\\/?page_id=97#breadcrumb\"},\"inLanguage\":\"fr-FR\",\"potentialAction\":[{\"@type\":\"ReadAction\",\"target\":[\"https:\\\/\\\/comedialaon.fr\\\/?page_id=97\"]}]},{\"@type\":\"BreadcrumbList\",\"@id\":\"https:\\\/\\\/comedialaon.fr\\\/?page_id=97#breadcrumb\",\"itemListElement\":[{\"@type\":\"ListItem\",\"position\":1,\"name\":\"Accueil\",\"item\":\"https:\\\/\\\/comedialaon.fr\\\/\"},{\"@type\":\"ListItem\",\"position\":2,\"name\":\"LES HOMMES PR\u00c9F\u00c8RENT MENTIR\"}]},{\"@type\":\"WebSite\",\"@id\":\"https:\\\/\\\/comedialaon.fr\\\/#website\",\"url\":\"https:\\\/\\\/comedialaon.fr\\\/\",\"name\":\"Com\u00e9dia Laon\",\"description\":\"Prendre et donner du PLAISIR ... !!! ;-)\",\"publisher\":{\"@id\":\"https:\\\/\\\/comedialaon.fr\\\/#organization\"},\"potentialAction\":[{\"@type\":\"SearchAction\",\"target\":{\"@type\":\"EntryPoint\",\"urlTemplate\":\"https:\\\/\\\/comedialaon.fr\\\/?s={search_term_string}\"},\"query-input\":{\"@type\":\"PropertyValueSpecification\",\"valueRequired\":true,\"valueName\":\"search_term_string\"}}],\"inLanguage\":\"fr-FR\"},{\"@type\":\"Organization\",\"@id\":\"https:\\\/\\\/comedialaon.fr\\\/#organization\",\"name\":\"Com\u00e9dia Laon\",\"url\":\"https:\\\/\\\/comedialaon.fr\\\/\",\"logo\":{\"@type\":\"ImageObject\",\"inLanguage\":\"fr-FR\",\"@id\":\"https:\\\/\\\/comedialaon.fr\\\/#\\\/schema\\\/logo\\\/image\\\/\",\"url\":\"https:\\\/\\\/comedialaon.fr\\\/wp-content\\\/uploads\\\/2019\\\/02\\\/LOGO-CL-et-OL.jpg\",\"contentUrl\":\"https:\\\/\\\/comedialaon.fr\\\/wp-content\\\/uploads\\\/2019\\\/02\\\/LOGO-CL-et-OL.jpg\",\"width\":756,\"height\":210,\"caption\":\"Com\u00e9dia Laon\"},\"image\":{\"@id\":\"https:\\\/\\\/comedialaon.fr\\\/#\\\/schema\\\/logo\\\/image\\\/\"},\"sameAs\":[\"https:\\\/\\\/www.facebook.com\\\/profile.php?id=100008459438996\",\"https:\\\/\\\/www.youtube.com\\\/results?search_query=comedia laon\"]}]}<\/script>\n<!-- \/ Yoast SEO plugin. -->","yoast_head_json":{"title":"LES HOMMES PR\u00c9F\u00c8RENT MENTIR &#8226; Com\u00e9dia Laon","robots":{"index":"index","follow":"follow","max-snippet":"max-snippet:-1","max-image-preview":"max-image-preview:large","max-video-preview":"max-video-preview:-1"},"canonical":"https:\/\/comedialaon.fr\/?page_id=97","og_locale":"fr_FR","og_type":"article","og_title":"LES HOMMES PR\u00c9F\u00c8RENT MENTIR &#8226; Com\u00e9dia Laon","og_description":"Album photos de la MAL","og_url":"https:\/\/comedialaon.fr\/?page_id=97","og_site_name":"Com\u00e9dia Laon","article_publisher":"https:\/\/www.facebook.com\/profile.php?id=100008459438996","article_modified_time":"2021-07-25T08:39:37+00:00","og_image":[{"url":"https:\/\/comedialaon.fr\/wp-content\/uploads\/2014\/12\/Affiche-Les-Hommes-pr\u00e9f\u00e8rent-menti-212x300.jpg","type":"","width":"","height":""}],"schema":{"@context":"https:\/\/schema.org","@graph":[{"@type":"WebPage","@id":"https:\/\/comedialaon.fr\/?page_id=97","url":"https:\/\/comedialaon.fr\/?page_id=97","name":"LES HOMMES PR\u00c9F\u00c8RENT MENTIR &#8226; Com\u00e9dia Laon","isPartOf":{"@id":"https:\/\/comedialaon.fr\/#website"},"datePublished":"2014-11-03T14:13:11+00:00","dateModified":"2021-07-25T08:39:37+00:00","breadcrumb":{"@id":"https:\/\/comedialaon.fr\/?page_id=97#breadcrumb"},"inLanguage":"fr-FR","potentialAction":[{"@type":"ReadAction","target":["https:\/\/comedialaon.fr\/?page_id=97"]}]},{"@type":"BreadcrumbList","@id":"https:\/\/comedialaon.fr\/?page_id=97#breadcrumb","itemListElement":[{"@type":"ListItem","position":1,"name":"Accueil","item":"https:\/\/comedialaon.fr\/"},{"@type":"ListItem","position":2,"name":"LES HOMMES PR\u00c9F\u00c8RENT MENTIR"}]},{"@type":"WebSite","@id":"https:\/\/comedialaon.fr\/#website","url":"https:\/\/comedialaon.fr\/","name":"Com\u00e9dia Laon","description":"Prendre et donner du PLAISIR ... !!! ;-)","publisher":{"@id":"https:\/\/comedialaon.fr\/#organization"},"potentialAction":[{"@type":"SearchAction","target":{"@type":"EntryPoint","urlTemplate":"https:\/\/comedialaon.fr\/?s={search_term_string}"},"query-input":{"@type":"PropertyValueSpecification","valueRequired":true,"valueName":"search_term_string"}}],"inLanguage":"fr-FR"},{"@type":"Organization","@id":"https:\/\/comedialaon.fr\/#organization","name":"Com\u00e9dia Laon","url":"https:\/\/comedialaon.fr\/","logo":{"@type":"ImageObject","inLanguage":"fr-FR","@id":"https:\/\/comedialaon.fr\/#\/schema\/logo\/image\/","url":"https:\/\/comedialaon.fr\/wp-content\/uploads\/2019\/02\/LOGO-CL-et-OL.jpg","contentUrl":"https:\/\/comedialaon.fr\/wp-content\/uploads\/2019\/02\/LOGO-CL-et-OL.jpg","width":756,"height":210,"caption":"Com\u00e9dia Laon"},"image":{"@id":"https:\/\/comedialaon.fr\/#\/schema\/logo\/image\/"},"sameAs":["https:\/\/www.facebook.com\/profile.php?id=100008459438996","https:\/\/www.youtube.com\/results?search_query=comedia laon"]}]}},"_links":{"self":[{"href":"https:\/\/comedialaon.fr\/index.php?rest_route=\/wp\/v2\/pages\/97","targetHints":{"allow":["GET"]}}],"collection":[{"href":"https:\/\/comedialaon.fr\/index.php?rest_route=\/wp\/v2\/pages"}],"about":[{"href":"https:\/\/comedialaon.fr\/index.php?rest_route=\/wp\/v2\/types\/page"}],"author":[{"embeddable":true,"href":"https:\/\/comedialaon.fr\/index.php?rest_route=\/wp\/v2\/users\/1"}],"replies":[{"embeddable":true,"href":"https:\/\/comedialaon.fr\/index.php?rest_route=%2Fwp%2Fv2%2Fcomments&post=97"}],"version-history":[{"count":9,"href":"https:\/\/comedialaon.fr\/index.php?rest_route=\/wp\/v2\/pages\/97\/revisions"}],"predecessor-version":[{"id":4719,"href":"https:\/\/comedialaon.fr\/index.php?rest_route=\/wp\/v2\/pages\/97\/revisions\/4719"}],"wp:attachment":[{"href":"https:\/\/comedialaon.fr\/index.php?rest_route=%2Fwp%2Fv2%2Fmedia&parent=97"}],"curies":[{"name":"wp","href":"https:\/\/api.w.org\/{rel}","templated":true}]}}