{"id":938,"date":"2016-02-06T22:05:03","date_gmt":"2016-02-06T21:05:03","guid":{"rendered":"https:\/\/comedialaon.fr\/?page_id=938"},"modified":"2022-10-07T11:11:35","modified_gmt":"2022-10-07T09:11:35","slug":"entre-jour-nuit","status":"publish","type":"page","link":"https:\/\/comedialaon.fr\/?page_id=938","title":{"rendered":"ENTRE LE JOUR ET LA NUIT"},"content":{"rendered":"<p>ENTRE LE JOUR ET LA NUIT est une com\u00e9die d&rsquo;Hugues de ROSAMEL.<\/p>\n<p>Le sujet: Au lever du jour, un banc public, un lampadaire, deux clochardes. Zita d\u00e9couvre Bienvenue sous son banc. A priori elles n\u2019ont rien \u00e0 se dire, elles se diront tout ou presque tout.<br \/>\nIncompr\u00e9hensions, frustrations, fantasmes, \u00e9preuves, les hommes, alimentent leurs discussions. Le tout au milieu de situations burlesques. Deux vies oppos\u00e9es, deux parcours diff\u00e9rents, deux univers \u00e9trangers, cohabitent dans le m\u00eame monde ! Et puis, hasard ou co\u00efncidence, elles ignorent avoir un homme en commun.<br \/>\nBienvenue et Zita embarquent dans une histoire loufoque, piment\u00e9e d\u2019un grain de folie et parfois hors du temps.Apparemment, elles n\u2019auraient jamais d\u00fb se rencontrer. Apparemment car lorsque la nuit retombe, que reste-t-il entre le jour et la nuit ?<\/p>\n<p><a href=\"https:\/\/comedialaon.fr\/?page_id=887\" title=\"Qui est Hugues DE ROSAMEL ?\">Qui est Hugues de ROSAMEL ?<\/a><\/p>\n<p><a href=\"https:\/\/www.facebook.com\/pages\/Entre-le-jour-et-la-nuit\/116660105343358?fref=ts\" title=\"Page FaceBook ENTRE LE JOUR ET LA NUIT\">Page FaceBook ENTRE LE JOUR ET LA NUIT<\/a><\/p>\n<p><a href=\"https:\/\/comedialaon.fr\/?page_id=4691\" title=\"Retrouvez l'Album photos de MONS EN LAONNOIS\">Retrouvez l&rsquo;Album photos de MONS EN LAONNOIS<\/a><\/p>\n<p><iframe loading=\"lazy\" title=\"entre le jour et la nuit\" width=\"640\" height=\"360\" src=\"https:\/\/www.youtube.com\/embed\/TVtnsEIpMoE?feature=oembed\" frameborder=\"0\" allow=\"accelerometer; autoplay; clipboard-write; encrypted-media; gyroscope; picture-in-picture; web-share\" referrerpolicy=\"strict-origin-when-cross-origin\" allowfullscreen><\/iframe><\/p>\n","protected":false},"excerpt":{"rendered":"<p>ENTRE LE JOUR ET LA NUIT est une com\u00e9die d&rsquo;Hugues de ROSAMEL. Le sujet: Au lever du jour, un banc public, un lampadaire, deux clochardes. Zita d\u00e9couvre Bienvenue sous son banc. A priori elles n\u2019ont rien \u00e0 se dire, elles se diront tout ou presque tout. Incompr\u00e9hensions, frustrations, fantasmes, \u00e9preuves, les hommes, alimentent leurs discussions.<\/p>\n<p><a class=\"excerpt-more blog-excerpt\" href=\"https:\/\/comedialaon.fr\/?page_id=938\">Lire la suite<\/a><\/p>\n","protected":false},"author":1,"featured_media":0,"parent":0,"menu_order":0,"comment_status":"closed","ping_status":"closed","template":"","meta":{"footnotes":""},"class_list":["post-938","page","type-page","status-publish","hentry"],"yoast_head":"<!-- This site is optimized with the Yoast SEO plugin v27.5 - https:\/\/yoast.com\/product\/yoast-seo-wordpress\/ -->\n<title>ENTRE LE JOUR ET LA NUIT &#8226; Com\u00e9dia Laon<\/title>\n<meta name=\"robots\" content=\"index, follow, max-snippet:-1, max-image-preview:large, max-video-preview:-1\" \/>\n<link rel=\"canonical\" href=\"https:\/\/comedialaon.fr\/?page_id=938\" \/>\n<meta property=\"og:locale\" content=\"fr_FR\" \/>\n<meta property=\"og:type\" content=\"article\" \/>\n<meta property=\"og:title\" content=\"ENTRE LE JOUR ET LA NUIT &#8226; Com\u00e9dia Laon\" \/>\n<meta property=\"og:description\" content=\"ENTRE LE JOUR ET LA NUIT est une com\u00e9die d&rsquo;Hugues de ROSAMEL. Le sujet: Au lever du jour, un banc public, un lampadaire, deux clochardes. Zita d\u00e9couvre Bienvenue sous son banc. A priori elles n\u2019ont rien \u00e0 se dire, elles se diront tout ou presque tout. Incompr\u00e9hensions, frustrations, fantasmes, \u00e9preuves, les hommes, alimentent leurs discussions.Lire la suite\" \/>\n<meta property=\"og:url\" content=\"https:\/\/comedialaon.fr\/?page_id=938\" \/>\n<meta property=\"og:site_name\" content=\"Com\u00e9dia Laon\" \/>\n<meta property=\"article:publisher\" content=\"https:\/\/www.facebook.com\/profile.php?id=100008459438996\" \/>\n<meta property=\"article:modified_time\" content=\"2022-10-07T09:11:35+00:00\" \/>\n<meta name=\"twitter:label1\" content=\"Dur\u00e9e de lecture estim\u00e9e\" \/>\n\t<meta name=\"twitter:data1\" content=\"1 minute\" \/>\n<script type=\"application\/ld+json\" class=\"yoast-schema-graph\">{\"@context\":\"https:\\\/\\\/schema.org\",\"@graph\":[{\"@type\":\"WebPage\",\"@id\":\"https:\\\/\\\/comedialaon.fr\\\/?page_id=938\",\"url\":\"https:\\\/\\\/comedialaon.fr\\\/?page_id=938\",\"name\":\"ENTRE LE JOUR ET LA NUIT &#8226; Com\u00e9dia Laon\",\"isPartOf\":{\"@id\":\"https:\\\/\\\/comedialaon.fr\\\/#website\"},\"datePublished\":\"2016-02-06T21:05:03+00:00\",\"dateModified\":\"2022-10-07T09:11:35+00:00\",\"breadcrumb\":{\"@id\":\"https:\\\/\\\/comedialaon.fr\\\/?page_id=938#breadcrumb\"},\"inLanguage\":\"fr-FR\",\"potentialAction\":[{\"@type\":\"ReadAction\",\"target\":[\"https:\\\/\\\/comedialaon.fr\\\/?page_id=938\"]}]},{\"@type\":\"BreadcrumbList\",\"@id\":\"https:\\\/\\\/comedialaon.fr\\\/?page_id=938#breadcrumb\",\"itemListElement\":[{\"@type\":\"ListItem\",\"position\":1,\"name\":\"Accueil\",\"item\":\"https:\\\/\\\/comedialaon.fr\\\/\"},{\"@type\":\"ListItem\",\"position\":2,\"name\":\"ENTRE LE JOUR ET LA NUIT\"}]},{\"@type\":\"WebSite\",\"@id\":\"https:\\\/\\\/comedialaon.fr\\\/#website\",\"url\":\"https:\\\/\\\/comedialaon.fr\\\/\",\"name\":\"Com\u00e9dia Laon\",\"description\":\"Prendre et donner du PLAISIR ... !!! ;-)\",\"publisher\":{\"@id\":\"https:\\\/\\\/comedialaon.fr\\\/#organization\"},\"potentialAction\":[{\"@type\":\"SearchAction\",\"target\":{\"@type\":\"EntryPoint\",\"urlTemplate\":\"https:\\\/\\\/comedialaon.fr\\\/?s={search_term_string}\"},\"query-input\":{\"@type\":\"PropertyValueSpecification\",\"valueRequired\":true,\"valueName\":\"search_term_string\"}}],\"inLanguage\":\"fr-FR\"},{\"@type\":\"Organization\",\"@id\":\"https:\\\/\\\/comedialaon.fr\\\/#organization\",\"name\":\"Com\u00e9dia Laon\",\"url\":\"https:\\\/\\\/comedialaon.fr\\\/\",\"logo\":{\"@type\":\"ImageObject\",\"inLanguage\":\"fr-FR\",\"@id\":\"https:\\\/\\\/comedialaon.fr\\\/#\\\/schema\\\/logo\\\/image\\\/\",\"url\":\"https:\\\/\\\/comedialaon.fr\\\/wp-content\\\/uploads\\\/2019\\\/02\\\/LOGO-CL-et-OL.jpg\",\"contentUrl\":\"https:\\\/\\\/comedialaon.fr\\\/wp-content\\\/uploads\\\/2019\\\/02\\\/LOGO-CL-et-OL.jpg\",\"width\":756,\"height\":210,\"caption\":\"Com\u00e9dia Laon\"},\"image\":{\"@id\":\"https:\\\/\\\/comedialaon.fr\\\/#\\\/schema\\\/logo\\\/image\\\/\"},\"sameAs\":[\"https:\\\/\\\/www.facebook.com\\\/profile.php?id=100008459438996\",\"https:\\\/\\\/www.youtube.com\\\/results?search_query=comedia laon\"]}]}<\/script>\n<!-- \/ Yoast SEO plugin. -->","yoast_head_json":{"title":"ENTRE LE JOUR ET LA NUIT &#8226; Com\u00e9dia Laon","robots":{"index":"index","follow":"follow","max-snippet":"max-snippet:-1","max-image-preview":"max-image-preview:large","max-video-preview":"max-video-preview:-1"},"canonical":"https:\/\/comedialaon.fr\/?page_id=938","og_locale":"fr_FR","og_type":"article","og_title":"ENTRE LE JOUR ET LA NUIT &#8226; Com\u00e9dia Laon","og_description":"ENTRE LE JOUR ET LA NUIT est une com\u00e9die d&rsquo;Hugues de ROSAMEL. Le sujet: Au lever du jour, un banc public, un lampadaire, deux clochardes. Zita d\u00e9couvre Bienvenue sous son banc. A priori elles n\u2019ont rien \u00e0 se dire, elles se diront tout ou presque tout. Incompr\u00e9hensions, frustrations, fantasmes, \u00e9preuves, les hommes, alimentent leurs discussions.Lire la suite","og_url":"https:\/\/comedialaon.fr\/?page_id=938","og_site_name":"Com\u00e9dia Laon","article_publisher":"https:\/\/www.facebook.com\/profile.php?id=100008459438996","article_modified_time":"2022-10-07T09:11:35+00:00","twitter_misc":{"Dur\u00e9e de lecture estim\u00e9e":"1 minute"},"schema":{"@context":"https:\/\/schema.org","@graph":[{"@type":"WebPage","@id":"https:\/\/comedialaon.fr\/?page_id=938","url":"https:\/\/comedialaon.fr\/?page_id=938","name":"ENTRE LE JOUR ET LA NUIT &#8226; Com\u00e9dia Laon","isPartOf":{"@id":"https:\/\/comedialaon.fr\/#website"},"datePublished":"2016-02-06T21:05:03+00:00","dateModified":"2022-10-07T09:11:35+00:00","breadcrumb":{"@id":"https:\/\/comedialaon.fr\/?page_id=938#breadcrumb"},"inLanguage":"fr-FR","potentialAction":[{"@type":"ReadAction","target":["https:\/\/comedialaon.fr\/?page_id=938"]}]},{"@type":"BreadcrumbList","@id":"https:\/\/comedialaon.fr\/?page_id=938#breadcrumb","itemListElement":[{"@type":"ListItem","position":1,"name":"Accueil","item":"https:\/\/comedialaon.fr\/"},{"@type":"ListItem","position":2,"name":"ENTRE LE JOUR ET LA NUIT"}]},{"@type":"WebSite","@id":"https:\/\/comedialaon.fr\/#website","url":"https:\/\/comedialaon.fr\/","name":"Com\u00e9dia Laon","description":"Prendre et donner du PLAISIR ... !!! ;-)","publisher":{"@id":"https:\/\/comedialaon.fr\/#organization"},"potentialAction":[{"@type":"SearchAction","target":{"@type":"EntryPoint","urlTemplate":"https:\/\/comedialaon.fr\/?s={search_term_string}"},"query-input":{"@type":"PropertyValueSpecification","valueRequired":true,"valueName":"search_term_string"}}],"inLanguage":"fr-FR"},{"@type":"Organization","@id":"https:\/\/comedialaon.fr\/#organization","name":"Com\u00e9dia Laon","url":"https:\/\/comedialaon.fr\/","logo":{"@type":"ImageObject","inLanguage":"fr-FR","@id":"https:\/\/comedialaon.fr\/#\/schema\/logo\/image\/","url":"https:\/\/comedialaon.fr\/wp-content\/uploads\/2019\/02\/LOGO-CL-et-OL.jpg","contentUrl":"https:\/\/comedialaon.fr\/wp-content\/uploads\/2019\/02\/LOGO-CL-et-OL.jpg","width":756,"height":210,"caption":"Com\u00e9dia Laon"},"image":{"@id":"https:\/\/comedialaon.fr\/#\/schema\/logo\/image\/"},"sameAs":["https:\/\/www.facebook.com\/profile.php?id=100008459438996","https:\/\/www.youtube.com\/results?search_query=comedia laon"]}]}},"_links":{"self":[{"href":"https:\/\/comedialaon.fr\/index.php?rest_route=\/wp\/v2\/pages\/938","targetHints":{"allow":["GET"]}}],"collection":[{"href":"https:\/\/comedialaon.fr\/index.php?rest_route=\/wp\/v2\/pages"}],"about":[{"href":"https:\/\/comedialaon.fr\/index.php?rest_route=\/wp\/v2\/types\/page"}],"author":[{"embeddable":true,"href":"https:\/\/comedialaon.fr\/index.php?rest_route=\/wp\/v2\/users\/1"}],"replies":[{"embeddable":true,"href":"https:\/\/comedialaon.fr\/index.php?rest_route=%2Fwp%2Fv2%2Fcomments&post=938"}],"version-history":[{"count":18,"href":"https:\/\/comedialaon.fr\/index.php?rest_route=\/wp\/v2\/pages\/938\/revisions"}],"predecessor-version":[{"id":8109,"href":"https:\/\/comedialaon.fr\/index.php?rest_route=\/wp\/v2\/pages\/938\/revisions\/8109"}],"wp:attachment":[{"href":"https:\/\/comedialaon.fr\/index.php?rest_route=%2Fwp%2Fv2%2Fmedia&parent=938"}],"curies":[{"name":"wp","href":"https:\/\/api.w.org\/{rel}","templated":true}]}}