{"id":8975,"date":"2024-07-14T12:09:23","date_gmt":"2024-07-14T10:09:23","guid":{"rendered":"https:\/\/comedialaon.fr\/?page_id=8975"},"modified":"2024-07-14T12:09:23","modified_gmt":"2024-07-14T10:09:23","slug":"jean-dell","status":"publish","type":"page","link":"https:\/\/comedialaon.fr\/?page_id=8975","title":{"rendered":"Jean DELL"},"content":{"rendered":"<div id=\"attachment_8977\" style=\"width: 310px\" class=\"wp-caption alignleft\"><a href=\"https:\/\/comedialaon.fr\/wp-content\/uploads\/2024\/07\/Jean-DELL.jpg\"><img loading=\"lazy\" decoding=\"async\" aria-describedby=\"caption-attachment-8977\" src=\"https:\/\/comedialaon.fr\/wp-content\/uploads\/2024\/07\/Jean-DELL-300x276.jpg\" alt=\"\" width=\"300\" height=\"276\" class=\"size-medium wp-image-8977\" srcset=\"https:\/\/comedialaon.fr\/wp-content\/uploads\/2024\/07\/Jean-DELL-300x276.jpg 300w, https:\/\/comedialaon.fr\/wp-content\/uploads\/2024\/07\/Jean-DELL.jpg 652w\" sizes=\"auto, (max-width: 300px) 100vw, 300px\" \/><\/a><p id=\"caption-attachment-8977\" class=\"wp-caption-text\">Jean DELL com\u00e9dien, sc\u00e9nariste et auteur de th\u00e9\u00e2tre fran\u00e7ais<\/p><\/div>\n<p>Jean Dell est un com\u00e9dien, sc\u00e9nariste et auteur de th\u00e9\u00e2tre fran\u00e7ais. Outre de nombreuses s\u00e9ries \u00e0 succ\u00e8s dont \u201cUn Gars, Une Fille\u201d ou \u201cNestor Burma\u201d, il joue pendant dix ans dans la s\u00e9rie \u201cLe juge est une femme\u201d qu&rsquo;il quitte en 2011. Il interpr\u00e8te, par la suite, Michel Brimont, proviseur et professeur du lyc\u00e9e Jacques Pr\u00e9vert dans la s\u00e9rie \u201cClem\u201d. il a \u00e9galement tourn\u00e9 une trentaine de films sous la direction notamment de Bertrand Blier, Francis Veber, ou encore Olivier Dahan.<\/p>\n<p>Il est aussi connu comme auteur de th\u00e9\u00e2tre, notamment en collaboration avec G\u00e9rald Sibleyras qu\u2019il a rencontr\u00e9 sur France Inter et avec qui il a \u00e9crit la pi\u00e8ce \u00e0 succ\u00e8s (5 Moli\u00e8res) \u201cUn petit jeu sans cons\u00e9quences\u201d, adapt\u00e9 ensuite au cin\u00e9ma avec Sandrine Kimberlain et Yvan Attal, ou encore \u201cle B\u00e9ret de la tortue\u201d. Il est \u00e9galement l\u2019auteur de la pi\u00e8ce \u201cVive Bouchon\u201d.<\/p>\n<p>C&rsquo;est en 2012 qu&rsquo;il \u00e9crit sa pi\u00e8ce \u201cUn stylo dans la t\u00eate\u201d qui sera \u00e0 l&rsquo;affiche en 2013 avec notamment Francis PERRIN sur une mise en sc\u00e8ne de Jean-Luc MOREAU.<\/p>\n","protected":false},"excerpt":{"rendered":"<p>Jean Dell est un com\u00e9dien, sc\u00e9nariste et auteur de th\u00e9\u00e2tre fran\u00e7ais. Outre de nombreuses s\u00e9ries \u00e0 succ\u00e8s dont \u201cUn Gars, Une Fille\u201d ou \u201cNestor Burma\u201d, il joue pendant dix ans dans la s\u00e9rie \u201cLe juge est une femme\u201d qu&rsquo;il quitte en 2011. Il interpr\u00e8te, par la suite, Michel Brimont, proviseur et professeur du lyc\u00e9e Jacques<\/p>\n<p><a class=\"excerpt-more blog-excerpt\" href=\"https:\/\/comedialaon.fr\/?page_id=8975\">Lire la suite<\/a><\/p>\n","protected":false},"author":1,"featured_media":0,"parent":0,"menu_order":0,"comment_status":"closed","ping_status":"closed","template":"","meta":{"footnotes":""},"class_list":["post-8975","page","type-page","status-publish","hentry"],"yoast_head":"<!-- This site is optimized with the Yoast SEO plugin v27.5 - https:\/\/yoast.com\/product\/yoast-seo-wordpress\/ -->\n<title>Jean DELL &#8226; Com\u00e9dia Laon<\/title>\n<meta name=\"robots\" content=\"index, follow, max-snippet:-1, max-image-preview:large, max-video-preview:-1\" \/>\n<link rel=\"canonical\" href=\"https:\/\/comedialaon.fr\/?page_id=8975\" \/>\n<meta property=\"og:locale\" content=\"fr_FR\" \/>\n<meta property=\"og:type\" content=\"article\" \/>\n<meta property=\"og:title\" content=\"Jean DELL &#8226; Com\u00e9dia Laon\" \/>\n<meta property=\"og:description\" content=\"Jean Dell est un com\u00e9dien, sc\u00e9nariste et auteur de th\u00e9\u00e2tre fran\u00e7ais. Outre de nombreuses s\u00e9ries \u00e0 succ\u00e8s dont \u201cUn Gars, Une Fille\u201d ou \u201cNestor Burma\u201d, il joue pendant dix ans dans la s\u00e9rie \u201cLe juge est une femme\u201d qu&rsquo;il quitte en 2011. Il interpr\u00e8te, par la suite, Michel Brimont, proviseur et professeur du lyc\u00e9e JacquesLire la suite\" \/>\n<meta property=\"og:url\" content=\"https:\/\/comedialaon.fr\/?page_id=8975\" \/>\n<meta property=\"og:site_name\" content=\"Com\u00e9dia Laon\" \/>\n<meta property=\"article:publisher\" content=\"https:\/\/www.facebook.com\/profile.php?id=100008459438996\" \/>\n<meta property=\"og:image\" content=\"https:\/\/comedialaon.fr\/wp-content\/uploads\/2024\/07\/Jean-DELL-300x276.jpg\" \/>\n<meta name=\"twitter:label1\" content=\"Dur\u00e9e de lecture estim\u00e9e\" \/>\n\t<meta name=\"twitter:data1\" content=\"2 minutes\" \/>\n<script type=\"application\/ld+json\" class=\"yoast-schema-graph\">{\"@context\":\"https:\\\/\\\/schema.org\",\"@graph\":[{\"@type\":\"WebPage\",\"@id\":\"https:\\\/\\\/comedialaon.fr\\\/?page_id=8975\",\"url\":\"https:\\\/\\\/comedialaon.fr\\\/?page_id=8975\",\"name\":\"Jean DELL &#8226; Com\u00e9dia Laon\",\"isPartOf\":{\"@id\":\"https:\\\/\\\/comedialaon.fr\\\/#website\"},\"primaryImageOfPage\":{\"@id\":\"https:\\\/\\\/comedialaon.fr\\\/?page_id=8975#primaryimage\"},\"image\":{\"@id\":\"https:\\\/\\\/comedialaon.fr\\\/?page_id=8975#primaryimage\"},\"thumbnailUrl\":\"https:\\\/\\\/comedialaon.fr\\\/wp-content\\\/uploads\\\/2024\\\/07\\\/Jean-DELL-300x276.jpg\",\"datePublished\":\"2024-07-14T10:09:23+00:00\",\"breadcrumb\":{\"@id\":\"https:\\\/\\\/comedialaon.fr\\\/?page_id=8975#breadcrumb\"},\"inLanguage\":\"fr-FR\",\"potentialAction\":[{\"@type\":\"ReadAction\",\"target\":[\"https:\\\/\\\/comedialaon.fr\\\/?page_id=8975\"]}]},{\"@type\":\"ImageObject\",\"inLanguage\":\"fr-FR\",\"@id\":\"https:\\\/\\\/comedialaon.fr\\\/?page_id=8975#primaryimage\",\"url\":\"https:\\\/\\\/comedialaon.fr\\\/wp-content\\\/uploads\\\/2024\\\/07\\\/Jean-DELL.jpg\",\"contentUrl\":\"https:\\\/\\\/comedialaon.fr\\\/wp-content\\\/uploads\\\/2024\\\/07\\\/Jean-DELL.jpg\",\"width\":652,\"height\":600,\"caption\":\"Jean DELL com\u00e9dien, sc\u00e9nariste et auteur de th\u00e9\u00e2tre fran\u00e7ais\"},{\"@type\":\"BreadcrumbList\",\"@id\":\"https:\\\/\\\/comedialaon.fr\\\/?page_id=8975#breadcrumb\",\"itemListElement\":[{\"@type\":\"ListItem\",\"position\":1,\"name\":\"Accueil\",\"item\":\"https:\\\/\\\/comedialaon.fr\\\/\"},{\"@type\":\"ListItem\",\"position\":2,\"name\":\"Jean DELL\"}]},{\"@type\":\"WebSite\",\"@id\":\"https:\\\/\\\/comedialaon.fr\\\/#website\",\"url\":\"https:\\\/\\\/comedialaon.fr\\\/\",\"name\":\"Com\u00e9dia Laon\",\"description\":\"Prendre et donner du PLAISIR ... !!! ;-)\",\"publisher\":{\"@id\":\"https:\\\/\\\/comedialaon.fr\\\/#organization\"},\"potentialAction\":[{\"@type\":\"SearchAction\",\"target\":{\"@type\":\"EntryPoint\",\"urlTemplate\":\"https:\\\/\\\/comedialaon.fr\\\/?s={search_term_string}\"},\"query-input\":{\"@type\":\"PropertyValueSpecification\",\"valueRequired\":true,\"valueName\":\"search_term_string\"}}],\"inLanguage\":\"fr-FR\"},{\"@type\":\"Organization\",\"@id\":\"https:\\\/\\\/comedialaon.fr\\\/#organization\",\"name\":\"Com\u00e9dia Laon\",\"url\":\"https:\\\/\\\/comedialaon.fr\\\/\",\"logo\":{\"@type\":\"ImageObject\",\"inLanguage\":\"fr-FR\",\"@id\":\"https:\\\/\\\/comedialaon.fr\\\/#\\\/schema\\\/logo\\\/image\\\/\",\"url\":\"https:\\\/\\\/comedialaon.fr\\\/wp-content\\\/uploads\\\/2019\\\/02\\\/LOGO-CL-et-OL.jpg\",\"contentUrl\":\"https:\\\/\\\/comedialaon.fr\\\/wp-content\\\/uploads\\\/2019\\\/02\\\/LOGO-CL-et-OL.jpg\",\"width\":756,\"height\":210,\"caption\":\"Com\u00e9dia Laon\"},\"image\":{\"@id\":\"https:\\\/\\\/comedialaon.fr\\\/#\\\/schema\\\/logo\\\/image\\\/\"},\"sameAs\":[\"https:\\\/\\\/www.facebook.com\\\/profile.php?id=100008459438996\",\"https:\\\/\\\/www.youtube.com\\\/results?search_query=comedia laon\"]}]}<\/script>\n<!-- \/ Yoast SEO plugin. -->","yoast_head_json":{"title":"Jean DELL &#8226; Com\u00e9dia Laon","robots":{"index":"index","follow":"follow","max-snippet":"max-snippet:-1","max-image-preview":"max-image-preview:large","max-video-preview":"max-video-preview:-1"},"canonical":"https:\/\/comedialaon.fr\/?page_id=8975","og_locale":"fr_FR","og_type":"article","og_title":"Jean DELL &#8226; Com\u00e9dia Laon","og_description":"Jean Dell est un com\u00e9dien, sc\u00e9nariste et auteur de th\u00e9\u00e2tre fran\u00e7ais. Outre de nombreuses s\u00e9ries \u00e0 succ\u00e8s dont \u201cUn Gars, Une Fille\u201d ou \u201cNestor Burma\u201d, il joue pendant dix ans dans la s\u00e9rie \u201cLe juge est une femme\u201d qu&rsquo;il quitte en 2011. Il interpr\u00e8te, par la suite, Michel Brimont, proviseur et professeur du lyc\u00e9e JacquesLire la suite","og_url":"https:\/\/comedialaon.fr\/?page_id=8975","og_site_name":"Com\u00e9dia Laon","article_publisher":"https:\/\/www.facebook.com\/profile.php?id=100008459438996","og_image":[{"url":"https:\/\/comedialaon.fr\/wp-content\/uploads\/2024\/07\/Jean-DELL-300x276.jpg","type":"","width":"","height":""}],"twitter_misc":{"Dur\u00e9e de lecture estim\u00e9e":"2 minutes"},"schema":{"@context":"https:\/\/schema.org","@graph":[{"@type":"WebPage","@id":"https:\/\/comedialaon.fr\/?page_id=8975","url":"https:\/\/comedialaon.fr\/?page_id=8975","name":"Jean DELL &#8226; Com\u00e9dia Laon","isPartOf":{"@id":"https:\/\/comedialaon.fr\/#website"},"primaryImageOfPage":{"@id":"https:\/\/comedialaon.fr\/?page_id=8975#primaryimage"},"image":{"@id":"https:\/\/comedialaon.fr\/?page_id=8975#primaryimage"},"thumbnailUrl":"https:\/\/comedialaon.fr\/wp-content\/uploads\/2024\/07\/Jean-DELL-300x276.jpg","datePublished":"2024-07-14T10:09:23+00:00","breadcrumb":{"@id":"https:\/\/comedialaon.fr\/?page_id=8975#breadcrumb"},"inLanguage":"fr-FR","potentialAction":[{"@type":"ReadAction","target":["https:\/\/comedialaon.fr\/?page_id=8975"]}]},{"@type":"ImageObject","inLanguage":"fr-FR","@id":"https:\/\/comedialaon.fr\/?page_id=8975#primaryimage","url":"https:\/\/comedialaon.fr\/wp-content\/uploads\/2024\/07\/Jean-DELL.jpg","contentUrl":"https:\/\/comedialaon.fr\/wp-content\/uploads\/2024\/07\/Jean-DELL.jpg","width":652,"height":600,"caption":"Jean DELL com\u00e9dien, sc\u00e9nariste et auteur de th\u00e9\u00e2tre fran\u00e7ais"},{"@type":"BreadcrumbList","@id":"https:\/\/comedialaon.fr\/?page_id=8975#breadcrumb","itemListElement":[{"@type":"ListItem","position":1,"name":"Accueil","item":"https:\/\/comedialaon.fr\/"},{"@type":"ListItem","position":2,"name":"Jean DELL"}]},{"@type":"WebSite","@id":"https:\/\/comedialaon.fr\/#website","url":"https:\/\/comedialaon.fr\/","name":"Com\u00e9dia Laon","description":"Prendre et donner du PLAISIR ... !!! ;-)","publisher":{"@id":"https:\/\/comedialaon.fr\/#organization"},"potentialAction":[{"@type":"SearchAction","target":{"@type":"EntryPoint","urlTemplate":"https:\/\/comedialaon.fr\/?s={search_term_string}"},"query-input":{"@type":"PropertyValueSpecification","valueRequired":true,"valueName":"search_term_string"}}],"inLanguage":"fr-FR"},{"@type":"Organization","@id":"https:\/\/comedialaon.fr\/#organization","name":"Com\u00e9dia Laon","url":"https:\/\/comedialaon.fr\/","logo":{"@type":"ImageObject","inLanguage":"fr-FR","@id":"https:\/\/comedialaon.fr\/#\/schema\/logo\/image\/","url":"https:\/\/comedialaon.fr\/wp-content\/uploads\/2019\/02\/LOGO-CL-et-OL.jpg","contentUrl":"https:\/\/comedialaon.fr\/wp-content\/uploads\/2019\/02\/LOGO-CL-et-OL.jpg","width":756,"height":210,"caption":"Com\u00e9dia Laon"},"image":{"@id":"https:\/\/comedialaon.fr\/#\/schema\/logo\/image\/"},"sameAs":["https:\/\/www.facebook.com\/profile.php?id=100008459438996","https:\/\/www.youtube.com\/results?search_query=comedia laon"]}]}},"_links":{"self":[{"href":"https:\/\/comedialaon.fr\/index.php?rest_route=\/wp\/v2\/pages\/8975","targetHints":{"allow":["GET"]}}],"collection":[{"href":"https:\/\/comedialaon.fr\/index.php?rest_route=\/wp\/v2\/pages"}],"about":[{"href":"https:\/\/comedialaon.fr\/index.php?rest_route=\/wp\/v2\/types\/page"}],"author":[{"embeddable":true,"href":"https:\/\/comedialaon.fr\/index.php?rest_route=\/wp\/v2\/users\/1"}],"replies":[{"embeddable":true,"href":"https:\/\/comedialaon.fr\/index.php?rest_route=%2Fwp%2Fv2%2Fcomments&post=8975"}],"version-history":[{"count":10,"href":"https:\/\/comedialaon.fr\/index.php?rest_route=\/wp\/v2\/pages\/8975\/revisions"}],"predecessor-version":[{"id":8988,"href":"https:\/\/comedialaon.fr\/index.php?rest_route=\/wp\/v2\/pages\/8975\/revisions\/8988"}],"wp:attachment":[{"href":"https:\/\/comedialaon.fr\/index.php?rest_route=%2Fwp%2Fv2%2Fmedia&parent=8975"}],"curies":[{"name":"wp","href":"https:\/\/api.w.org\/{rel}","templated":true}]}}