{"id":887,"date":"2015-08-17T20:42:17","date_gmt":"2015-08-17T18:42:17","guid":{"rendered":"https:\/\/comedialaon.fr\/?page_id=887"},"modified":"2022-10-07T11:12:57","modified_gmt":"2022-10-07T09:12:57","slug":"hugues-de-rosamel","status":"publish","type":"page","link":"https:\/\/comedialaon.fr\/?page_id=887","title":{"rendered":"Hugues de ROSAMEL"},"content":{"rendered":"<p>Hugues de ROSAMEL appartient \u00e0 la g\u00e9n\u00e9ration des auteurs \u201cn\u00e9s\u201d avec l\u2019\u00e9mission de t\u00e9l\u00e9vision :<br \/>\n\u201cAu th\u00e9\u00e2tre ce soir.\u201d<br \/>\nLes com\u00e9dies polici\u00e8res de Robert Thomas, le regard amus\u00e9 et sarcastique sur notre soci\u00e9t\u00e9 de Robert Lamoureux, le raffinement et la subtilit\u00e9 des pi\u00e8ces de Sacha Guitry l\u2019ont fascin\u00e9 et consid\u00e9rablement influenc\u00e9. Et puis il y a eu sa rencontre avec Sylvie Joly, qui l\u2019a  farouchement encourag\u00e9 \u00e0 pers\u00e9v\u00e9rer. <\/p>\n<p>Voici quelques textes de l&rsquo;auteur :<\/p>\n<p>\u201cCh\u00e8re Tantine\u201d (3H 4F), \u201cFaux et usage de fous\u201d (2H), \u201cLa Carpette se rebiffe\u201d (3H 3F),<br \/>\n\u201cLa Premi\u00e8re T\u00e9l\u00e9\u201d (1 H 2F), \u201cLa Vie au bout du fil\u201d (6H 6F), \u201cMarthe et Cl\u00e9mentine\u201d (4H 4F),<br \/>\n\u201cPetits paris entre amis\u201d (3H 3F), \u201cVeuve, mais pas trop&#8230;\u201d (4H 6F), \u201cEn le jour et la nuit\u201d (2F), &#8230; <a href=\"https:\/\/www.leproscenium.com\/ListePieceAuteur.php?IdAuteur=1040\" title=\"Plus d'informations ici\"> Plus d&rsquo;informations ici <\/a><\/p>\n<p><a href=\"https:\/\/comedialaon.fr\/?page_id=8071\" title=\"Album photos Hugues de ROSAMEL\">Album photos Hugues de ROSAMEL <\/a><\/p>\n","protected":false},"excerpt":{"rendered":"<p>Hugues de ROSAMEL appartient \u00e0 la g\u00e9n\u00e9ration des auteurs \u201cn\u00e9s\u201d avec l\u2019\u00e9mission de t\u00e9l\u00e9vision : \u201cAu th\u00e9\u00e2tre ce soir.\u201d Les com\u00e9dies polici\u00e8res de Robert Thomas, le regard amus\u00e9 et sarcastique sur notre soci\u00e9t\u00e9 de Robert Lamoureux, le raffinement et la subtilit\u00e9 des pi\u00e8ces de Sacha Guitry l\u2019ont fascin\u00e9 et consid\u00e9rablement influenc\u00e9. Et puis il y<\/p>\n<p><a class=\"excerpt-more blog-excerpt\" href=\"https:\/\/comedialaon.fr\/?page_id=887\">Lire la suite<\/a><\/p>\n","protected":false},"author":1,"featured_media":889,"parent":0,"menu_order":0,"comment_status":"closed","ping_status":"closed","template":"","meta":{"footnotes":""},"class_list":["post-887","page","type-page","status-publish","has-post-thumbnail","hentry"],"yoast_head":"<!-- This site is optimized with the Yoast SEO plugin v27.5 - https:\/\/yoast.com\/product\/yoast-seo-wordpress\/ -->\n<title>Hugues de ROSAMEL &#8226; Com\u00e9dia Laon<\/title>\n<meta name=\"robots\" content=\"index, follow, max-snippet:-1, max-image-preview:large, max-video-preview:-1\" \/>\n<link rel=\"canonical\" href=\"https:\/\/comedialaon.fr\/?page_id=887\" \/>\n<meta property=\"og:locale\" content=\"fr_FR\" \/>\n<meta property=\"og:type\" content=\"article\" \/>\n<meta property=\"og:title\" content=\"Hugues de ROSAMEL &#8226; Com\u00e9dia Laon\" \/>\n<meta property=\"og:description\" content=\"Hugues de ROSAMEL appartient \u00e0 la g\u00e9n\u00e9ration des auteurs \u201cn\u00e9s\u201d avec l\u2019\u00e9mission de t\u00e9l\u00e9vision : \u201cAu th\u00e9\u00e2tre ce soir.\u201d Les com\u00e9dies polici\u00e8res de Robert Thomas, le regard amus\u00e9 et sarcastique sur notre soci\u00e9t\u00e9 de Robert Lamoureux, le raffinement et la subtilit\u00e9 des pi\u00e8ces de Sacha Guitry l\u2019ont fascin\u00e9 et consid\u00e9rablement influenc\u00e9. Et puis il yLire la suite\" \/>\n<meta property=\"og:url\" content=\"https:\/\/comedialaon.fr\/?page_id=887\" \/>\n<meta property=\"og:site_name\" content=\"Com\u00e9dia Laon\" \/>\n<meta property=\"article:publisher\" content=\"https:\/\/www.facebook.com\/profile.php?id=100008459438996\" \/>\n<meta property=\"article:modified_time\" content=\"2022-10-07T09:12:57+00:00\" \/>\n<meta property=\"og:image\" content=\"https:\/\/comedialaon.fr\/wp-content\/uploads\/2015\/08\/Hugues-2.jpg\" \/>\n\t<meta property=\"og:image:width\" content=\"438\" \/>\n\t<meta property=\"og:image:height\" content=\"606\" \/>\n\t<meta property=\"og:image:type\" content=\"image\/jpeg\" \/>\n<meta name=\"twitter:label1\" content=\"Dur\u00e9e de lecture estim\u00e9e\" \/>\n\t<meta name=\"twitter:data1\" content=\"1 minute\" \/>\n<script type=\"application\/ld+json\" class=\"yoast-schema-graph\">{\"@context\":\"https:\\\/\\\/schema.org\",\"@graph\":[{\"@type\":\"WebPage\",\"@id\":\"https:\\\/\\\/comedialaon.fr\\\/?page_id=887\",\"url\":\"https:\\\/\\\/comedialaon.fr\\\/?page_id=887\",\"name\":\"Hugues de ROSAMEL &#8226; Com\u00e9dia Laon\",\"isPartOf\":{\"@id\":\"https:\\\/\\\/comedialaon.fr\\\/#website\"},\"primaryImageOfPage\":{\"@id\":\"https:\\\/\\\/comedialaon.fr\\\/?page_id=887#primaryimage\"},\"image\":{\"@id\":\"https:\\\/\\\/comedialaon.fr\\\/?page_id=887#primaryimage\"},\"thumbnailUrl\":\"https:\\\/\\\/comedialaon.fr\\\/wp-content\\\/uploads\\\/2015\\\/08\\\/Hugues-2.jpg\",\"datePublished\":\"2015-08-17T18:42:17+00:00\",\"dateModified\":\"2022-10-07T09:12:57+00:00\",\"breadcrumb\":{\"@id\":\"https:\\\/\\\/comedialaon.fr\\\/?page_id=887#breadcrumb\"},\"inLanguage\":\"fr-FR\",\"potentialAction\":[{\"@type\":\"ReadAction\",\"target\":[\"https:\\\/\\\/comedialaon.fr\\\/?page_id=887\"]}]},{\"@type\":\"ImageObject\",\"inLanguage\":\"fr-FR\",\"@id\":\"https:\\\/\\\/comedialaon.fr\\\/?page_id=887#primaryimage\",\"url\":\"https:\\\/\\\/comedialaon.fr\\\/wp-content\\\/uploads\\\/2015\\\/08\\\/Hugues-2.jpg\",\"contentUrl\":\"https:\\\/\\\/comedialaon.fr\\\/wp-content\\\/uploads\\\/2015\\\/08\\\/Hugues-2.jpg\",\"width\":438,\"height\":606,\"caption\":\"Hugues DE ROSAMEL\"},{\"@type\":\"BreadcrumbList\",\"@id\":\"https:\\\/\\\/comedialaon.fr\\\/?page_id=887#breadcrumb\",\"itemListElement\":[{\"@type\":\"ListItem\",\"position\":1,\"name\":\"Accueil\",\"item\":\"https:\\\/\\\/comedialaon.fr\\\/\"},{\"@type\":\"ListItem\",\"position\":2,\"name\":\"Hugues de ROSAMEL\"}]},{\"@type\":\"WebSite\",\"@id\":\"https:\\\/\\\/comedialaon.fr\\\/#website\",\"url\":\"https:\\\/\\\/comedialaon.fr\\\/\",\"name\":\"Com\u00e9dia Laon\",\"description\":\"Prendre et donner du PLAISIR ... !!! ;-)\",\"publisher\":{\"@id\":\"https:\\\/\\\/comedialaon.fr\\\/#organization\"},\"potentialAction\":[{\"@type\":\"SearchAction\",\"target\":{\"@type\":\"EntryPoint\",\"urlTemplate\":\"https:\\\/\\\/comedialaon.fr\\\/?s={search_term_string}\"},\"query-input\":{\"@type\":\"PropertyValueSpecification\",\"valueRequired\":true,\"valueName\":\"search_term_string\"}}],\"inLanguage\":\"fr-FR\"},{\"@type\":\"Organization\",\"@id\":\"https:\\\/\\\/comedialaon.fr\\\/#organization\",\"name\":\"Com\u00e9dia Laon\",\"url\":\"https:\\\/\\\/comedialaon.fr\\\/\",\"logo\":{\"@type\":\"ImageObject\",\"inLanguage\":\"fr-FR\",\"@id\":\"https:\\\/\\\/comedialaon.fr\\\/#\\\/schema\\\/logo\\\/image\\\/\",\"url\":\"https:\\\/\\\/comedialaon.fr\\\/wp-content\\\/uploads\\\/2019\\\/02\\\/LOGO-CL-et-OL.jpg\",\"contentUrl\":\"https:\\\/\\\/comedialaon.fr\\\/wp-content\\\/uploads\\\/2019\\\/02\\\/LOGO-CL-et-OL.jpg\",\"width\":756,\"height\":210,\"caption\":\"Com\u00e9dia Laon\"},\"image\":{\"@id\":\"https:\\\/\\\/comedialaon.fr\\\/#\\\/schema\\\/logo\\\/image\\\/\"},\"sameAs\":[\"https:\\\/\\\/www.facebook.com\\\/profile.php?id=100008459438996\",\"https:\\\/\\\/www.youtube.com\\\/results?search_query=comedia laon\"]}]}<\/script>\n<!-- \/ Yoast SEO plugin. -->","yoast_head_json":{"title":"Hugues de ROSAMEL &#8226; Com\u00e9dia Laon","robots":{"index":"index","follow":"follow","max-snippet":"max-snippet:-1","max-image-preview":"max-image-preview:large","max-video-preview":"max-video-preview:-1"},"canonical":"https:\/\/comedialaon.fr\/?page_id=887","og_locale":"fr_FR","og_type":"article","og_title":"Hugues de ROSAMEL &#8226; Com\u00e9dia Laon","og_description":"Hugues de ROSAMEL appartient \u00e0 la g\u00e9n\u00e9ration des auteurs \u201cn\u00e9s\u201d avec l\u2019\u00e9mission de t\u00e9l\u00e9vision : \u201cAu th\u00e9\u00e2tre ce soir.\u201d Les com\u00e9dies polici\u00e8res de Robert Thomas, le regard amus\u00e9 et sarcastique sur notre soci\u00e9t\u00e9 de Robert Lamoureux, le raffinement et la subtilit\u00e9 des pi\u00e8ces de Sacha Guitry l\u2019ont fascin\u00e9 et consid\u00e9rablement influenc\u00e9. Et puis il yLire la suite","og_url":"https:\/\/comedialaon.fr\/?page_id=887","og_site_name":"Com\u00e9dia Laon","article_publisher":"https:\/\/www.facebook.com\/profile.php?id=100008459438996","article_modified_time":"2022-10-07T09:12:57+00:00","og_image":[{"width":438,"height":606,"url":"https:\/\/comedialaon.fr\/wp-content\/uploads\/2015\/08\/Hugues-2.jpg","type":"image\/jpeg"}],"twitter_misc":{"Dur\u00e9e de lecture estim\u00e9e":"1 minute"},"schema":{"@context":"https:\/\/schema.org","@graph":[{"@type":"WebPage","@id":"https:\/\/comedialaon.fr\/?page_id=887","url":"https:\/\/comedialaon.fr\/?page_id=887","name":"Hugues de ROSAMEL &#8226; Com\u00e9dia Laon","isPartOf":{"@id":"https:\/\/comedialaon.fr\/#website"},"primaryImageOfPage":{"@id":"https:\/\/comedialaon.fr\/?page_id=887#primaryimage"},"image":{"@id":"https:\/\/comedialaon.fr\/?page_id=887#primaryimage"},"thumbnailUrl":"https:\/\/comedialaon.fr\/wp-content\/uploads\/2015\/08\/Hugues-2.jpg","datePublished":"2015-08-17T18:42:17+00:00","dateModified":"2022-10-07T09:12:57+00:00","breadcrumb":{"@id":"https:\/\/comedialaon.fr\/?page_id=887#breadcrumb"},"inLanguage":"fr-FR","potentialAction":[{"@type":"ReadAction","target":["https:\/\/comedialaon.fr\/?page_id=887"]}]},{"@type":"ImageObject","inLanguage":"fr-FR","@id":"https:\/\/comedialaon.fr\/?page_id=887#primaryimage","url":"https:\/\/comedialaon.fr\/wp-content\/uploads\/2015\/08\/Hugues-2.jpg","contentUrl":"https:\/\/comedialaon.fr\/wp-content\/uploads\/2015\/08\/Hugues-2.jpg","width":438,"height":606,"caption":"Hugues DE ROSAMEL"},{"@type":"BreadcrumbList","@id":"https:\/\/comedialaon.fr\/?page_id=887#breadcrumb","itemListElement":[{"@type":"ListItem","position":1,"name":"Accueil","item":"https:\/\/comedialaon.fr\/"},{"@type":"ListItem","position":2,"name":"Hugues de ROSAMEL"}]},{"@type":"WebSite","@id":"https:\/\/comedialaon.fr\/#website","url":"https:\/\/comedialaon.fr\/","name":"Com\u00e9dia Laon","description":"Prendre et donner du PLAISIR ... !!! ;-)","publisher":{"@id":"https:\/\/comedialaon.fr\/#organization"},"potentialAction":[{"@type":"SearchAction","target":{"@type":"EntryPoint","urlTemplate":"https:\/\/comedialaon.fr\/?s={search_term_string}"},"query-input":{"@type":"PropertyValueSpecification","valueRequired":true,"valueName":"search_term_string"}}],"inLanguage":"fr-FR"},{"@type":"Organization","@id":"https:\/\/comedialaon.fr\/#organization","name":"Com\u00e9dia Laon","url":"https:\/\/comedialaon.fr\/","logo":{"@type":"ImageObject","inLanguage":"fr-FR","@id":"https:\/\/comedialaon.fr\/#\/schema\/logo\/image\/","url":"https:\/\/comedialaon.fr\/wp-content\/uploads\/2019\/02\/LOGO-CL-et-OL.jpg","contentUrl":"https:\/\/comedialaon.fr\/wp-content\/uploads\/2019\/02\/LOGO-CL-et-OL.jpg","width":756,"height":210,"caption":"Com\u00e9dia Laon"},"image":{"@id":"https:\/\/comedialaon.fr\/#\/schema\/logo\/image\/"},"sameAs":["https:\/\/www.facebook.com\/profile.php?id=100008459438996","https:\/\/www.youtube.com\/results?search_query=comedia laon"]}]}},"_links":{"self":[{"href":"https:\/\/comedialaon.fr\/index.php?rest_route=\/wp\/v2\/pages\/887","targetHints":{"allow":["GET"]}}],"collection":[{"href":"https:\/\/comedialaon.fr\/index.php?rest_route=\/wp\/v2\/pages"}],"about":[{"href":"https:\/\/comedialaon.fr\/index.php?rest_route=\/wp\/v2\/types\/page"}],"author":[{"embeddable":true,"href":"https:\/\/comedialaon.fr\/index.php?rest_route=\/wp\/v2\/users\/1"}],"replies":[{"embeddable":true,"href":"https:\/\/comedialaon.fr\/index.php?rest_route=%2Fwp%2Fv2%2Fcomments&post=887"}],"version-history":[{"count":16,"href":"https:\/\/comedialaon.fr\/index.php?rest_route=\/wp\/v2\/pages\/887\/revisions"}],"predecessor-version":[{"id":8063,"href":"https:\/\/comedialaon.fr\/index.php?rest_route=\/wp\/v2\/pages\/887\/revisions\/8063"}],"wp:featuredmedia":[{"embeddable":true,"href":"https:\/\/comedialaon.fr\/index.php?rest_route=\/wp\/v2\/media\/889"}],"wp:attachment":[{"href":"https:\/\/comedialaon.fr\/index.php?rest_route=%2Fwp%2Fv2%2Fmedia&parent=887"}],"curies":[{"name":"wp","href":"https:\/\/api.w.org\/{rel}","templated":true}]}}