{"id":8522,"date":"2023-12-13T18:26:54","date_gmt":"2023-12-13T16:26:54","guid":{"rendered":"https:\/\/comedialaon.fr\/?page_id=8522"},"modified":"2024-03-19T15:37:17","modified_gmt":"2024-03-19T13:37:17","slug":"spectacle-2024","status":"publish","type":"page","link":"https:\/\/comedialaon.fr\/?page_id=8522","title":{"rendered":"<font color=#0000FF><center><u><b>SPECTACLE 2024<\/b><\/u><\/center><\/font color>"},"content":{"rendered":"<div id=\"attachment_8651\" style=\"width: 220px\" class=\"wp-caption alignleft\"><a href=\"https:\/\/comedialaon.fr\/wp-content\/uploads\/2023\/12\/Affiche-2-euros-20-PINON-le-25-02-2024.jpg\"><img loading=\"lazy\" decoding=\"async\" aria-describedby=\"caption-attachment-8651\" src=\"https:\/\/comedialaon.fr\/wp-content\/uploads\/2023\/12\/Affiche-2-euros-20-PINON-le-25-02-2024-210x300.jpg\" alt=\"\" width=\"210\" height=\"300\" class=\"size-medium wp-image-8651\" srcset=\"https:\/\/comedialaon.fr\/wp-content\/uploads\/2023\/12\/Affiche-2-euros-20-PINON-le-25-02-2024-210x300.jpg 210w, https:\/\/comedialaon.fr\/wp-content\/uploads\/2023\/12\/Affiche-2-euros-20-PINON-le-25-02-2024.jpg 560w\" sizes=\"auto, (max-width: 210px) 100vw, 210px\" \/><\/a><p id=\"caption-attachment-8651\" class=\"wp-caption-text\">\u201c2 EUROS 20\u201d Salle des F\u00eates \u00e0 PINON le 25 f\u00e9vrier 2024<\/p><\/div>\n<p>Pour 2024, nous allons vous pr\u00e9senter une com\u00e9die r\u00e9cente de <a href=\"https:\/\/comedialaon.fr\/?page_id=8514\" title=\"Marc FAYET\">Marc FAYET<\/a> :<\/p>\n<p><big><a href=\"https:\/\/comedialaon.fr\/?page_id=8508\" title=\"\u201c2 EUROS 20\u201d\">\u201c2 EUROS 20\u201d<\/a><\/big><\/p>\n<p>Cette com\u00e9die se d\u00e9roule dans une location o\u00f9 J\u00e9r\u00f4me y passe ses vacances, comme chaque \u00e9t\u00e9, avec ses plus vieux amis.<\/p>\n<p>A qui appartiennent les 2 euros 20 abandonn\u00e9s sur une petite table ? Pourquoi vont ils dispara\u00eetre ?<\/p>\n<p>Perdre de l\u2019argent, ce n\u2019est rien perdre. Perdre les amis, c\u2019est perdre la moiti\u00e9 de ce que l\u2019on a et perdre l\u2019espoir, c\u2019est tout perdre.<br \/>\nTrois couples en vacances, amis depuis toujours vont en faire l\u2019am\u00e8re exp\u00e9rience suite \u00e0 la fac\u00e9tie de l\u2019un d\u2019entre eux.<\/p>\n<p><a href=\"https:\/\/comedialaon.fr\/?page_id=8780\" title=\"Album photos r\u00e9p\u00e9titions f\u00e9vrier 2024\">Album photos r\u00e9p\u00e9titions f\u00e9vrier 2024<\/a><\/p>\n<p><a href=\"https:\/\/comedialaon.fr\/?page_id=8881\" title=\"Album photos Centre Culturel CAPNO\"> Album photos Centre Culturel CAPNO<\/a><\/p>\n<p><a href=\"https:\/\/comedialaon.fr\/?page_id=8917\" title=\"Album photos LA F\u00c8RE\"> Album photos LA F\u00c8RE<\/a><\/p>\n<p><a href=\"https:\/\/comedialaon.fr\/?page_id=8526\" title=\"Nos dates de repr\u00e9sentations pour 2024\"> Nos dates de repr\u00e9sentations pour 2024<\/a><\/p>\n","protected":false},"excerpt":{"rendered":"<p>Pour 2024, nous allons vous pr\u00e9senter une com\u00e9die r\u00e9cente de Marc FAYET : \u201c2 EUROS 20\u201d Cette com\u00e9die se d\u00e9roule dans une location o\u00f9 J\u00e9r\u00f4me y passe ses vacances, comme chaque \u00e9t\u00e9, avec ses plus vieux amis. A qui appartiennent les 2 euros 20 abandonn\u00e9s sur une petite table ? Pourquoi vont ils dispara\u00eetre ?<\/p>\n<p><a class=\"excerpt-more blog-excerpt\" href=\"https:\/\/comedialaon.fr\/?page_id=8522\">Lire la suite<\/a><\/p>\n","protected":false},"author":1,"featured_media":0,"parent":0,"menu_order":0,"comment_status":"closed","ping_status":"closed","template":"","meta":{"footnotes":""},"class_list":["post-8522","page","type-page","status-publish","hentry"],"yoast_head":"<!-- This site is optimized with the Yoast SEO plugin v27.5 - https:\/\/yoast.com\/product\/yoast-seo-wordpress\/ -->\n<title>SPECTACLE 2024 &#8226; Com\u00e9dia Laon<\/title>\n<meta name=\"robots\" content=\"index, follow, max-snippet:-1, max-image-preview:large, max-video-preview:-1\" \/>\n<link rel=\"canonical\" href=\"https:\/\/comedialaon.fr\/?page_id=8522\" \/>\n<meta property=\"og:locale\" content=\"fr_FR\" \/>\n<meta property=\"og:type\" content=\"article\" \/>\n<meta property=\"og:title\" content=\"SPECTACLE 2024 &#8226; Com\u00e9dia Laon\" \/>\n<meta property=\"og:description\" content=\"Pour 2024, nous allons vous pr\u00e9senter une com\u00e9die r\u00e9cente de Marc FAYET : \u201c2 EUROS 20\u201d Cette com\u00e9die se d\u00e9roule dans une location o\u00f9 J\u00e9r\u00f4me y passe ses vacances, comme chaque \u00e9t\u00e9, avec ses plus vieux amis. A qui appartiennent les 2 euros 20 abandonn\u00e9s sur une petite table ? Pourquoi vont ils dispara\u00eetre ?Lire la suite\" \/>\n<meta property=\"og:url\" content=\"https:\/\/comedialaon.fr\/?page_id=8522\" \/>\n<meta property=\"og:site_name\" content=\"Com\u00e9dia Laon\" \/>\n<meta property=\"article:publisher\" content=\"https:\/\/www.facebook.com\/profile.php?id=100008459438996\" \/>\n<meta property=\"article:modified_time\" content=\"2024-03-19T13:37:17+00:00\" \/>\n<meta property=\"og:image\" content=\"https:\/\/comedialaon.fr\/wp-content\/uploads\/2023\/12\/Affiche-2-euros-20-PINON-le-25-02-2024-210x300.jpg\" \/>\n<meta name=\"twitter:label1\" content=\"Dur\u00e9e de lecture estim\u00e9e\" \/>\n\t<meta name=\"twitter:data1\" content=\"1 minute\" \/>\n<script type=\"application\/ld+json\" class=\"yoast-schema-graph\">{\"@context\":\"https:\\\/\\\/schema.org\",\"@graph\":[{\"@type\":\"WebPage\",\"@id\":\"https:\\\/\\\/comedialaon.fr\\\/?page_id=8522\",\"url\":\"https:\\\/\\\/comedialaon.fr\\\/?page_id=8522\",\"name\":\"SPECTACLE 2024 &#8226; Com\u00e9dia Laon\",\"isPartOf\":{\"@id\":\"https:\\\/\\\/comedialaon.fr\\\/#website\"},\"primaryImageOfPage\":{\"@id\":\"https:\\\/\\\/comedialaon.fr\\\/?page_id=8522#primaryimage\"},\"image\":{\"@id\":\"https:\\\/\\\/comedialaon.fr\\\/?page_id=8522#primaryimage\"},\"thumbnailUrl\":\"https:\\\/\\\/comedialaon.fr\\\/wp-content\\\/uploads\\\/2023\\\/12\\\/Affiche-2-euros-20-PINON-le-25-02-2024-210x300.jpg\",\"datePublished\":\"2023-12-13T16:26:54+00:00\",\"dateModified\":\"2024-03-19T13:37:17+00:00\",\"breadcrumb\":{\"@id\":\"https:\\\/\\\/comedialaon.fr\\\/?page_id=8522#breadcrumb\"},\"inLanguage\":\"fr-FR\",\"potentialAction\":[{\"@type\":\"ReadAction\",\"target\":[\"https:\\\/\\\/comedialaon.fr\\\/?page_id=8522\"]}]},{\"@type\":\"ImageObject\",\"inLanguage\":\"fr-FR\",\"@id\":\"https:\\\/\\\/comedialaon.fr\\\/?page_id=8522#primaryimage\",\"url\":\"https:\\\/\\\/comedialaon.fr\\\/wp-content\\\/uploads\\\/2023\\\/12\\\/Affiche-2-euros-20-PINON-le-25-02-2024.jpg\",\"contentUrl\":\"https:\\\/\\\/comedialaon.fr\\\/wp-content\\\/uploads\\\/2023\\\/12\\\/Affiche-2-euros-20-PINON-le-25-02-2024.jpg\",\"width\":560,\"height\":800,\"caption\":\"\u201c2 EUROS 20\u201d Salle des F\u00eates \u00e0 PINON le 25 f\u00e9vrier 2024\"},{\"@type\":\"BreadcrumbList\",\"@id\":\"https:\\\/\\\/comedialaon.fr\\\/?page_id=8522#breadcrumb\",\"itemListElement\":[{\"@type\":\"ListItem\",\"position\":1,\"name\":\"Accueil\",\"item\":\"https:\\\/\\\/comedialaon.fr\\\/\"},{\"@type\":\"ListItem\",\"position\":2,\"name\":\"SPECTACLE 2024\"}]},{\"@type\":\"WebSite\",\"@id\":\"https:\\\/\\\/comedialaon.fr\\\/#website\",\"url\":\"https:\\\/\\\/comedialaon.fr\\\/\",\"name\":\"Com\u00e9dia Laon\",\"description\":\"Prendre et donner du PLAISIR ... !!! ;-)\",\"publisher\":{\"@id\":\"https:\\\/\\\/comedialaon.fr\\\/#organization\"},\"potentialAction\":[{\"@type\":\"SearchAction\",\"target\":{\"@type\":\"EntryPoint\",\"urlTemplate\":\"https:\\\/\\\/comedialaon.fr\\\/?s={search_term_string}\"},\"query-input\":{\"@type\":\"PropertyValueSpecification\",\"valueRequired\":true,\"valueName\":\"search_term_string\"}}],\"inLanguage\":\"fr-FR\"},{\"@type\":\"Organization\",\"@id\":\"https:\\\/\\\/comedialaon.fr\\\/#organization\",\"name\":\"Com\u00e9dia Laon\",\"url\":\"https:\\\/\\\/comedialaon.fr\\\/\",\"logo\":{\"@type\":\"ImageObject\",\"inLanguage\":\"fr-FR\",\"@id\":\"https:\\\/\\\/comedialaon.fr\\\/#\\\/schema\\\/logo\\\/image\\\/\",\"url\":\"https:\\\/\\\/comedialaon.fr\\\/wp-content\\\/uploads\\\/2019\\\/02\\\/LOGO-CL-et-OL.jpg\",\"contentUrl\":\"https:\\\/\\\/comedialaon.fr\\\/wp-content\\\/uploads\\\/2019\\\/02\\\/LOGO-CL-et-OL.jpg\",\"width\":756,\"height\":210,\"caption\":\"Com\u00e9dia Laon\"},\"image\":{\"@id\":\"https:\\\/\\\/comedialaon.fr\\\/#\\\/schema\\\/logo\\\/image\\\/\"},\"sameAs\":[\"https:\\\/\\\/www.facebook.com\\\/profile.php?id=100008459438996\",\"https:\\\/\\\/www.youtube.com\\\/results?search_query=comedia laon\"]}]}<\/script>\n<!-- \/ Yoast SEO plugin. -->","yoast_head_json":{"title":"SPECTACLE 2024 &#8226; Com\u00e9dia Laon","robots":{"index":"index","follow":"follow","max-snippet":"max-snippet:-1","max-image-preview":"max-image-preview:large","max-video-preview":"max-video-preview:-1"},"canonical":"https:\/\/comedialaon.fr\/?page_id=8522","og_locale":"fr_FR","og_type":"article","og_title":"SPECTACLE 2024 &#8226; Com\u00e9dia Laon","og_description":"Pour 2024, nous allons vous pr\u00e9senter une com\u00e9die r\u00e9cente de Marc FAYET : \u201c2 EUROS 20\u201d Cette com\u00e9die se d\u00e9roule dans une location o\u00f9 J\u00e9r\u00f4me y passe ses vacances, comme chaque \u00e9t\u00e9, avec ses plus vieux amis. A qui appartiennent les 2 euros 20 abandonn\u00e9s sur une petite table ? Pourquoi vont ils dispara\u00eetre ?Lire la suite","og_url":"https:\/\/comedialaon.fr\/?page_id=8522","og_site_name":"Com\u00e9dia Laon","article_publisher":"https:\/\/www.facebook.com\/profile.php?id=100008459438996","article_modified_time":"2024-03-19T13:37:17+00:00","og_image":[{"url":"https:\/\/comedialaon.fr\/wp-content\/uploads\/2023\/12\/Affiche-2-euros-20-PINON-le-25-02-2024-210x300.jpg","type":"","width":"","height":""}],"twitter_misc":{"Dur\u00e9e de lecture estim\u00e9e":"1 minute"},"schema":{"@context":"https:\/\/schema.org","@graph":[{"@type":"WebPage","@id":"https:\/\/comedialaon.fr\/?page_id=8522","url":"https:\/\/comedialaon.fr\/?page_id=8522","name":"SPECTACLE 2024 &#8226; Com\u00e9dia Laon","isPartOf":{"@id":"https:\/\/comedialaon.fr\/#website"},"primaryImageOfPage":{"@id":"https:\/\/comedialaon.fr\/?page_id=8522#primaryimage"},"image":{"@id":"https:\/\/comedialaon.fr\/?page_id=8522#primaryimage"},"thumbnailUrl":"https:\/\/comedialaon.fr\/wp-content\/uploads\/2023\/12\/Affiche-2-euros-20-PINON-le-25-02-2024-210x300.jpg","datePublished":"2023-12-13T16:26:54+00:00","dateModified":"2024-03-19T13:37:17+00:00","breadcrumb":{"@id":"https:\/\/comedialaon.fr\/?page_id=8522#breadcrumb"},"inLanguage":"fr-FR","potentialAction":[{"@type":"ReadAction","target":["https:\/\/comedialaon.fr\/?page_id=8522"]}]},{"@type":"ImageObject","inLanguage":"fr-FR","@id":"https:\/\/comedialaon.fr\/?page_id=8522#primaryimage","url":"https:\/\/comedialaon.fr\/wp-content\/uploads\/2023\/12\/Affiche-2-euros-20-PINON-le-25-02-2024.jpg","contentUrl":"https:\/\/comedialaon.fr\/wp-content\/uploads\/2023\/12\/Affiche-2-euros-20-PINON-le-25-02-2024.jpg","width":560,"height":800,"caption":"\u201c2 EUROS 20\u201d Salle des F\u00eates \u00e0 PINON le 25 f\u00e9vrier 2024"},{"@type":"BreadcrumbList","@id":"https:\/\/comedialaon.fr\/?page_id=8522#breadcrumb","itemListElement":[{"@type":"ListItem","position":1,"name":"Accueil","item":"https:\/\/comedialaon.fr\/"},{"@type":"ListItem","position":2,"name":"SPECTACLE 2024"}]},{"@type":"WebSite","@id":"https:\/\/comedialaon.fr\/#website","url":"https:\/\/comedialaon.fr\/","name":"Com\u00e9dia Laon","description":"Prendre et donner du PLAISIR ... !!! ;-)","publisher":{"@id":"https:\/\/comedialaon.fr\/#organization"},"potentialAction":[{"@type":"SearchAction","target":{"@type":"EntryPoint","urlTemplate":"https:\/\/comedialaon.fr\/?s={search_term_string}"},"query-input":{"@type":"PropertyValueSpecification","valueRequired":true,"valueName":"search_term_string"}}],"inLanguage":"fr-FR"},{"@type":"Organization","@id":"https:\/\/comedialaon.fr\/#organization","name":"Com\u00e9dia Laon","url":"https:\/\/comedialaon.fr\/","logo":{"@type":"ImageObject","inLanguage":"fr-FR","@id":"https:\/\/comedialaon.fr\/#\/schema\/logo\/image\/","url":"https:\/\/comedialaon.fr\/wp-content\/uploads\/2019\/02\/LOGO-CL-et-OL.jpg","contentUrl":"https:\/\/comedialaon.fr\/wp-content\/uploads\/2019\/02\/LOGO-CL-et-OL.jpg","width":756,"height":210,"caption":"Com\u00e9dia Laon"},"image":{"@id":"https:\/\/comedialaon.fr\/#\/schema\/logo\/image\/"},"sameAs":["https:\/\/www.facebook.com\/profile.php?id=100008459438996","https:\/\/www.youtube.com\/results?search_query=comedia laon"]}]}},"_links":{"self":[{"href":"https:\/\/comedialaon.fr\/index.php?rest_route=\/wp\/v2\/pages\/8522","targetHints":{"allow":["GET"]}}],"collection":[{"href":"https:\/\/comedialaon.fr\/index.php?rest_route=\/wp\/v2\/pages"}],"about":[{"href":"https:\/\/comedialaon.fr\/index.php?rest_route=\/wp\/v2\/types\/page"}],"author":[{"embeddable":true,"href":"https:\/\/comedialaon.fr\/index.php?rest_route=\/wp\/v2\/users\/1"}],"replies":[{"embeddable":true,"href":"https:\/\/comedialaon.fr\/index.php?rest_route=%2Fwp%2Fv2%2Fcomments&post=8522"}],"version-history":[{"count":10,"href":"https:\/\/comedialaon.fr\/index.php?rest_route=\/wp\/v2\/pages\/8522\/revisions"}],"predecessor-version":[{"id":8922,"href":"https:\/\/comedialaon.fr\/index.php?rest_route=\/wp\/v2\/pages\/8522\/revisions\/8922"}],"wp:attachment":[{"href":"https:\/\/comedialaon.fr\/index.php?rest_route=%2Fwp%2Fv2%2Fmedia&parent=8522"}],"curies":[{"name":"wp","href":"https:\/\/api.w.org\/{rel}","templated":true}]}}