{"id":8059,"date":"2022-11-04T17:30:57","date_gmt":"2022-11-04T15:30:57","guid":{"rendered":"https:\/\/comedialaon.fr\/?page_id=8059"},"modified":"2023-11-18T14:56:08","modified_gmt":"2023-11-18T12:56:08","slug":"spectacle-2023","status":"publish","type":"page","link":"https:\/\/comedialaon.fr\/?page_id=8059","title":{"rendered":"<font color=#0000FF><center><u><b>SPECTACLE 2023<\/b><\/u><\/center><\/font color>"},"content":{"rendered":"<div id=\"attachment_8130\" style=\"width: 268px\" class=\"wp-caption alignleft\"><a href=\"https:\/\/comedialaon.fr\/wp-content\/uploads\/2022\/10\/Affiche-Lindice-a-lindex-Titre-Dessin-et-Texte-sans-date.jpg\"><img loading=\"lazy\" decoding=\"async\" aria-describedby=\"caption-attachment-8130\" src=\"https:\/\/comedialaon.fr\/wp-content\/uploads\/2022\/10\/Affiche-Lindice-a-lindex-Titre-Dessin-et-Texte-sans-date-258x300.jpg\" alt=\"\" width=\"258\" height=\"300\" class=\"size-medium wp-image-8130\" srcset=\"https:\/\/comedialaon.fr\/wp-content\/uploads\/2022\/10\/Affiche-Lindice-a-lindex-Titre-Dessin-et-Texte-sans-date-258x300.jpg 258w, https:\/\/comedialaon.fr\/wp-content\/uploads\/2022\/10\/Affiche-Lindice-a-lindex-Titre-Dessin-et-Texte-sans-date-881x1024.jpg 881w, https:\/\/comedialaon.fr\/wp-content\/uploads\/2022\/10\/Affiche-Lindice-a-lindex-Titre-Dessin-et-Texte-sans-date-768x893.jpg 768w, https:\/\/comedialaon.fr\/wp-content\/uploads\/2022\/10\/Affiche-Lindice-a-lindex-Titre-Dessin-et-Texte-sans-date.jpg 1081w\" sizes=\"auto, (max-width: 258px) 100vw, 258px\" \/><\/a><p id=\"caption-attachment-8130\" class=\"wp-caption-text\">SPECTACLE 2023 \u201cL&rsquo;indice \u00e0 l&rsquo;index\u201d de Hugues de ROSAMEL<\/p><\/div>\n<p>Pour 2023, nous allons vous pr\u00e9senter une pi\u00e8ce r\u00e9cente de notre ami <a href=\"https:\/\/comedialaon.fr\/?page_id=887\" title=\"Hugues de ROSAMEL\">Hugues de ROSAMEL<\/a> :<\/p>\n<p><big><a href=\"https:\/\/comedialaon.fr\/?page_id=8044\" title=\"\u201cL'INDICE \u00c0 L'INDEX\u201d\">\u201cL&rsquo;INDICE \u00c0 L&rsquo;INDEX\u201d<\/a><\/big><\/p>\n<p>L&rsquo;action de cette com\u00e9die polici\u00e8re se d\u00e9roule dans le bureau d&rsquo;Elisa Sartet PDG de la soci\u00e9t\u00e9 de communication PROXICOM\u2019. Elle est retrouv\u00e9e \u00e9trangl\u00e9e \u00e0 son bureau.<\/p>\n<p>Au commissaire Le Goff, de d\u00e9masquer l\u2019assassin \u2026 ou pas.<\/p>\n<p><a href=\"https:\/\/comedialaon.fr\/?page_id=8254\" title=\"Album photos r\u00e9p\u00e9titions janvier 2023\">Album photos r\u00e9p\u00e9titions janvier 2023<\/a><\/p>\n<p><a href=\"https:\/\/comedialaon.fr\/?page_id=8381\" title=\"Album photos R\u00e9p\u00e9tition G\u00e9n\u00e9rale le 5 f\u00e9vrier 2023 au profit du T\u00e9l\u00e9thon\">Album photos R\u00e9p\u00e9tition G\u00e9n\u00e9rale le 5 f\u00e9vrier 2023 au profit du T\u00e9l\u00e9thon<\/a><\/p>\n<p><a href=\"https:\/\/comedialaon.fr\/?page_id=8050\" title=\"Nos dates de repr\u00e9sentations pour 2023\"> Nos dates de repr\u00e9sentations pour 2023<\/a><\/p>\n","protected":false},"excerpt":{"rendered":"<p>Pour 2023, nous allons vous pr\u00e9senter une pi\u00e8ce r\u00e9cente de notre ami Hugues de ROSAMEL : \u201cL&rsquo;INDICE \u00c0 L&rsquo;INDEX\u201d L&rsquo;action de cette com\u00e9die polici\u00e8re se d\u00e9roule dans le bureau d&rsquo;Elisa Sartet PDG de la soci\u00e9t\u00e9 de communication PROXICOM\u2019. Elle est retrouv\u00e9e \u00e9trangl\u00e9e \u00e0 son bureau. Au commissaire Le Goff, de d\u00e9masquer l\u2019assassin \u2026 ou pas.<\/p>\n<p><a class=\"excerpt-more blog-excerpt\" href=\"https:\/\/comedialaon.fr\/?page_id=8059\">Lire la suite<\/a><\/p>\n","protected":false},"author":1,"featured_media":0,"parent":0,"menu_order":0,"comment_status":"closed","ping_status":"closed","template":"","meta":{"footnotes":""},"class_list":["post-8059","page","type-page","status-publish","hentry"],"yoast_head":"<!-- This site is optimized with the Yoast SEO plugin v27.5 - https:\/\/yoast.com\/product\/yoast-seo-wordpress\/ -->\n<title>SPECTACLE 2023 &#8226; Com\u00e9dia Laon<\/title>\n<meta name=\"robots\" content=\"index, follow, max-snippet:-1, max-image-preview:large, max-video-preview:-1\" \/>\n<link rel=\"canonical\" href=\"https:\/\/comedialaon.fr\/?page_id=8059\" \/>\n<meta property=\"og:locale\" content=\"fr_FR\" \/>\n<meta property=\"og:type\" content=\"article\" \/>\n<meta property=\"og:title\" content=\"SPECTACLE 2023 &#8226; Com\u00e9dia Laon\" \/>\n<meta property=\"og:description\" content=\"Pour 2023, nous allons vous pr\u00e9senter une pi\u00e8ce r\u00e9cente de notre ami Hugues de ROSAMEL : \u201cL&rsquo;INDICE \u00c0 L&rsquo;INDEX\u201d L&rsquo;action de cette com\u00e9die polici\u00e8re se d\u00e9roule dans le bureau d&rsquo;Elisa Sartet PDG de la soci\u00e9t\u00e9 de communication PROXICOM\u2019. Elle est retrouv\u00e9e \u00e9trangl\u00e9e \u00e0 son bureau. Au commissaire Le Goff, de d\u00e9masquer l\u2019assassin \u2026 ou pas.Lire la suite\" \/>\n<meta property=\"og:url\" content=\"https:\/\/comedialaon.fr\/?page_id=8059\" \/>\n<meta property=\"og:site_name\" content=\"Com\u00e9dia Laon\" \/>\n<meta property=\"article:publisher\" content=\"https:\/\/www.facebook.com\/profile.php?id=100008459438996\" \/>\n<meta property=\"article:modified_time\" content=\"2023-11-18T12:56:08+00:00\" \/>\n<meta property=\"og:image\" content=\"https:\/\/comedialaon.fr\/wp-content\/uploads\/2022\/10\/Affiche-Lindice-a-lindex-Titre-Dessin-et-Texte-sans-date-258x300.jpg\" \/>\n<meta name=\"twitter:label1\" content=\"Dur\u00e9e de lecture estim\u00e9e\" \/>\n\t<meta name=\"twitter:data1\" content=\"1 minute\" \/>\n<script type=\"application\/ld+json\" class=\"yoast-schema-graph\">{\"@context\":\"https:\\\/\\\/schema.org\",\"@graph\":[{\"@type\":\"WebPage\",\"@id\":\"https:\\\/\\\/comedialaon.fr\\\/?page_id=8059\",\"url\":\"https:\\\/\\\/comedialaon.fr\\\/?page_id=8059\",\"name\":\"SPECTACLE 2023 &#8226; Com\u00e9dia Laon\",\"isPartOf\":{\"@id\":\"https:\\\/\\\/comedialaon.fr\\\/#website\"},\"primaryImageOfPage\":{\"@id\":\"https:\\\/\\\/comedialaon.fr\\\/?page_id=8059#primaryimage\"},\"image\":{\"@id\":\"https:\\\/\\\/comedialaon.fr\\\/?page_id=8059#primaryimage\"},\"thumbnailUrl\":\"https:\\\/\\\/comedialaon.fr\\\/wp-content\\\/uploads\\\/2022\\\/10\\\/Affiche-Lindice-a-lindex-Titre-Dessin-et-Texte-sans-date-258x300.jpg\",\"datePublished\":\"2022-11-04T15:30:57+00:00\",\"dateModified\":\"2023-11-18T12:56:08+00:00\",\"breadcrumb\":{\"@id\":\"https:\\\/\\\/comedialaon.fr\\\/?page_id=8059#breadcrumb\"},\"inLanguage\":\"fr-FR\",\"potentialAction\":[{\"@type\":\"ReadAction\",\"target\":[\"https:\\\/\\\/comedialaon.fr\\\/?page_id=8059\"]}]},{\"@type\":\"ImageObject\",\"inLanguage\":\"fr-FR\",\"@id\":\"https:\\\/\\\/comedialaon.fr\\\/?page_id=8059#primaryimage\",\"url\":\"https:\\\/\\\/comedialaon.fr\\\/wp-content\\\/uploads\\\/2022\\\/10\\\/Affiche-Lindice-a-lindex-Titre-Dessin-et-Texte-sans-date.jpg\",\"contentUrl\":\"https:\\\/\\\/comedialaon.fr\\\/wp-content\\\/uploads\\\/2022\\\/10\\\/Affiche-Lindice-a-lindex-Titre-Dessin-et-Texte-sans-date.jpg\",\"width\":1081,\"height\":1257,\"caption\":\"SPECTACLE 2023 \u201cL'indice \u00e0 l'index\u201d de Hugues de ROSAMEL\"},{\"@type\":\"BreadcrumbList\",\"@id\":\"https:\\\/\\\/comedialaon.fr\\\/?page_id=8059#breadcrumb\",\"itemListElement\":[{\"@type\":\"ListItem\",\"position\":1,\"name\":\"Accueil\",\"item\":\"https:\\\/\\\/comedialaon.fr\\\/\"},{\"@type\":\"ListItem\",\"position\":2,\"name\":\"SPECTACLE 2023\"}]},{\"@type\":\"WebSite\",\"@id\":\"https:\\\/\\\/comedialaon.fr\\\/#website\",\"url\":\"https:\\\/\\\/comedialaon.fr\\\/\",\"name\":\"Com\u00e9dia Laon\",\"description\":\"Prendre et donner du PLAISIR ... !!! ;-)\",\"publisher\":{\"@id\":\"https:\\\/\\\/comedialaon.fr\\\/#organization\"},\"potentialAction\":[{\"@type\":\"SearchAction\",\"target\":{\"@type\":\"EntryPoint\",\"urlTemplate\":\"https:\\\/\\\/comedialaon.fr\\\/?s={search_term_string}\"},\"query-input\":{\"@type\":\"PropertyValueSpecification\",\"valueRequired\":true,\"valueName\":\"search_term_string\"}}],\"inLanguage\":\"fr-FR\"},{\"@type\":\"Organization\",\"@id\":\"https:\\\/\\\/comedialaon.fr\\\/#organization\",\"name\":\"Com\u00e9dia Laon\",\"url\":\"https:\\\/\\\/comedialaon.fr\\\/\",\"logo\":{\"@type\":\"ImageObject\",\"inLanguage\":\"fr-FR\",\"@id\":\"https:\\\/\\\/comedialaon.fr\\\/#\\\/schema\\\/logo\\\/image\\\/\",\"url\":\"https:\\\/\\\/comedialaon.fr\\\/wp-content\\\/uploads\\\/2019\\\/02\\\/LOGO-CL-et-OL.jpg\",\"contentUrl\":\"https:\\\/\\\/comedialaon.fr\\\/wp-content\\\/uploads\\\/2019\\\/02\\\/LOGO-CL-et-OL.jpg\",\"width\":756,\"height\":210,\"caption\":\"Com\u00e9dia Laon\"},\"image\":{\"@id\":\"https:\\\/\\\/comedialaon.fr\\\/#\\\/schema\\\/logo\\\/image\\\/\"},\"sameAs\":[\"https:\\\/\\\/www.facebook.com\\\/profile.php?id=100008459438996\",\"https:\\\/\\\/www.youtube.com\\\/results?search_query=comedia laon\"]}]}<\/script>\n<!-- \/ Yoast SEO plugin. -->","yoast_head_json":{"title":"SPECTACLE 2023 &#8226; Com\u00e9dia Laon","robots":{"index":"index","follow":"follow","max-snippet":"max-snippet:-1","max-image-preview":"max-image-preview:large","max-video-preview":"max-video-preview:-1"},"canonical":"https:\/\/comedialaon.fr\/?page_id=8059","og_locale":"fr_FR","og_type":"article","og_title":"SPECTACLE 2023 &#8226; Com\u00e9dia Laon","og_description":"Pour 2023, nous allons vous pr\u00e9senter une pi\u00e8ce r\u00e9cente de notre ami Hugues de ROSAMEL : \u201cL&rsquo;INDICE \u00c0 L&rsquo;INDEX\u201d L&rsquo;action de cette com\u00e9die polici\u00e8re se d\u00e9roule dans le bureau d&rsquo;Elisa Sartet PDG de la soci\u00e9t\u00e9 de communication PROXICOM\u2019. Elle est retrouv\u00e9e \u00e9trangl\u00e9e \u00e0 son bureau. Au commissaire Le Goff, de d\u00e9masquer l\u2019assassin \u2026 ou pas.Lire la suite","og_url":"https:\/\/comedialaon.fr\/?page_id=8059","og_site_name":"Com\u00e9dia Laon","article_publisher":"https:\/\/www.facebook.com\/profile.php?id=100008459438996","article_modified_time":"2023-11-18T12:56:08+00:00","og_image":[{"url":"https:\/\/comedialaon.fr\/wp-content\/uploads\/2022\/10\/Affiche-Lindice-a-lindex-Titre-Dessin-et-Texte-sans-date-258x300.jpg","type":"","width":"","height":""}],"twitter_misc":{"Dur\u00e9e de lecture estim\u00e9e":"1 minute"},"schema":{"@context":"https:\/\/schema.org","@graph":[{"@type":"WebPage","@id":"https:\/\/comedialaon.fr\/?page_id=8059","url":"https:\/\/comedialaon.fr\/?page_id=8059","name":"SPECTACLE 2023 &#8226; Com\u00e9dia Laon","isPartOf":{"@id":"https:\/\/comedialaon.fr\/#website"},"primaryImageOfPage":{"@id":"https:\/\/comedialaon.fr\/?page_id=8059#primaryimage"},"image":{"@id":"https:\/\/comedialaon.fr\/?page_id=8059#primaryimage"},"thumbnailUrl":"https:\/\/comedialaon.fr\/wp-content\/uploads\/2022\/10\/Affiche-Lindice-a-lindex-Titre-Dessin-et-Texte-sans-date-258x300.jpg","datePublished":"2022-11-04T15:30:57+00:00","dateModified":"2023-11-18T12:56:08+00:00","breadcrumb":{"@id":"https:\/\/comedialaon.fr\/?page_id=8059#breadcrumb"},"inLanguage":"fr-FR","potentialAction":[{"@type":"ReadAction","target":["https:\/\/comedialaon.fr\/?page_id=8059"]}]},{"@type":"ImageObject","inLanguage":"fr-FR","@id":"https:\/\/comedialaon.fr\/?page_id=8059#primaryimage","url":"https:\/\/comedialaon.fr\/wp-content\/uploads\/2022\/10\/Affiche-Lindice-a-lindex-Titre-Dessin-et-Texte-sans-date.jpg","contentUrl":"https:\/\/comedialaon.fr\/wp-content\/uploads\/2022\/10\/Affiche-Lindice-a-lindex-Titre-Dessin-et-Texte-sans-date.jpg","width":1081,"height":1257,"caption":"SPECTACLE 2023 \u201cL'indice \u00e0 l'index\u201d de Hugues de ROSAMEL"},{"@type":"BreadcrumbList","@id":"https:\/\/comedialaon.fr\/?page_id=8059#breadcrumb","itemListElement":[{"@type":"ListItem","position":1,"name":"Accueil","item":"https:\/\/comedialaon.fr\/"},{"@type":"ListItem","position":2,"name":"SPECTACLE 2023"}]},{"@type":"WebSite","@id":"https:\/\/comedialaon.fr\/#website","url":"https:\/\/comedialaon.fr\/","name":"Com\u00e9dia Laon","description":"Prendre et donner du PLAISIR ... !!! ;-)","publisher":{"@id":"https:\/\/comedialaon.fr\/#organization"},"potentialAction":[{"@type":"SearchAction","target":{"@type":"EntryPoint","urlTemplate":"https:\/\/comedialaon.fr\/?s={search_term_string}"},"query-input":{"@type":"PropertyValueSpecification","valueRequired":true,"valueName":"search_term_string"}}],"inLanguage":"fr-FR"},{"@type":"Organization","@id":"https:\/\/comedialaon.fr\/#organization","name":"Com\u00e9dia Laon","url":"https:\/\/comedialaon.fr\/","logo":{"@type":"ImageObject","inLanguage":"fr-FR","@id":"https:\/\/comedialaon.fr\/#\/schema\/logo\/image\/","url":"https:\/\/comedialaon.fr\/wp-content\/uploads\/2019\/02\/LOGO-CL-et-OL.jpg","contentUrl":"https:\/\/comedialaon.fr\/wp-content\/uploads\/2019\/02\/LOGO-CL-et-OL.jpg","width":756,"height":210,"caption":"Com\u00e9dia Laon"},"image":{"@id":"https:\/\/comedialaon.fr\/#\/schema\/logo\/image\/"},"sameAs":["https:\/\/www.facebook.com\/profile.php?id=100008459438996","https:\/\/www.youtube.com\/results?search_query=comedia laon"]}]}},"_links":{"self":[{"href":"https:\/\/comedialaon.fr\/index.php?rest_route=\/wp\/v2\/pages\/8059","targetHints":{"allow":["GET"]}}],"collection":[{"href":"https:\/\/comedialaon.fr\/index.php?rest_route=\/wp\/v2\/pages"}],"about":[{"href":"https:\/\/comedialaon.fr\/index.php?rest_route=\/wp\/v2\/types\/page"}],"author":[{"embeddable":true,"href":"https:\/\/comedialaon.fr\/index.php?rest_route=\/wp\/v2\/users\/1"}],"replies":[{"embeddable":true,"href":"https:\/\/comedialaon.fr\/index.php?rest_route=%2Fwp%2Fv2%2Fcomments&post=8059"}],"version-history":[{"count":17,"href":"https:\/\/comedialaon.fr\/index.php?rest_route=\/wp\/v2\/pages\/8059\/revisions"}],"predecessor-version":[{"id":8619,"href":"https:\/\/comedialaon.fr\/index.php?rest_route=\/wp\/v2\/pages\/8059\/revisions\/8619"}],"wp:attachment":[{"href":"https:\/\/comedialaon.fr\/index.php?rest_route=%2Fwp%2Fv2%2Fmedia&parent=8059"}],"curies":[{"name":"wp","href":"https:\/\/api.w.org\/{rel}","templated":true}]}}