{"id":4756,"date":"2021-07-25T11:50:03","date_gmt":"2021-07-25T09:50:03","guid":{"rendered":"https:\/\/comedialaon.fr\/?page_id=4756"},"modified":"2021-07-25T11:50:03","modified_gmt":"2021-07-25T09:50:03","slug":"repetition-du-20-decembre-2019-especes-menacees","status":"publish","type":"page","link":"https:\/\/comedialaon.fr\/?page_id=4756","title":{"rendered":"<center>R\u00e9p\u00e9tition du 20 d\u00e9cembre 2019 : \u201cESP\u00c8CES MENAC\u00c9ES\u201d"},"content":{"rendered":"<style type=\"text\/css\">\n#foogallery-gallery-4755 .fg-image { width: 150px; }\n#foogallery-gallery-4755 { --fg-gutter: 10px; }<\/style>\n\t\t\t<div class=\"foogallery foogallery-container foogallery-default foogallery-lightbox-foobox fg-center fg-default fg-ready fg-light fg-border-thin fg-shadow-outline fg-loading-default fg-loaded-fade-in fg-caption-hover fg-hover-fade fg-hover-zoom\" id=\"foogallery-gallery-4755\" data-foogallery=\"{&quot;item&quot;:{&quot;showCaptionTitle&quot;:true,&quot;showCaptionDescription&quot;:true},&quot;lazy&quot;:true}\" style=\"--fg-title-line-clamp: 0; --fg-description-line-clamp: 0;\" >\n\t<div class=\"fg-item fg-type-image fg-idle\"><figure class=\"fg-item-inner\"><a href=\"https:\/\/comedialaon.fr\/wp-content\/uploads\/2019\/12\/R\u00e9p\u00e9tition-20-12-2019_1.jpg\" data-caption-title=\"\u201cESP\u00c8CES MENAC\u00c9ES\u201d : Christian, Patrice, Josiane et S\u00e9verine R\u00e9p\u00e9tition du 20 d\u00e9cembre 2019\" data-attachment-id=\"3623\" data-type=\"image\" class=\"fg-thumb\"><span class=\"fg-image-wrap\"><img decoding=\"async\" title=\"\u201cESP\u00c8CES MENAC\u00c9ES\u201d : Christian, Patrice, Josiane et S\u00e9verine R\u00e9p\u00e9tition du 20 d\u00e9cembre 2019\" width=\"150\" height=\"150\" class=\"skip-lazy fg-image\" data-src-fg=\"https:\/\/comedialaon.fr\/wp-content\/uploads\/cache\/2019\/12\/R\u00e9p\u00e9tition-20-12-2019_1\/4036331652.jpg\" src=\"data:image\/svg+xml,%3Csvg%20xmlns%3D%22http%3A%2F%2Fwww.w3.org%2F2000%2Fsvg%22%20width%3D%22150%22%20height%3D%22150%22%20viewBox%3D%220%200%20150%20150%22%3E%3C%2Fsvg%3E\" loading=\"eager\"><\/span><span class=\"fg-image-overlay\"><\/span><\/a><figcaption class=\"fg-caption\"><div class=\"fg-caption-inner\"><div class=\"fg-caption-title\">\u201cESP\u00c8CES MENAC\u00c9ES\u201d : Christian, Patrice, Josiane et S\u00e9verine R\u00e9p\u00e9tition du 20 d\u00e9cembre 2019<\/div><\/div><\/figcaption><\/figure><div class=\"fg-loader\"><\/div><\/div><div class=\"fg-item fg-type-image fg-idle\"><figure class=\"fg-item-inner\"><a href=\"https:\/\/comedialaon.fr\/wp-content\/uploads\/2019\/12\/R\u00e9p\u00e9tition-20-12-2019_2.jpg\" data-caption-title=\"\u201cESP\u00c8CES MENAC\u00c9ES\u201d : Christian, Patrice, Josiane, Bernard et S\u00e9verine R\u00e9p\u00e9tition du 20 d\u00e9cembre 2019\" data-attachment-id=\"3624\" data-type=\"image\" class=\"fg-thumb\"><span class=\"fg-image-wrap\"><img decoding=\"async\" title=\"\u201cESP\u00c8CES MENAC\u00c9ES\u201d : Christian, Patrice, Josiane, Bernard et S\u00e9verine R\u00e9p\u00e9tition du 20 d\u00e9cembre 2019\" width=\"150\" height=\"150\" class=\"skip-lazy fg-image\" data-src-fg=\"https:\/\/comedialaon.fr\/wp-content\/uploads\/cache\/2019\/12\/R\u00e9p\u00e9tition-20-12-2019_2\/1246006244.jpg\" src=\"data:image\/svg+xml,%3Csvg%20xmlns%3D%22http%3A%2F%2Fwww.w3.org%2F2000%2Fsvg%22%20width%3D%22150%22%20height%3D%22150%22%20viewBox%3D%220%200%20150%20150%22%3E%3C%2Fsvg%3E\" loading=\"eager\"><\/span><span class=\"fg-image-overlay\"><\/span><\/a><figcaption class=\"fg-caption\"><div class=\"fg-caption-inner\"><div class=\"fg-caption-title\">\u201cESP\u00c8CES MENAC\u00c9ES\u201d : Christian, Patrice, Josiane, Bernard et S\u00e9verine R\u00e9p\u00e9tition du 20 d\u00e9cembre 2019<\/div><\/div><\/figcaption><\/figure><div class=\"fg-loader\"><\/div><\/div><div class=\"fg-item fg-type-image fg-idle\"><figure class=\"fg-item-inner\"><a href=\"https:\/\/comedialaon.fr\/wp-content\/uploads\/2019\/12\/R\u00e9p\u00e9tition-20-12-2019_3.jpg\" data-caption-title=\"\u201cESP\u00c8CES MENAC\u00c9ES\u201d : Christian, Patrice, Josiane et S\u00e9verine R\u00e9p\u00e9tition du 20 d\u00e9cembre 2019\" data-attachment-id=\"3625\" data-type=\"image\" class=\"fg-thumb\"><span class=\"fg-image-wrap\"><img decoding=\"async\" title=\"\u201cESP\u00c8CES MENAC\u00c9ES\u201d : Christian, Patrice, Josiane et S\u00e9verine R\u00e9p\u00e9tition du 20 d\u00e9cembre 2019\" width=\"150\" height=\"150\" class=\"skip-lazy fg-image\" data-src-fg=\"https:\/\/comedialaon.fr\/wp-content\/uploads\/cache\/2019\/12\/R\u00e9p\u00e9tition-20-12-2019_3\/2351583639.jpg\" src=\"data:image\/svg+xml,%3Csvg%20xmlns%3D%22http%3A%2F%2Fwww.w3.org%2F2000%2Fsvg%22%20width%3D%22150%22%20height%3D%22150%22%20viewBox%3D%220%200%20150%20150%22%3E%3C%2Fsvg%3E\" loading=\"eager\"><\/span><span class=\"fg-image-overlay\"><\/span><\/a><figcaption class=\"fg-caption\"><div class=\"fg-caption-inner\"><div class=\"fg-caption-title\">\u201cESP\u00c8CES MENAC\u00c9ES\u201d : Christian, Patrice, Josiane et S\u00e9verine R\u00e9p\u00e9tition du 20 d\u00e9cembre 2019<\/div><\/div><\/figcaption><\/figure><div class=\"fg-loader\"><\/div><\/div><div class=\"fg-item fg-type-image fg-idle\"><figure class=\"fg-item-inner\"><a href=\"https:\/\/comedialaon.fr\/wp-content\/uploads\/2019\/12\/R\u00e9p\u00e9tition-20-12-2019_4.jpg\" data-caption-title=\"\u201cESP\u00c8CES MENAC\u00c9ES\u201d : Christian, Patrice, Josiane, Bernard et S\u00e9verine R\u00e9p\u00e9tition du 20 d\u00e9cembre 2019\" data-attachment-id=\"3626\" data-type=\"image\" class=\"fg-thumb\"><span class=\"fg-image-wrap\"><img decoding=\"async\" title=\"\u201cESP\u00c8CES MENAC\u00c9ES\u201d : Christian, Patrice, Josiane, Bernard et S\u00e9verine R\u00e9p\u00e9tition du 20 d\u00e9cembre 2019\" width=\"150\" height=\"150\" class=\"skip-lazy fg-image\" data-src-fg=\"https:\/\/comedialaon.fr\/wp-content\/uploads\/cache\/2019\/12\/R\u00e9p\u00e9tition-20-12-2019_4\/2577545145.jpg\" src=\"data:image\/svg+xml,%3Csvg%20xmlns%3D%22http%3A%2F%2Fwww.w3.org%2F2000%2Fsvg%22%20width%3D%22150%22%20height%3D%22150%22%20viewBox%3D%220%200%20150%20150%22%3E%3C%2Fsvg%3E\" loading=\"eager\"><\/span><span class=\"fg-image-overlay\"><\/span><\/a><figcaption class=\"fg-caption\"><div class=\"fg-caption-inner\"><div class=\"fg-caption-title\">\u201cESP\u00c8CES MENAC\u00c9ES\u201d : Christian, Patrice, Josiane, Bernard et S\u00e9verine R\u00e9p\u00e9tition du 20 d\u00e9cembre 2019<\/div><\/div><\/figcaption><\/figure><div class=\"fg-loader\"><\/div><\/div><div class=\"fg-item fg-type-image fg-idle\"><figure class=\"fg-item-inner\"><a href=\"https:\/\/comedialaon.fr\/wp-content\/uploads\/2019\/12\/R\u00e9p\u00e9tition-20-12-2019_5.jpg\" data-caption-title=\"\u201cESP\u00c8CES MENAC\u00c9ES\u201d : Christian, Patrice, Josiane et S\u00e9verine R\u00e9p\u00e9tition du 20 d\u00e9cembre 2019\" data-attachment-id=\"3627\" data-type=\"image\" class=\"fg-thumb\"><span class=\"fg-image-wrap\"><img decoding=\"async\" title=\"\u201cESP\u00c8CES MENAC\u00c9ES\u201d : Christian, Patrice, Josiane et S\u00e9verine R\u00e9p\u00e9tition du 20 d\u00e9cembre 2019\" width=\"150\" height=\"150\" class=\"skip-lazy fg-image\" data-src-fg=\"https:\/\/comedialaon.fr\/wp-content\/uploads\/cache\/2019\/12\/R\u00e9p\u00e9tition-20-12-2019_5\/1607265738.jpg\" src=\"data:image\/svg+xml,%3Csvg%20xmlns%3D%22http%3A%2F%2Fwww.w3.org%2F2000%2Fsvg%22%20width%3D%22150%22%20height%3D%22150%22%20viewBox%3D%220%200%20150%20150%22%3E%3C%2Fsvg%3E\" loading=\"eager\"><\/span><span class=\"fg-image-overlay\"><\/span><\/a><figcaption class=\"fg-caption\"><div class=\"fg-caption-inner\"><div class=\"fg-caption-title\">\u201cESP\u00c8CES MENAC\u00c9ES\u201d : Christian, Patrice, Josiane et S\u00e9verine R\u00e9p\u00e9tition du 20 d\u00e9cembre 2019<\/div><\/div><\/figcaption><\/figure><div class=\"fg-loader\"><\/div><\/div><\/div>\n\n","protected":false},"excerpt":{"rendered":"","protected":false},"author":1,"featured_media":0,"parent":0,"menu_order":0,"comment_status":"closed","ping_status":"closed","template":"","meta":{"footnotes":""},"class_list":["post-4756","page","type-page","status-publish","hentry"],"yoast_head":"<!-- This site is optimized with the Yoast SEO plugin v27.5 - https:\/\/yoast.com\/product\/yoast-seo-wordpress\/ -->\n<title>R\u00e9p\u00e9tition du 20 d\u00e9cembre 2019 : \u201cESP\u00c8CES MENAC\u00c9ES\u201d &#8226; Com\u00e9dia Laon<\/title>\n<meta name=\"robots\" content=\"index, follow, max-snippet:-1, max-image-preview:large, max-video-preview:-1\" \/>\n<link rel=\"canonical\" href=\"https:\/\/comedialaon.fr\/?page_id=4756\" \/>\n<meta property=\"og:locale\" content=\"fr_FR\" \/>\n<meta property=\"og:type\" content=\"article\" \/>\n<meta property=\"og:title\" content=\"R\u00e9p\u00e9tition du 20 d\u00e9cembre 2019 : \u201cESP\u00c8CES MENAC\u00c9ES\u201d &#8226; Com\u00e9dia Laon\" \/>\n<meta property=\"og:url\" content=\"https:\/\/comedialaon.fr\/?page_id=4756\" \/>\n<meta property=\"og:site_name\" content=\"Com\u00e9dia Laon\" \/>\n<meta property=\"article:publisher\" content=\"https:\/\/www.facebook.com\/profile.php?id=100008459438996\" \/>\n<script type=\"application\/ld+json\" class=\"yoast-schema-graph\">{\"@context\":\"https:\\\/\\\/schema.org\",\"@graph\":[{\"@type\":\"WebPage\",\"@id\":\"https:\\\/\\\/comedialaon.fr\\\/?page_id=4756\",\"url\":\"https:\\\/\\\/comedialaon.fr\\\/?page_id=4756\",\"name\":\"R\u00e9p\u00e9tition du 20 d\u00e9cembre 2019 : \u201cESP\u00c8CES MENAC\u00c9ES\u201d &#8226; Com\u00e9dia Laon\",\"isPartOf\":{\"@id\":\"https:\\\/\\\/comedialaon.fr\\\/#website\"},\"datePublished\":\"2021-07-25T09:50:03+00:00\",\"breadcrumb\":{\"@id\":\"https:\\\/\\\/comedialaon.fr\\\/?page_id=4756#breadcrumb\"},\"inLanguage\":\"fr-FR\",\"potentialAction\":[{\"@type\":\"ReadAction\",\"target\":[\"https:\\\/\\\/comedialaon.fr\\\/?page_id=4756\"]}]},{\"@type\":\"BreadcrumbList\",\"@id\":\"https:\\\/\\\/comedialaon.fr\\\/?page_id=4756#breadcrumb\",\"itemListElement\":[{\"@type\":\"ListItem\",\"position\":1,\"name\":\"Accueil\",\"item\":\"https:\\\/\\\/comedialaon.fr\\\/\"},{\"@type\":\"ListItem\",\"position\":2,\"name\":\"R\u00e9p\u00e9tition du 20 d\u00e9cembre 2019 : \u201cESP\u00c8CES MENAC\u00c9ES\u201d\"}]},{\"@type\":\"WebSite\",\"@id\":\"https:\\\/\\\/comedialaon.fr\\\/#website\",\"url\":\"https:\\\/\\\/comedialaon.fr\\\/\",\"name\":\"Com\u00e9dia Laon\",\"description\":\"Prendre et donner du PLAISIR ... !!! ;-)\",\"publisher\":{\"@id\":\"https:\\\/\\\/comedialaon.fr\\\/#organization\"},\"potentialAction\":[{\"@type\":\"SearchAction\",\"target\":{\"@type\":\"EntryPoint\",\"urlTemplate\":\"https:\\\/\\\/comedialaon.fr\\\/?s={search_term_string}\"},\"query-input\":{\"@type\":\"PropertyValueSpecification\",\"valueRequired\":true,\"valueName\":\"search_term_string\"}}],\"inLanguage\":\"fr-FR\"},{\"@type\":\"Organization\",\"@id\":\"https:\\\/\\\/comedialaon.fr\\\/#organization\",\"name\":\"Com\u00e9dia Laon\",\"url\":\"https:\\\/\\\/comedialaon.fr\\\/\",\"logo\":{\"@type\":\"ImageObject\",\"inLanguage\":\"fr-FR\",\"@id\":\"https:\\\/\\\/comedialaon.fr\\\/#\\\/schema\\\/logo\\\/image\\\/\",\"url\":\"https:\\\/\\\/comedialaon.fr\\\/wp-content\\\/uploads\\\/2019\\\/02\\\/LOGO-CL-et-OL.jpg\",\"contentUrl\":\"https:\\\/\\\/comedialaon.fr\\\/wp-content\\\/uploads\\\/2019\\\/02\\\/LOGO-CL-et-OL.jpg\",\"width\":756,\"height\":210,\"caption\":\"Com\u00e9dia Laon\"},\"image\":{\"@id\":\"https:\\\/\\\/comedialaon.fr\\\/#\\\/schema\\\/logo\\\/image\\\/\"},\"sameAs\":[\"https:\\\/\\\/www.facebook.com\\\/profile.php?id=100008459438996\",\"https:\\\/\\\/www.youtube.com\\\/results?search_query=comedia laon\"]}]}<\/script>\n<!-- \/ Yoast SEO plugin. -->","yoast_head_json":{"title":"R\u00e9p\u00e9tition du 20 d\u00e9cembre 2019 : \u201cESP\u00c8CES MENAC\u00c9ES\u201d &#8226; Com\u00e9dia Laon","robots":{"index":"index","follow":"follow","max-snippet":"max-snippet:-1","max-image-preview":"max-image-preview:large","max-video-preview":"max-video-preview:-1"},"canonical":"https:\/\/comedialaon.fr\/?page_id=4756","og_locale":"fr_FR","og_type":"article","og_title":"R\u00e9p\u00e9tition du 20 d\u00e9cembre 2019 : \u201cESP\u00c8CES MENAC\u00c9ES\u201d &#8226; Com\u00e9dia Laon","og_url":"https:\/\/comedialaon.fr\/?page_id=4756","og_site_name":"Com\u00e9dia Laon","article_publisher":"https:\/\/www.facebook.com\/profile.php?id=100008459438996","schema":{"@context":"https:\/\/schema.org","@graph":[{"@type":"WebPage","@id":"https:\/\/comedialaon.fr\/?page_id=4756","url":"https:\/\/comedialaon.fr\/?page_id=4756","name":"R\u00e9p\u00e9tition du 20 d\u00e9cembre 2019 : \u201cESP\u00c8CES MENAC\u00c9ES\u201d &#8226; Com\u00e9dia Laon","isPartOf":{"@id":"https:\/\/comedialaon.fr\/#website"},"datePublished":"2021-07-25T09:50:03+00:00","breadcrumb":{"@id":"https:\/\/comedialaon.fr\/?page_id=4756#breadcrumb"},"inLanguage":"fr-FR","potentialAction":[{"@type":"ReadAction","target":["https:\/\/comedialaon.fr\/?page_id=4756"]}]},{"@type":"BreadcrumbList","@id":"https:\/\/comedialaon.fr\/?page_id=4756#breadcrumb","itemListElement":[{"@type":"ListItem","position":1,"name":"Accueil","item":"https:\/\/comedialaon.fr\/"},{"@type":"ListItem","position":2,"name":"R\u00e9p\u00e9tition du 20 d\u00e9cembre 2019 : \u201cESP\u00c8CES MENAC\u00c9ES\u201d"}]},{"@type":"WebSite","@id":"https:\/\/comedialaon.fr\/#website","url":"https:\/\/comedialaon.fr\/","name":"Com\u00e9dia Laon","description":"Prendre et donner du PLAISIR ... !!! ;-)","publisher":{"@id":"https:\/\/comedialaon.fr\/#organization"},"potentialAction":[{"@type":"SearchAction","target":{"@type":"EntryPoint","urlTemplate":"https:\/\/comedialaon.fr\/?s={search_term_string}"},"query-input":{"@type":"PropertyValueSpecification","valueRequired":true,"valueName":"search_term_string"}}],"inLanguage":"fr-FR"},{"@type":"Organization","@id":"https:\/\/comedialaon.fr\/#organization","name":"Com\u00e9dia Laon","url":"https:\/\/comedialaon.fr\/","logo":{"@type":"ImageObject","inLanguage":"fr-FR","@id":"https:\/\/comedialaon.fr\/#\/schema\/logo\/image\/","url":"https:\/\/comedialaon.fr\/wp-content\/uploads\/2019\/02\/LOGO-CL-et-OL.jpg","contentUrl":"https:\/\/comedialaon.fr\/wp-content\/uploads\/2019\/02\/LOGO-CL-et-OL.jpg","width":756,"height":210,"caption":"Com\u00e9dia Laon"},"image":{"@id":"https:\/\/comedialaon.fr\/#\/schema\/logo\/image\/"},"sameAs":["https:\/\/www.facebook.com\/profile.php?id=100008459438996","https:\/\/www.youtube.com\/results?search_query=comedia laon"]}]}},"_links":{"self":[{"href":"https:\/\/comedialaon.fr\/index.php?rest_route=\/wp\/v2\/pages\/4756","targetHints":{"allow":["GET"]}}],"collection":[{"href":"https:\/\/comedialaon.fr\/index.php?rest_route=\/wp\/v2\/pages"}],"about":[{"href":"https:\/\/comedialaon.fr\/index.php?rest_route=\/wp\/v2\/types\/page"}],"author":[{"embeddable":true,"href":"https:\/\/comedialaon.fr\/index.php?rest_route=\/wp\/v2\/users\/1"}],"replies":[{"embeddable":true,"href":"https:\/\/comedialaon.fr\/index.php?rest_route=%2Fwp%2Fv2%2Fcomments&post=4756"}],"version-history":[{"count":2,"href":"https:\/\/comedialaon.fr\/index.php?rest_route=\/wp\/v2\/pages\/4756\/revisions"}],"predecessor-version":[{"id":4824,"href":"https:\/\/comedialaon.fr\/index.php?rest_route=\/wp\/v2\/pages\/4756\/revisions\/4824"}],"wp:attachment":[{"href":"https:\/\/comedialaon.fr\/index.php?rest_route=%2Fwp%2Fv2%2Fmedia&parent=4756"}],"curies":[{"name":"wp","href":"https:\/\/api.w.org\/{rel}","templated":true}]}}