{"id":4373,"date":"2021-07-15T13:39:57","date_gmt":"2021-07-15T11:39:57","guid":{"rendered":"https:\/\/comedialaon.fr\/?page_id=4373"},"modified":"2021-07-15T13:39:57","modified_gmt":"2021-07-15T11:39:57","slug":"nos-dates-de-representations-pour-2017","status":"publish","type":"page","link":"https:\/\/comedialaon.fr\/?page_id=4373","title":{"rendered":"NOS DATES DE REPR\u00c9SENTATIONS POUR 2017"},"content":{"rendered":"<p>(les informations ci-dessous seront actualis\u00e9es au fil de l&rsquo;eau)<br \/>\nCalendrier mis \u00e0 jour le 21\/01\/2017<\/p>\n<p><a href=\"https:\/\/comedialaon.fr\/?page_id=1428\" title=\"\u201cSTATIONNEMENT ALTERN\u00c9\u201d :\">\u201cSTATIONNEMENT ALTERN\u00c9\u201d :<\/a><\/p>\n<p>Le dimanche 19 f\u00e9vrier 2017 \u00e0 15H00 \u00e0 LAON au Centre Social CAPNO Rue Fernand Christ Parking Carrefour Market.<br \/>\nR\u00e9servations 03 23 20 19 89 ou 03 23 79 63 13 ou comedialaon@orange.fr &#8211; Entr\u00e9e 10 \u20ac<\/p>\n<p>Le dimanche 26 f\u00e9vrier 2017 \u00e0 15H00 \u00e0 PINON \u00e0 la Salle des F\u00eates Place Charles de Gaulle.<br \/>\nR\u00e9servations 03 23 80 11 08 &#8211; Tarif entr\u00e9e voir Mairie de PINON<\/p>\n<p>Le dimanche 26 mars 2017 \u00e0 15H00 \u00e0 SISSONNE \u00e0 la Salle des F\u00eates Rue du Mar\u00e9chal de Lattre de Tassigny.<br \/>\nR\u00e9servations 03 23 20 19 89 ou 03 23 79 63 13 ou comedialaon@orange.fr &#8211; Entr\u00e9e 10 \u20ac<\/p>\n<p>Le samedi 8 avril 2017 \u00e0 20H30 \u00e0 SAINT-GOBAIN au Cin\u00e9ma l&rsquo;Ermitage 6 Rue Simon.<br \/>\nR\u00e9servations 03 23 20 19 89 ou 03 23 79 63 13 ou comedialaon@orange.fr &#8211; Entr\u00e9e 10 \u20ac<\/p>\n<p>Le vendredi 5 mai 2017 \u00e0 20H30 \u00e0 LAON \u00e0 la Maison des Arts et Loisirs Salle Guy SABATIER Place Gis\u00e8le Aubry.<br \/>\nR\u00e9servations 03 23 20 19 89 ou 03 23 79 63 13 ou comedialaon@orange.fr &#8211; Entr\u00e9e 10 \u20ac<\/p>\n","protected":false},"excerpt":{"rendered":"<p>(les informations ci-dessous seront actualis\u00e9es au fil de l&rsquo;eau) Calendrier mis \u00e0 jour le 21\/01\/2017 \u201cSTATIONNEMENT ALTERN\u00c9\u201d : Le dimanche 19 f\u00e9vrier 2017 \u00e0 15H00 \u00e0 LAON au Centre Social CAPNO Rue Fernand Christ Parking Carrefour Market. R\u00e9servations 03 23 20 19 89 ou 03 23 79 63 13 ou comedialaon@orange.fr &#8211; Entr\u00e9e 10 \u20ac<\/p>\n<p><a class=\"excerpt-more blog-excerpt\" href=\"https:\/\/comedialaon.fr\/?page_id=4373\">Lire la suite<\/a><\/p>\n","protected":false},"author":1,"featured_media":0,"parent":0,"menu_order":0,"comment_status":"closed","ping_status":"closed","template":"","meta":{"footnotes":""},"class_list":["post-4373","page","type-page","status-publish","hentry"],"yoast_head":"<!-- This site is optimized with the Yoast SEO plugin v27.5 - https:\/\/yoast.com\/product\/yoast-seo-wordpress\/ -->\n<title>NOS DATES DE REPR\u00c9SENTATIONS POUR 2017 &#8226; Com\u00e9dia Laon<\/title>\n<meta name=\"robots\" content=\"index, follow, max-snippet:-1, max-image-preview:large, max-video-preview:-1\" \/>\n<link rel=\"canonical\" href=\"https:\/\/comedialaon.fr\/?page_id=4373\" \/>\n<meta property=\"og:locale\" content=\"fr_FR\" \/>\n<meta property=\"og:type\" content=\"article\" \/>\n<meta property=\"og:title\" content=\"NOS DATES DE REPR\u00c9SENTATIONS POUR 2017 &#8226; Com\u00e9dia Laon\" \/>\n<meta property=\"og:description\" content=\"(les informations ci-dessous seront actualis\u00e9es au fil de l&rsquo;eau) Calendrier mis \u00e0 jour le 21\/01\/2017 \u201cSTATIONNEMENT ALTERN\u00c9\u201d : Le dimanche 19 f\u00e9vrier 2017 \u00e0 15H00 \u00e0 LAON au Centre Social CAPNO Rue Fernand Christ Parking Carrefour Market. R\u00e9servations 03 23 20 19 89 ou 03 23 79 63 13 ou comedialaon@orange.fr &#8211; Entr\u00e9e 10 \u20acLire la suite\" \/>\n<meta property=\"og:url\" content=\"https:\/\/comedialaon.fr\/?page_id=4373\" \/>\n<meta property=\"og:site_name\" content=\"Com\u00e9dia Laon\" \/>\n<meta property=\"article:publisher\" content=\"https:\/\/www.facebook.com\/profile.php?id=100008459438996\" \/>\n<meta name=\"twitter:label1\" content=\"Dur\u00e9e de lecture estim\u00e9e\" \/>\n\t<meta name=\"twitter:data1\" content=\"1 minute\" \/>\n<script type=\"application\/ld+json\" class=\"yoast-schema-graph\">{\"@context\":\"https:\\\/\\\/schema.org\",\"@graph\":[{\"@type\":\"WebPage\",\"@id\":\"https:\\\/\\\/comedialaon.fr\\\/?page_id=4373\",\"url\":\"https:\\\/\\\/comedialaon.fr\\\/?page_id=4373\",\"name\":\"NOS DATES DE REPR\u00c9SENTATIONS POUR 2017 &#8226; Com\u00e9dia Laon\",\"isPartOf\":{\"@id\":\"https:\\\/\\\/comedialaon.fr\\\/#website\"},\"datePublished\":\"2021-07-15T11:39:57+00:00\",\"breadcrumb\":{\"@id\":\"https:\\\/\\\/comedialaon.fr\\\/?page_id=4373#breadcrumb\"},\"inLanguage\":\"fr-FR\",\"potentialAction\":[{\"@type\":\"ReadAction\",\"target\":[\"https:\\\/\\\/comedialaon.fr\\\/?page_id=4373\"]}]},{\"@type\":\"BreadcrumbList\",\"@id\":\"https:\\\/\\\/comedialaon.fr\\\/?page_id=4373#breadcrumb\",\"itemListElement\":[{\"@type\":\"ListItem\",\"position\":1,\"name\":\"Accueil\",\"item\":\"https:\\\/\\\/comedialaon.fr\\\/\"},{\"@type\":\"ListItem\",\"position\":2,\"name\":\"NOS DATES DE REPR\u00c9SENTATIONS POUR 2017\"}]},{\"@type\":\"WebSite\",\"@id\":\"https:\\\/\\\/comedialaon.fr\\\/#website\",\"url\":\"https:\\\/\\\/comedialaon.fr\\\/\",\"name\":\"Com\u00e9dia Laon\",\"description\":\"Prendre et donner du PLAISIR ... !!! ;-)\",\"publisher\":{\"@id\":\"https:\\\/\\\/comedialaon.fr\\\/#organization\"},\"potentialAction\":[{\"@type\":\"SearchAction\",\"target\":{\"@type\":\"EntryPoint\",\"urlTemplate\":\"https:\\\/\\\/comedialaon.fr\\\/?s={search_term_string}\"},\"query-input\":{\"@type\":\"PropertyValueSpecification\",\"valueRequired\":true,\"valueName\":\"search_term_string\"}}],\"inLanguage\":\"fr-FR\"},{\"@type\":\"Organization\",\"@id\":\"https:\\\/\\\/comedialaon.fr\\\/#organization\",\"name\":\"Com\u00e9dia Laon\",\"url\":\"https:\\\/\\\/comedialaon.fr\\\/\",\"logo\":{\"@type\":\"ImageObject\",\"inLanguage\":\"fr-FR\",\"@id\":\"https:\\\/\\\/comedialaon.fr\\\/#\\\/schema\\\/logo\\\/image\\\/\",\"url\":\"https:\\\/\\\/comedialaon.fr\\\/wp-content\\\/uploads\\\/2019\\\/02\\\/LOGO-CL-et-OL.jpg\",\"contentUrl\":\"https:\\\/\\\/comedialaon.fr\\\/wp-content\\\/uploads\\\/2019\\\/02\\\/LOGO-CL-et-OL.jpg\",\"width\":756,\"height\":210,\"caption\":\"Com\u00e9dia Laon\"},\"image\":{\"@id\":\"https:\\\/\\\/comedialaon.fr\\\/#\\\/schema\\\/logo\\\/image\\\/\"},\"sameAs\":[\"https:\\\/\\\/www.facebook.com\\\/profile.php?id=100008459438996\",\"https:\\\/\\\/www.youtube.com\\\/results?search_query=comedia laon\"]}]}<\/script>\n<!-- \/ Yoast SEO plugin. -->","yoast_head_json":{"title":"NOS DATES DE REPR\u00c9SENTATIONS POUR 2017 &#8226; Com\u00e9dia Laon","robots":{"index":"index","follow":"follow","max-snippet":"max-snippet:-1","max-image-preview":"max-image-preview:large","max-video-preview":"max-video-preview:-1"},"canonical":"https:\/\/comedialaon.fr\/?page_id=4373","og_locale":"fr_FR","og_type":"article","og_title":"NOS DATES DE REPR\u00c9SENTATIONS POUR 2017 &#8226; Com\u00e9dia Laon","og_description":"(les informations ci-dessous seront actualis\u00e9es au fil de l&rsquo;eau) Calendrier mis \u00e0 jour le 21\/01\/2017 \u201cSTATIONNEMENT ALTERN\u00c9\u201d : Le dimanche 19 f\u00e9vrier 2017 \u00e0 15H00 \u00e0 LAON au Centre Social CAPNO Rue Fernand Christ Parking Carrefour Market. R\u00e9servations 03 23 20 19 89 ou 03 23 79 63 13 ou comedialaon@orange.fr &#8211; Entr\u00e9e 10 \u20acLire la suite","og_url":"https:\/\/comedialaon.fr\/?page_id=4373","og_site_name":"Com\u00e9dia Laon","article_publisher":"https:\/\/www.facebook.com\/profile.php?id=100008459438996","twitter_misc":{"Dur\u00e9e de lecture estim\u00e9e":"1 minute"},"schema":{"@context":"https:\/\/schema.org","@graph":[{"@type":"WebPage","@id":"https:\/\/comedialaon.fr\/?page_id=4373","url":"https:\/\/comedialaon.fr\/?page_id=4373","name":"NOS DATES DE REPR\u00c9SENTATIONS POUR 2017 &#8226; Com\u00e9dia Laon","isPartOf":{"@id":"https:\/\/comedialaon.fr\/#website"},"datePublished":"2021-07-15T11:39:57+00:00","breadcrumb":{"@id":"https:\/\/comedialaon.fr\/?page_id=4373#breadcrumb"},"inLanguage":"fr-FR","potentialAction":[{"@type":"ReadAction","target":["https:\/\/comedialaon.fr\/?page_id=4373"]}]},{"@type":"BreadcrumbList","@id":"https:\/\/comedialaon.fr\/?page_id=4373#breadcrumb","itemListElement":[{"@type":"ListItem","position":1,"name":"Accueil","item":"https:\/\/comedialaon.fr\/"},{"@type":"ListItem","position":2,"name":"NOS DATES DE REPR\u00c9SENTATIONS POUR 2017"}]},{"@type":"WebSite","@id":"https:\/\/comedialaon.fr\/#website","url":"https:\/\/comedialaon.fr\/","name":"Com\u00e9dia Laon","description":"Prendre et donner du PLAISIR ... !!! ;-)","publisher":{"@id":"https:\/\/comedialaon.fr\/#organization"},"potentialAction":[{"@type":"SearchAction","target":{"@type":"EntryPoint","urlTemplate":"https:\/\/comedialaon.fr\/?s={search_term_string}"},"query-input":{"@type":"PropertyValueSpecification","valueRequired":true,"valueName":"search_term_string"}}],"inLanguage":"fr-FR"},{"@type":"Organization","@id":"https:\/\/comedialaon.fr\/#organization","name":"Com\u00e9dia Laon","url":"https:\/\/comedialaon.fr\/","logo":{"@type":"ImageObject","inLanguage":"fr-FR","@id":"https:\/\/comedialaon.fr\/#\/schema\/logo\/image\/","url":"https:\/\/comedialaon.fr\/wp-content\/uploads\/2019\/02\/LOGO-CL-et-OL.jpg","contentUrl":"https:\/\/comedialaon.fr\/wp-content\/uploads\/2019\/02\/LOGO-CL-et-OL.jpg","width":756,"height":210,"caption":"Com\u00e9dia Laon"},"image":{"@id":"https:\/\/comedialaon.fr\/#\/schema\/logo\/image\/"},"sameAs":["https:\/\/www.facebook.com\/profile.php?id=100008459438996","https:\/\/www.youtube.com\/results?search_query=comedia laon"]}]}},"_links":{"self":[{"href":"https:\/\/comedialaon.fr\/index.php?rest_route=\/wp\/v2\/pages\/4373","targetHints":{"allow":["GET"]}}],"collection":[{"href":"https:\/\/comedialaon.fr\/index.php?rest_route=\/wp\/v2\/pages"}],"about":[{"href":"https:\/\/comedialaon.fr\/index.php?rest_route=\/wp\/v2\/types\/page"}],"author":[{"embeddable":true,"href":"https:\/\/comedialaon.fr\/index.php?rest_route=\/wp\/v2\/users\/1"}],"replies":[{"embeddable":true,"href":"https:\/\/comedialaon.fr\/index.php?rest_route=%2Fwp%2Fv2%2Fcomments&post=4373"}],"version-history":[{"count":1,"href":"https:\/\/comedialaon.fr\/index.php?rest_route=\/wp\/v2\/pages\/4373\/revisions"}],"predecessor-version":[{"id":4374,"href":"https:\/\/comedialaon.fr\/index.php?rest_route=\/wp\/v2\/pages\/4373\/revisions\/4374"}],"wp:attachment":[{"href":"https:\/\/comedialaon.fr\/index.php?rest_route=%2Fwp%2Fv2%2Fmedia&parent=4373"}],"curies":[{"name":"wp","href":"https:\/\/api.w.org\/{rel}","templated":true}]}}