{"id":3917,"date":"2020-06-30T10:29:34","date_gmt":"2020-06-30T08:29:34","guid":{"rendered":"https:\/\/comedialaon.fr\/?page_id=3917"},"modified":"2022-11-04T17:35:12","modified_gmt":"2022-11-04T15:35:12","slug":"pourquoi-moi","status":"publish","type":"page","link":"https:\/\/comedialaon.fr\/?page_id=3917","title":{"rendered":"POURQUOI MOI ?!"},"content":{"rendered":"<p><div id=\"attachment_4103\" style=\"width: 219px\" class=\"wp-caption alignleft\"><a href=\"https:\/\/comedialaon.fr\/wp-content\/uploads\/2021\/07\/Affiche-2022-A4-Pourquoi-moi-LA-MAL-18-03-2022.jpg\"><img loading=\"lazy\" decoding=\"async\" aria-describedby=\"caption-attachment-4103\" src=\"https:\/\/comedialaon.fr\/wp-content\/uploads\/2021\/07\/Affiche-2022-A4-Pourquoi-moi-LA-MAL-18-03-2022-209x300.jpg\" alt=\"\" width=\"209\" height=\"300\" class=\"size-medium wp-image-4103\" srcset=\"https:\/\/comedialaon.fr\/wp-content\/uploads\/2021\/07\/Affiche-2022-A4-Pourquoi-moi-LA-MAL-18-03-2022-209x300.jpg 209w, https:\/\/comedialaon.fr\/wp-content\/uploads\/2021\/07\/Affiche-2022-A4-Pourquoi-moi-LA-MAL-18-03-2022-713x1024.jpg 713w, https:\/\/comedialaon.fr\/wp-content\/uploads\/2021\/07\/Affiche-2022-A4-Pourquoi-moi-LA-MAL-18-03-2022.jpg 756w\" sizes=\"auto, (max-width: 209px) 100vw, 209px\" \/><\/a><p id=\"caption-attachment-4103\" class=\"wp-caption-text\">\u201cPourquoi moi ?!\u201d Maison des Arts et Loisirs de LAON le vendredi 18 mars 2022<\/p><\/div><br \/>\n\u201c<u>POURQUOI MOI ?!<\/u>\u201d est une com\u00e9die d&rsquo;Olivier LEJEUNE :<br \/>\n4 femmes et 3 hommes \u2013 D\u00e9cor : un appartement &#8211;  Dur\u00e9e : 1h40<\/p>\n<p><u>L\u2019histoire, de cette com\u00e9die irr\u00e9sistible qui va crescendo, est alambiqu\u00e9e et men\u00e9e comme une intrigue polici\u00e8re :<\/u><\/p>\n<p>Aristide Rouli, croupier, vient d\u2019\u00eatre quitt\u00e9 par sa femme pour son infid\u00e9lit\u00e9. Il faut d\u00e9j\u00e0 le dig\u00e9rer. Fou amoureux et d\u00e9cid\u00e9 \u00e0 la reconqu\u00e9rir, il trouve en catastrophe, dans un immeuble plus que glauque, un appartement en face de chez elle et s\u2019y installe. L\u00e0 encore, il faut un moral d\u2019acier\u2026<br \/>\nD\u00e8s le premier soir o\u00f9 il est encore dans ses cartons, il est d\u00e9rang\u00e9 par ses nouveaux voisins, tous plus d\u00e9jant\u00e9s les uns que les autres, qui vont se r\u00e9v\u00e9ler bien encombrants et le m\u00ealer \u00e0 leurs vies au risque d\u2019exploser la sienne \u2026 On atteint l\u00e0 le haut de l\u2019\u00e9chelle du stress. A chaque probl\u00e8me, \u00e9tant d&rsquo;un naturel serviable, il tente na\u00efvement d\u2019aider mais \u00e7a ne fait qu&#8217;empirer les choses et tout finit par se retourner contre lui. Un cauchemar \u00e9veill\u00e9 !!!<br \/>\nAristide Rouli n\u2019est pas au bout de ses surprises, ni de ses peines, en d\u00e9couvrant que dans ce logement, l\u2019ancien locataire y a laiss\u00e9 sa vie\u2026 d\u2019une mani\u00e8re plus que terrifiante. Il se demande vraiment pourquoi, et pourquoi tout cela lui tombe dessus. Mais il va s\u2019en sortir\u2026<\/p>\n<p><a href=\"https:\/\/comedialaon.fr\/?page_id=5163\" title=\"Album photos MONS EN LAONNOIS\">Album photos MONS EN LAONNOIS<\/a><\/p>\n<p><a href=\"https:\/\/comedialaon.fr\/?page_id=5209\" title=\"Album photos PINON\">Album photos PINON <\/a><\/p>\n<p><a href=\"https:\/\/comedialaon.fr\/?page_id=4086\" title=\"Nos dates de repr\u00e9sentations pour 2022\"> Nos dates de repr\u00e9sentations pour 2022<\/a><\/p>\n","protected":false},"excerpt":{"rendered":"<p>\u201cPOURQUOI MOI ?!\u201d est une com\u00e9die d&rsquo;Olivier LEJEUNE : 4 femmes et 3 hommes \u2013 D\u00e9cor : un appartement &#8211; Dur\u00e9e : 1h40 L\u2019histoire, de cette com\u00e9die irr\u00e9sistible qui va crescendo, est alambiqu\u00e9e et men\u00e9e comme une intrigue polici\u00e8re : Aristide Rouli, croupier, vient d\u2019\u00eatre quitt\u00e9 par sa femme pour son infid\u00e9lit\u00e9. Il faut d\u00e9j\u00e0<\/p>\n<p><a class=\"excerpt-more blog-excerpt\" href=\"https:\/\/comedialaon.fr\/?page_id=3917\">Lire la suite<\/a><\/p>\n","protected":false},"author":1,"featured_media":0,"parent":0,"menu_order":0,"comment_status":"closed","ping_status":"closed","template":"","meta":{"footnotes":""},"class_list":["post-3917","page","type-page","status-publish","hentry"],"yoast_head":"<!-- This site is optimized with the Yoast SEO plugin v27.5 - https:\/\/yoast.com\/product\/yoast-seo-wordpress\/ -->\n<title>POURQUOI MOI ?! &#8226; Com\u00e9dia Laon<\/title>\n<meta name=\"robots\" content=\"index, follow, max-snippet:-1, max-image-preview:large, max-video-preview:-1\" \/>\n<link rel=\"canonical\" href=\"https:\/\/comedialaon.fr\/?page_id=3917\" \/>\n<meta property=\"og:locale\" content=\"fr_FR\" \/>\n<meta property=\"og:type\" content=\"article\" \/>\n<meta property=\"og:title\" content=\"POURQUOI MOI ?! &#8226; Com\u00e9dia Laon\" \/>\n<meta property=\"og:description\" content=\"\u201cPOURQUOI MOI ?!\u201d est une com\u00e9die d&rsquo;Olivier LEJEUNE : 4 femmes et 3 hommes \u2013 D\u00e9cor : un appartement &#8211; Dur\u00e9e : 1h40 L\u2019histoire, de cette com\u00e9die irr\u00e9sistible qui va crescendo, est alambiqu\u00e9e et men\u00e9e comme une intrigue polici\u00e8re : Aristide Rouli, croupier, vient d\u2019\u00eatre quitt\u00e9 par sa femme pour son infid\u00e9lit\u00e9. Il faut d\u00e9j\u00e0Lire la suite\" \/>\n<meta property=\"og:url\" content=\"https:\/\/comedialaon.fr\/?page_id=3917\" \/>\n<meta property=\"og:site_name\" content=\"Com\u00e9dia Laon\" \/>\n<meta property=\"article:publisher\" content=\"https:\/\/www.facebook.com\/profile.php?id=100008459438996\" \/>\n<meta property=\"article:modified_time\" content=\"2022-11-04T15:35:12+00:00\" \/>\n<meta property=\"og:image\" content=\"https:\/\/comedialaon.fr\/wp-content\/uploads\/2021\/07\/Affiche-2022-A4-Pourquoi-moi-LA-MAL-18-03-2022-209x300.jpg\" \/>\n<meta name=\"twitter:label1\" content=\"Dur\u00e9e de lecture estim\u00e9e\" \/>\n\t<meta name=\"twitter:data1\" content=\"2 minutes\" \/>\n<script type=\"application\/ld+json\" class=\"yoast-schema-graph\">{\"@context\":\"https:\\\/\\\/schema.org\",\"@graph\":[{\"@type\":\"WebPage\",\"@id\":\"https:\\\/\\\/comedialaon.fr\\\/?page_id=3917\",\"url\":\"https:\\\/\\\/comedialaon.fr\\\/?page_id=3917\",\"name\":\"POURQUOI MOI ?! &#8226; Com\u00e9dia Laon\",\"isPartOf\":{\"@id\":\"https:\\\/\\\/comedialaon.fr\\\/#website\"},\"primaryImageOfPage\":{\"@id\":\"https:\\\/\\\/comedialaon.fr\\\/?page_id=3917#primaryimage\"},\"image\":{\"@id\":\"https:\\\/\\\/comedialaon.fr\\\/?page_id=3917#primaryimage\"},\"thumbnailUrl\":\"https:\\\/\\\/comedialaon.fr\\\/wp-content\\\/uploads\\\/2021\\\/07\\\/Affiche-2022-A4-Pourquoi-moi-LA-MAL-18-03-2022-209x300.jpg\",\"datePublished\":\"2020-06-30T08:29:34+00:00\",\"dateModified\":\"2022-11-04T15:35:12+00:00\",\"breadcrumb\":{\"@id\":\"https:\\\/\\\/comedialaon.fr\\\/?page_id=3917#breadcrumb\"},\"inLanguage\":\"fr-FR\",\"potentialAction\":[{\"@type\":\"ReadAction\",\"target\":[\"https:\\\/\\\/comedialaon.fr\\\/?page_id=3917\"]}]},{\"@type\":\"ImageObject\",\"inLanguage\":\"fr-FR\",\"@id\":\"https:\\\/\\\/comedialaon.fr\\\/?page_id=3917#primaryimage\",\"url\":\"https:\\\/\\\/comedialaon.fr\\\/wp-content\\\/uploads\\\/2021\\\/07\\\/Affiche-2022-A4-Pourquoi-moi-LA-MAL-18-03-2022.jpg\",\"contentUrl\":\"https:\\\/\\\/comedialaon.fr\\\/wp-content\\\/uploads\\\/2021\\\/07\\\/Affiche-2022-A4-Pourquoi-moi-LA-MAL-18-03-2022.jpg\",\"width\":756,\"height\":1085,\"caption\":\"\u201cPourquoi moi ?!\u201d Maison des Arts et Loisirs de LAON le vendredi 18 mars 2022\"},{\"@type\":\"BreadcrumbList\",\"@id\":\"https:\\\/\\\/comedialaon.fr\\\/?page_id=3917#breadcrumb\",\"itemListElement\":[{\"@type\":\"ListItem\",\"position\":1,\"name\":\"Accueil\",\"item\":\"https:\\\/\\\/comedialaon.fr\\\/\"},{\"@type\":\"ListItem\",\"position\":2,\"name\":\"POURQUOI MOI ?!\"}]},{\"@type\":\"WebSite\",\"@id\":\"https:\\\/\\\/comedialaon.fr\\\/#website\",\"url\":\"https:\\\/\\\/comedialaon.fr\\\/\",\"name\":\"Com\u00e9dia Laon\",\"description\":\"Prendre et donner du PLAISIR ... !!! ;-)\",\"publisher\":{\"@id\":\"https:\\\/\\\/comedialaon.fr\\\/#organization\"},\"potentialAction\":[{\"@type\":\"SearchAction\",\"target\":{\"@type\":\"EntryPoint\",\"urlTemplate\":\"https:\\\/\\\/comedialaon.fr\\\/?s={search_term_string}\"},\"query-input\":{\"@type\":\"PropertyValueSpecification\",\"valueRequired\":true,\"valueName\":\"search_term_string\"}}],\"inLanguage\":\"fr-FR\"},{\"@type\":\"Organization\",\"@id\":\"https:\\\/\\\/comedialaon.fr\\\/#organization\",\"name\":\"Com\u00e9dia Laon\",\"url\":\"https:\\\/\\\/comedialaon.fr\\\/\",\"logo\":{\"@type\":\"ImageObject\",\"inLanguage\":\"fr-FR\",\"@id\":\"https:\\\/\\\/comedialaon.fr\\\/#\\\/schema\\\/logo\\\/image\\\/\",\"url\":\"https:\\\/\\\/comedialaon.fr\\\/wp-content\\\/uploads\\\/2019\\\/02\\\/LOGO-CL-et-OL.jpg\",\"contentUrl\":\"https:\\\/\\\/comedialaon.fr\\\/wp-content\\\/uploads\\\/2019\\\/02\\\/LOGO-CL-et-OL.jpg\",\"width\":756,\"height\":210,\"caption\":\"Com\u00e9dia Laon\"},\"image\":{\"@id\":\"https:\\\/\\\/comedialaon.fr\\\/#\\\/schema\\\/logo\\\/image\\\/\"},\"sameAs\":[\"https:\\\/\\\/www.facebook.com\\\/profile.php?id=100008459438996\",\"https:\\\/\\\/www.youtube.com\\\/results?search_query=comedia laon\"]}]}<\/script>\n<!-- \/ Yoast SEO plugin. -->","yoast_head_json":{"title":"POURQUOI MOI ?! &#8226; Com\u00e9dia Laon","robots":{"index":"index","follow":"follow","max-snippet":"max-snippet:-1","max-image-preview":"max-image-preview:large","max-video-preview":"max-video-preview:-1"},"canonical":"https:\/\/comedialaon.fr\/?page_id=3917","og_locale":"fr_FR","og_type":"article","og_title":"POURQUOI MOI ?! &#8226; Com\u00e9dia Laon","og_description":"\u201cPOURQUOI MOI ?!\u201d est une com\u00e9die d&rsquo;Olivier LEJEUNE : 4 femmes et 3 hommes \u2013 D\u00e9cor : un appartement &#8211; Dur\u00e9e : 1h40 L\u2019histoire, de cette com\u00e9die irr\u00e9sistible qui va crescendo, est alambiqu\u00e9e et men\u00e9e comme une intrigue polici\u00e8re : Aristide Rouli, croupier, vient d\u2019\u00eatre quitt\u00e9 par sa femme pour son infid\u00e9lit\u00e9. Il faut d\u00e9j\u00e0Lire la suite","og_url":"https:\/\/comedialaon.fr\/?page_id=3917","og_site_name":"Com\u00e9dia Laon","article_publisher":"https:\/\/www.facebook.com\/profile.php?id=100008459438996","article_modified_time":"2022-11-04T15:35:12+00:00","og_image":[{"url":"https:\/\/comedialaon.fr\/wp-content\/uploads\/2021\/07\/Affiche-2022-A4-Pourquoi-moi-LA-MAL-18-03-2022-209x300.jpg","type":"","width":"","height":""}],"twitter_misc":{"Dur\u00e9e de lecture estim\u00e9e":"2 minutes"},"schema":{"@context":"https:\/\/schema.org","@graph":[{"@type":"WebPage","@id":"https:\/\/comedialaon.fr\/?page_id=3917","url":"https:\/\/comedialaon.fr\/?page_id=3917","name":"POURQUOI MOI ?! &#8226; Com\u00e9dia Laon","isPartOf":{"@id":"https:\/\/comedialaon.fr\/#website"},"primaryImageOfPage":{"@id":"https:\/\/comedialaon.fr\/?page_id=3917#primaryimage"},"image":{"@id":"https:\/\/comedialaon.fr\/?page_id=3917#primaryimage"},"thumbnailUrl":"https:\/\/comedialaon.fr\/wp-content\/uploads\/2021\/07\/Affiche-2022-A4-Pourquoi-moi-LA-MAL-18-03-2022-209x300.jpg","datePublished":"2020-06-30T08:29:34+00:00","dateModified":"2022-11-04T15:35:12+00:00","breadcrumb":{"@id":"https:\/\/comedialaon.fr\/?page_id=3917#breadcrumb"},"inLanguage":"fr-FR","potentialAction":[{"@type":"ReadAction","target":["https:\/\/comedialaon.fr\/?page_id=3917"]}]},{"@type":"ImageObject","inLanguage":"fr-FR","@id":"https:\/\/comedialaon.fr\/?page_id=3917#primaryimage","url":"https:\/\/comedialaon.fr\/wp-content\/uploads\/2021\/07\/Affiche-2022-A4-Pourquoi-moi-LA-MAL-18-03-2022.jpg","contentUrl":"https:\/\/comedialaon.fr\/wp-content\/uploads\/2021\/07\/Affiche-2022-A4-Pourquoi-moi-LA-MAL-18-03-2022.jpg","width":756,"height":1085,"caption":"\u201cPourquoi moi ?!\u201d Maison des Arts et Loisirs de LAON le vendredi 18 mars 2022"},{"@type":"BreadcrumbList","@id":"https:\/\/comedialaon.fr\/?page_id=3917#breadcrumb","itemListElement":[{"@type":"ListItem","position":1,"name":"Accueil","item":"https:\/\/comedialaon.fr\/"},{"@type":"ListItem","position":2,"name":"POURQUOI MOI ?!"}]},{"@type":"WebSite","@id":"https:\/\/comedialaon.fr\/#website","url":"https:\/\/comedialaon.fr\/","name":"Com\u00e9dia Laon","description":"Prendre et donner du PLAISIR ... !!! ;-)","publisher":{"@id":"https:\/\/comedialaon.fr\/#organization"},"potentialAction":[{"@type":"SearchAction","target":{"@type":"EntryPoint","urlTemplate":"https:\/\/comedialaon.fr\/?s={search_term_string}"},"query-input":{"@type":"PropertyValueSpecification","valueRequired":true,"valueName":"search_term_string"}}],"inLanguage":"fr-FR"},{"@type":"Organization","@id":"https:\/\/comedialaon.fr\/#organization","name":"Com\u00e9dia Laon","url":"https:\/\/comedialaon.fr\/","logo":{"@type":"ImageObject","inLanguage":"fr-FR","@id":"https:\/\/comedialaon.fr\/#\/schema\/logo\/image\/","url":"https:\/\/comedialaon.fr\/wp-content\/uploads\/2019\/02\/LOGO-CL-et-OL.jpg","contentUrl":"https:\/\/comedialaon.fr\/wp-content\/uploads\/2019\/02\/LOGO-CL-et-OL.jpg","width":756,"height":210,"caption":"Com\u00e9dia Laon"},"image":{"@id":"https:\/\/comedialaon.fr\/#\/schema\/logo\/image\/"},"sameAs":["https:\/\/www.facebook.com\/profile.php?id=100008459438996","https:\/\/www.youtube.com\/results?search_query=comedia laon"]}]}},"_links":{"self":[{"href":"https:\/\/comedialaon.fr\/index.php?rest_route=\/wp\/v2\/pages\/3917","targetHints":{"allow":["GET"]}}],"collection":[{"href":"https:\/\/comedialaon.fr\/index.php?rest_route=\/wp\/v2\/pages"}],"about":[{"href":"https:\/\/comedialaon.fr\/index.php?rest_route=\/wp\/v2\/types\/page"}],"author":[{"embeddable":true,"href":"https:\/\/comedialaon.fr\/index.php?rest_route=\/wp\/v2\/users\/1"}],"replies":[{"embeddable":true,"href":"https:\/\/comedialaon.fr\/index.php?rest_route=%2Fwp%2Fv2%2Fcomments&post=3917"}],"version-history":[{"count":19,"href":"https:\/\/comedialaon.fr\/index.php?rest_route=\/wp\/v2\/pages\/3917\/revisions"}],"predecessor-version":[{"id":8148,"href":"https:\/\/comedialaon.fr\/index.php?rest_route=\/wp\/v2\/pages\/3917\/revisions\/8148"}],"wp:attachment":[{"href":"https:\/\/comedialaon.fr\/index.php?rest_route=%2Fwp%2Fv2%2Fmedia&parent=3917"}],"curies":[{"name":"wp","href":"https:\/\/api.w.org\/{rel}","templated":true}]}}