{"id":3483,"date":"2019-10-01T14:20:18","date_gmt":"2019-10-01T12:20:18","guid":{"rendered":"https:\/\/comedialaon.fr\/?page_id=3483"},"modified":"2023-02-08T11:12:28","modified_gmt":"2023-02-08T09:12:28","slug":"infos-live-2020","status":"publish","type":"page","link":"https:\/\/comedialaon.fr\/?page_id=3483","title":{"rendered":"INFOS LIVE 2020"},"content":{"rendered":"<p><a href=\"https:\/\/comedialaon.fr\/?page_id=3899\" title=\"30 juin 2020 : \u201cNOUVELLE SAISON ET NOUVEAU SPECTACLE\u201d\">30 juin 2020 : NOUVELLE SAISON ET NOUVEAU SPECTACLE<a><br \/>\n<a href=\"https:\/\/comedialaon.fr\/?page_id=3868\" title=\"16 mars 2020 : \u201cMESSAGE IMPORTANT\u201d\">16 mars 2020 : MESSAGE IMPORTANT<a><br \/>\n<a href=\"https:\/\/comedialaon.fr\/?page_id=3702\" title=\"19 f\u00e9vrier 2020 : T\u00c9L\u00c9THON ET PREMI\u00c8RE AU CAPNO\u201d\">19 f\u00e9vrier 2020 : T\u00c9L\u00c9THON ET PREMI\u00c8RE AU CAPNO<\/a><br \/>\n<a href=\"https:\/\/comedialaon.fr\/?page_id=3651\" title=\"1er f\u00e9vrier 2020 : DERNIERS R\u00c9GLAGES AVANT LE T\u00c9L\u00c9THON\u201d\">1er f\u00e9vrier 2020 : DERNIERS R\u00c9GLAGES AVANT LE T\u00c9L\u00c9THON<\/a><\/p>\n","protected":false},"excerpt":{"rendered":"<p>30 juin 2020 : NOUVELLE SAISON ET NOUVEAU SPECTACLE 16 mars 2020 : MESSAGE IMPORTANT 19 f\u00e9vrier 2020 : T\u00c9L\u00c9THON ET PREMI\u00c8RE AU CAPNO 1er f\u00e9vrier 2020 : DERNIERS R\u00c9GLAGES AVANT LE T\u00c9L\u00c9THON<\/p>\n","protected":false},"author":1,"featured_media":0,"parent":0,"menu_order":0,"comment_status":"closed","ping_status":"closed","template":"","meta":{"footnotes":""},"class_list":["post-3483","page","type-page","status-publish","hentry"],"yoast_head":"<!-- This site is optimized with the Yoast SEO plugin v27.5 - https:\/\/yoast.com\/product\/yoast-seo-wordpress\/ -->\n<title>INFOS LIVE 2020 &#8226; Com\u00e9dia Laon<\/title>\n<meta name=\"robots\" content=\"index, follow, max-snippet:-1, max-image-preview:large, max-video-preview:-1\" \/>\n<link rel=\"canonical\" href=\"https:\/\/comedialaon.fr\/?page_id=3483\" \/>\n<meta property=\"og:locale\" content=\"fr_FR\" \/>\n<meta property=\"og:type\" content=\"article\" \/>\n<meta property=\"og:title\" content=\"INFOS LIVE 2020 &#8226; Com\u00e9dia Laon\" \/>\n<meta property=\"og:description\" content=\"30 juin 2020 : NOUVELLE SAISON ET NOUVEAU SPECTACLE 16 mars 2020 : MESSAGE IMPORTANT 19 f\u00e9vrier 2020 : T\u00c9L\u00c9THON ET PREMI\u00c8RE AU CAPNO 1er f\u00e9vrier 2020 : DERNIERS R\u00c9GLAGES AVANT LE T\u00c9L\u00c9THON\" \/>\n<meta property=\"og:url\" content=\"https:\/\/comedialaon.fr\/?page_id=3483\" \/>\n<meta property=\"og:site_name\" content=\"Com\u00e9dia Laon\" \/>\n<meta property=\"article:publisher\" content=\"https:\/\/www.facebook.com\/profile.php?id=100008459438996\" \/>\n<meta property=\"article:modified_time\" content=\"2023-02-08T09:12:28+00:00\" \/>\n<meta name=\"twitter:label1\" content=\"Dur\u00e9e de lecture estim\u00e9e\" \/>\n\t<meta name=\"twitter:data1\" content=\"1 minute\" \/>\n<script type=\"application\/ld+json\" class=\"yoast-schema-graph\">{\"@context\":\"https:\\\/\\\/schema.org\",\"@graph\":[{\"@type\":\"WebPage\",\"@id\":\"https:\\\/\\\/comedialaon.fr\\\/?page_id=3483\",\"url\":\"https:\\\/\\\/comedialaon.fr\\\/?page_id=3483\",\"name\":\"INFOS LIVE 2020 &#8226; Com\u00e9dia Laon\",\"isPartOf\":{\"@id\":\"https:\\\/\\\/comedialaon.fr\\\/#website\"},\"datePublished\":\"2019-10-01T12:20:18+00:00\",\"dateModified\":\"2023-02-08T09:12:28+00:00\",\"breadcrumb\":{\"@id\":\"https:\\\/\\\/comedialaon.fr\\\/?page_id=3483#breadcrumb\"},\"inLanguage\":\"fr-FR\",\"potentialAction\":[{\"@type\":\"ReadAction\",\"target\":[\"https:\\\/\\\/comedialaon.fr\\\/?page_id=3483\"]}]},{\"@type\":\"BreadcrumbList\",\"@id\":\"https:\\\/\\\/comedialaon.fr\\\/?page_id=3483#breadcrumb\",\"itemListElement\":[{\"@type\":\"ListItem\",\"position\":1,\"name\":\"Accueil\",\"item\":\"https:\\\/\\\/comedialaon.fr\\\/\"},{\"@type\":\"ListItem\",\"position\":2,\"name\":\"INFOS LIVE 2020\"}]},{\"@type\":\"WebSite\",\"@id\":\"https:\\\/\\\/comedialaon.fr\\\/#website\",\"url\":\"https:\\\/\\\/comedialaon.fr\\\/\",\"name\":\"Com\u00e9dia Laon\",\"description\":\"Prendre et donner du PLAISIR ... !!! ;-)\",\"publisher\":{\"@id\":\"https:\\\/\\\/comedialaon.fr\\\/#organization\"},\"potentialAction\":[{\"@type\":\"SearchAction\",\"target\":{\"@type\":\"EntryPoint\",\"urlTemplate\":\"https:\\\/\\\/comedialaon.fr\\\/?s={search_term_string}\"},\"query-input\":{\"@type\":\"PropertyValueSpecification\",\"valueRequired\":true,\"valueName\":\"search_term_string\"}}],\"inLanguage\":\"fr-FR\"},{\"@type\":\"Organization\",\"@id\":\"https:\\\/\\\/comedialaon.fr\\\/#organization\",\"name\":\"Com\u00e9dia Laon\",\"url\":\"https:\\\/\\\/comedialaon.fr\\\/\",\"logo\":{\"@type\":\"ImageObject\",\"inLanguage\":\"fr-FR\",\"@id\":\"https:\\\/\\\/comedialaon.fr\\\/#\\\/schema\\\/logo\\\/image\\\/\",\"url\":\"https:\\\/\\\/comedialaon.fr\\\/wp-content\\\/uploads\\\/2019\\\/02\\\/LOGO-CL-et-OL.jpg\",\"contentUrl\":\"https:\\\/\\\/comedialaon.fr\\\/wp-content\\\/uploads\\\/2019\\\/02\\\/LOGO-CL-et-OL.jpg\",\"width\":756,\"height\":210,\"caption\":\"Com\u00e9dia Laon\"},\"image\":{\"@id\":\"https:\\\/\\\/comedialaon.fr\\\/#\\\/schema\\\/logo\\\/image\\\/\"},\"sameAs\":[\"https:\\\/\\\/www.facebook.com\\\/profile.php?id=100008459438996\",\"https:\\\/\\\/www.youtube.com\\\/results?search_query=comedia laon\"]}]}<\/script>\n<!-- \/ Yoast SEO plugin. -->","yoast_head_json":{"title":"INFOS LIVE 2020 &#8226; Com\u00e9dia Laon","robots":{"index":"index","follow":"follow","max-snippet":"max-snippet:-1","max-image-preview":"max-image-preview:large","max-video-preview":"max-video-preview:-1"},"canonical":"https:\/\/comedialaon.fr\/?page_id=3483","og_locale":"fr_FR","og_type":"article","og_title":"INFOS LIVE 2020 &#8226; Com\u00e9dia Laon","og_description":"30 juin 2020 : NOUVELLE SAISON ET NOUVEAU SPECTACLE 16 mars 2020 : MESSAGE IMPORTANT 19 f\u00e9vrier 2020 : T\u00c9L\u00c9THON ET PREMI\u00c8RE AU CAPNO 1er f\u00e9vrier 2020 : DERNIERS R\u00c9GLAGES AVANT LE T\u00c9L\u00c9THON","og_url":"https:\/\/comedialaon.fr\/?page_id=3483","og_site_name":"Com\u00e9dia Laon","article_publisher":"https:\/\/www.facebook.com\/profile.php?id=100008459438996","article_modified_time":"2023-02-08T09:12:28+00:00","twitter_misc":{"Dur\u00e9e de lecture estim\u00e9e":"1 minute"},"schema":{"@context":"https:\/\/schema.org","@graph":[{"@type":"WebPage","@id":"https:\/\/comedialaon.fr\/?page_id=3483","url":"https:\/\/comedialaon.fr\/?page_id=3483","name":"INFOS LIVE 2020 &#8226; Com\u00e9dia Laon","isPartOf":{"@id":"https:\/\/comedialaon.fr\/#website"},"datePublished":"2019-10-01T12:20:18+00:00","dateModified":"2023-02-08T09:12:28+00:00","breadcrumb":{"@id":"https:\/\/comedialaon.fr\/?page_id=3483#breadcrumb"},"inLanguage":"fr-FR","potentialAction":[{"@type":"ReadAction","target":["https:\/\/comedialaon.fr\/?page_id=3483"]}]},{"@type":"BreadcrumbList","@id":"https:\/\/comedialaon.fr\/?page_id=3483#breadcrumb","itemListElement":[{"@type":"ListItem","position":1,"name":"Accueil","item":"https:\/\/comedialaon.fr\/"},{"@type":"ListItem","position":2,"name":"INFOS LIVE 2020"}]},{"@type":"WebSite","@id":"https:\/\/comedialaon.fr\/#website","url":"https:\/\/comedialaon.fr\/","name":"Com\u00e9dia Laon","description":"Prendre et donner du PLAISIR ... !!! ;-)","publisher":{"@id":"https:\/\/comedialaon.fr\/#organization"},"potentialAction":[{"@type":"SearchAction","target":{"@type":"EntryPoint","urlTemplate":"https:\/\/comedialaon.fr\/?s={search_term_string}"},"query-input":{"@type":"PropertyValueSpecification","valueRequired":true,"valueName":"search_term_string"}}],"inLanguage":"fr-FR"},{"@type":"Organization","@id":"https:\/\/comedialaon.fr\/#organization","name":"Com\u00e9dia Laon","url":"https:\/\/comedialaon.fr\/","logo":{"@type":"ImageObject","inLanguage":"fr-FR","@id":"https:\/\/comedialaon.fr\/#\/schema\/logo\/image\/","url":"https:\/\/comedialaon.fr\/wp-content\/uploads\/2019\/02\/LOGO-CL-et-OL.jpg","contentUrl":"https:\/\/comedialaon.fr\/wp-content\/uploads\/2019\/02\/LOGO-CL-et-OL.jpg","width":756,"height":210,"caption":"Com\u00e9dia Laon"},"image":{"@id":"https:\/\/comedialaon.fr\/#\/schema\/logo\/image\/"},"sameAs":["https:\/\/www.facebook.com\/profile.php?id=100008459438996","https:\/\/www.youtube.com\/results?search_query=comedia laon"]}]}},"_links":{"self":[{"href":"https:\/\/comedialaon.fr\/index.php?rest_route=\/wp\/v2\/pages\/3483","targetHints":{"allow":["GET"]}}],"collection":[{"href":"https:\/\/comedialaon.fr\/index.php?rest_route=\/wp\/v2\/pages"}],"about":[{"href":"https:\/\/comedialaon.fr\/index.php?rest_route=\/wp\/v2\/types\/page"}],"author":[{"embeddable":true,"href":"https:\/\/comedialaon.fr\/index.php?rest_route=\/wp\/v2\/users\/1"}],"replies":[{"embeddable":true,"href":"https:\/\/comedialaon.fr\/index.php?rest_route=%2Fwp%2Fv2%2Fcomments&post=3483"}],"version-history":[{"count":14,"href":"https:\/\/comedialaon.fr\/index.php?rest_route=\/wp\/v2\/pages\/3483\/revisions"}],"predecessor-version":[{"id":8415,"href":"https:\/\/comedialaon.fr\/index.php?rest_route=\/wp\/v2\/pages\/3483\/revisions\/8415"}],"wp:attachment":[{"href":"https:\/\/comedialaon.fr\/index.php?rest_route=%2Fwp%2Fv2%2Fmedia&parent=3483"}],"curies":[{"name":"wp","href":"https:\/\/api.w.org\/{rel}","templated":true}]}}