{"id":2915,"date":"2018-12-09T23:12:47","date_gmt":"2018-12-09T21:12:47","guid":{"rendered":"https:\/\/comedialaon.fr\/?page_id=2915"},"modified":"2021-07-21T10:54:25","modified_gmt":"2021-07-21T08:54:25","slug":"la-symphonie-des-faux-culs","status":"publish","type":"page","link":"https:\/\/comedialaon.fr\/?page_id=2915","title":{"rendered":"LA SYMPHONIE DES FAUX-CULS"},"content":{"rendered":"<div id=\"attachment_2899\" style=\"width: 264px\" class=\"wp-caption alignleft\"><a href=\"https:\/\/comedialaon.fr\/wp-content\/uploads\/2018\/12\/Affiche-la-Symphonie-des-faux-culs-avec-CL-OL-et-SPONSORS.jpg\"><img loading=\"lazy\" decoding=\"async\" aria-describedby=\"caption-attachment-2899\" src=\"https:\/\/comedialaon.fr\/wp-content\/uploads\/2018\/12\/Affiche-la-Symphonie-des-faux-culs-avec-CL-OL-et-SPONSORS-254x300.jpg\" alt=\"\" class=\"size-medium wp-image-2899\" width=\"254\" height=\"300\" srcset=\"https:\/\/comedialaon.fr\/wp-content\/uploads\/2018\/12\/Affiche-la-Symphonie-des-faux-culs-avec-CL-OL-et-SPONSORS-254x300.jpg 254w, https:\/\/comedialaon.fr\/wp-content\/uploads\/2018\/12\/Affiche-la-Symphonie-des-faux-culs-avec-CL-OL-et-SPONSORS-768x908.jpg 768w, https:\/\/comedialaon.fr\/wp-content\/uploads\/2018\/12\/Affiche-la-Symphonie-des-faux-culs-avec-CL-OL-et-SPONSORS.jpg 791w\" sizes=\"auto, (max-width: 254px) 100vw, 254px\" \/><\/a><p id=\"caption-attachment-2899\" class=\"wp-caption-text\">Spectacle 2019 :  La symphonie des faux culs d&rsquo;Olivier LEJEUNE<\/p><\/div>\n<p>\u201cLA SYMPHONIE DES FAUX-CULS\u201d est une com\u00e9die d&rsquo;Olivier LEJEUNE<\/p>\n<p><u> Le sujet<\/u> : Hubert Karann, c\u00e9l\u00e8bre chef d&rsquo;orchestre, s&rsquo;appr\u00eate \u00e0 diriger la cinqui\u00e8me symphonie de Beethoven dont il disait \u00ab\u00a0C&rsquo;est le destin qui frappe \u00e0 la porte\u00a0\u00bb. Et en effet, le destin frappe \u00e0 la porte de sa loge sous la forme d&rsquo;un inconnu : Henri Karpett, un fan on ne peut plus collant. Preuves \u00e0 l&rsquo;appui, ce fan lui d\u00e9montre qu&rsquo;ils sont n\u00e9s le m\u00eame jour, sous la m\u00eame configuration astrale et que, malgr\u00e9 leurs diff\u00e9rences sociales, ils ont un destin parfaitement identique. Sauf que ce fan est n\u00e9 deux heures avant lui. Donc tout ce qui arrive au fan, \u00e7a va lui arriver deux heures plus tard. Aussi quand ce fan, en pleurs, lui apprend qu&rsquo;il vient tout juste d&rsquo;\u00eatre cocu&#8230; lui, l&rsquo;immense maestro, va-t-il obligatoirement l&rsquo;\u00eatre \u00e0 son tour ? R\u00e9ussira-t-il \u00e0 enrayer ce cocuage programm\u00e9 ? Une course contre la montre, un tourbillon de rebondissements et de coups de th\u00e9\u00e2tre va entra\u00eener les cinq personnages dans des situations irr\u00e9sistibles. R\u00e9pliques percutantes, un tempo effr\u00e9n\u00e9, un suspense jusqu&rsquo;\u00e0 la coda finale&#8230; car les faux culs sont beaucoup plus nombreux qu&rsquo;on le croit !<\/p>\n<p><a href=\"https:\/\/comedialaon.fr\/?page_id=4628\" title=\"Album photos de la G\u00e9n\u00e9rale \u00e0 PINON\">Album photos de la G\u00e9n\u00e9rale \u00e0 PINON<\/a><\/p>\n<p><a href=\"https:\/\/comedialaon.fr\/?page_id=4635\" title=\"Album photos de la Premi\u00e8re \u00e0 PINON\">Album photos de la Premi\u00e8re \u00e0 PINON<\/a><\/p>\n<p><a href=\"https:\/\/comedialaon.fr\/?page_id=4640\" title=\"Album photos MONS EN LAONNOIS\">Album photos MONS EN LAONNOIS<\/a><\/p>\n<p><a href=\"https:\/\/comedialaon.fr\/?page_id=2814\" title=\"Nos dates de repr\u00e9sentations pour 2019\">Nos dates de repr\u00e9sentations pour 2019<\/a><\/p>\n","protected":false},"excerpt":{"rendered":"<p>\u201cLA SYMPHONIE DES FAUX-CULS\u201d est une com\u00e9die d&rsquo;Olivier LEJEUNE Le sujet : Hubert Karann, c\u00e9l\u00e8bre chef d&rsquo;orchestre, s&rsquo;appr\u00eate \u00e0 diriger la cinqui\u00e8me symphonie de Beethoven dont il disait \u00ab\u00a0C&rsquo;est le destin qui frappe \u00e0 la porte\u00a0\u00bb. Et en effet, le destin frappe \u00e0 la porte de sa loge sous la forme d&rsquo;un inconnu : Henri<\/p>\n<p><a class=\"excerpt-more blog-excerpt\" href=\"https:\/\/comedialaon.fr\/?page_id=2915\">Lire la suite<\/a><\/p>\n","protected":false},"author":1,"featured_media":0,"parent":0,"menu_order":0,"comment_status":"closed","ping_status":"closed","template":"","meta":{"footnotes":""},"class_list":["post-2915","page","type-page","status-publish","hentry"],"yoast_head":"<!-- This site is optimized with the Yoast SEO plugin v27.5 - https:\/\/yoast.com\/product\/yoast-seo-wordpress\/ -->\n<title>LA SYMPHONIE DES FAUX-CULS &#8226; Com\u00e9dia Laon<\/title>\n<meta name=\"robots\" content=\"index, follow, max-snippet:-1, max-image-preview:large, max-video-preview:-1\" \/>\n<link rel=\"canonical\" href=\"https:\/\/comedialaon.fr\/?page_id=2915\" \/>\n<meta property=\"og:locale\" content=\"fr_FR\" \/>\n<meta property=\"og:type\" content=\"article\" \/>\n<meta property=\"og:title\" content=\"LA SYMPHONIE DES FAUX-CULS &#8226; Com\u00e9dia Laon\" \/>\n<meta property=\"og:description\" content=\"\u201cLA SYMPHONIE DES FAUX-CULS\u201d est une com\u00e9die d&rsquo;Olivier LEJEUNE Le sujet : Hubert Karann, c\u00e9l\u00e8bre chef d&rsquo;orchestre, s&rsquo;appr\u00eate \u00e0 diriger la cinqui\u00e8me symphonie de Beethoven dont il disait \u00ab\u00a0C&rsquo;est le destin qui frappe \u00e0 la porte\u00a0\u00bb. Et en effet, le destin frappe \u00e0 la porte de sa loge sous la forme d&rsquo;un inconnu : HenriLire la suite\" \/>\n<meta property=\"og:url\" content=\"https:\/\/comedialaon.fr\/?page_id=2915\" \/>\n<meta property=\"og:site_name\" content=\"Com\u00e9dia Laon\" \/>\n<meta property=\"article:publisher\" content=\"https:\/\/www.facebook.com\/profile.php?id=100008459438996\" \/>\n<meta property=\"article:modified_time\" content=\"2021-07-21T08:54:25+00:00\" \/>\n<meta property=\"og:image\" content=\"https:\/\/comedialaon.fr\/wp-content\/uploads\/2018\/12\/Affiche-la-Symphonie-des-faux-culs-avec-CL-OL-et-SPONSORS-254x300.jpg\" \/>\n<meta name=\"twitter:label1\" content=\"Dur\u00e9e de lecture estim\u00e9e\" \/>\n\t<meta name=\"twitter:data1\" content=\"1 minute\" \/>\n<script type=\"application\/ld+json\" class=\"yoast-schema-graph\">{\"@context\":\"https:\\\/\\\/schema.org\",\"@graph\":[{\"@type\":\"WebPage\",\"@id\":\"https:\\\/\\\/comedialaon.fr\\\/?page_id=2915\",\"url\":\"https:\\\/\\\/comedialaon.fr\\\/?page_id=2915\",\"name\":\"LA SYMPHONIE DES FAUX-CULS &#8226; Com\u00e9dia Laon\",\"isPartOf\":{\"@id\":\"https:\\\/\\\/comedialaon.fr\\\/#website\"},\"primaryImageOfPage\":{\"@id\":\"https:\\\/\\\/comedialaon.fr\\\/?page_id=2915#primaryimage\"},\"image\":{\"@id\":\"https:\\\/\\\/comedialaon.fr\\\/?page_id=2915#primaryimage\"},\"thumbnailUrl\":\"https:\\\/\\\/comedialaon.fr\\\/wp-content\\\/uploads\\\/2018\\\/12\\\/Affiche-la-Symphonie-des-faux-culs-avec-CL-OL-et-SPONSORS-254x300.jpg\",\"datePublished\":\"2018-12-09T21:12:47+00:00\",\"dateModified\":\"2021-07-21T08:54:25+00:00\",\"breadcrumb\":{\"@id\":\"https:\\\/\\\/comedialaon.fr\\\/?page_id=2915#breadcrumb\"},\"inLanguage\":\"fr-FR\",\"potentialAction\":[{\"@type\":\"ReadAction\",\"target\":[\"https:\\\/\\\/comedialaon.fr\\\/?page_id=2915\"]}]},{\"@type\":\"ImageObject\",\"inLanguage\":\"fr-FR\",\"@id\":\"https:\\\/\\\/comedialaon.fr\\\/?page_id=2915#primaryimage\",\"url\":\"https:\\\/\\\/comedialaon.fr\\\/wp-content\\\/uploads\\\/2018\\\/12\\\/Affiche-la-Symphonie-des-faux-culs-avec-CL-OL-et-SPONSORS.jpg\",\"contentUrl\":\"https:\\\/\\\/comedialaon.fr\\\/wp-content\\\/uploads\\\/2018\\\/12\\\/Affiche-la-Symphonie-des-faux-culs-avec-CL-OL-et-SPONSORS.jpg\",\"width\":791,\"height\":935,\"caption\":\"Spectacle 2019 : La symphonie des faux culs d'Olivier LEJEUNE\"},{\"@type\":\"BreadcrumbList\",\"@id\":\"https:\\\/\\\/comedialaon.fr\\\/?page_id=2915#breadcrumb\",\"itemListElement\":[{\"@type\":\"ListItem\",\"position\":1,\"name\":\"Accueil\",\"item\":\"https:\\\/\\\/comedialaon.fr\\\/\"},{\"@type\":\"ListItem\",\"position\":2,\"name\":\"LA SYMPHONIE DES FAUX-CULS\"}]},{\"@type\":\"WebSite\",\"@id\":\"https:\\\/\\\/comedialaon.fr\\\/#website\",\"url\":\"https:\\\/\\\/comedialaon.fr\\\/\",\"name\":\"Com\u00e9dia Laon\",\"description\":\"Prendre et donner du PLAISIR ... !!! ;-)\",\"publisher\":{\"@id\":\"https:\\\/\\\/comedialaon.fr\\\/#organization\"},\"potentialAction\":[{\"@type\":\"SearchAction\",\"target\":{\"@type\":\"EntryPoint\",\"urlTemplate\":\"https:\\\/\\\/comedialaon.fr\\\/?s={search_term_string}\"},\"query-input\":{\"@type\":\"PropertyValueSpecification\",\"valueRequired\":true,\"valueName\":\"search_term_string\"}}],\"inLanguage\":\"fr-FR\"},{\"@type\":\"Organization\",\"@id\":\"https:\\\/\\\/comedialaon.fr\\\/#organization\",\"name\":\"Com\u00e9dia Laon\",\"url\":\"https:\\\/\\\/comedialaon.fr\\\/\",\"logo\":{\"@type\":\"ImageObject\",\"inLanguage\":\"fr-FR\",\"@id\":\"https:\\\/\\\/comedialaon.fr\\\/#\\\/schema\\\/logo\\\/image\\\/\",\"url\":\"https:\\\/\\\/comedialaon.fr\\\/wp-content\\\/uploads\\\/2019\\\/02\\\/LOGO-CL-et-OL.jpg\",\"contentUrl\":\"https:\\\/\\\/comedialaon.fr\\\/wp-content\\\/uploads\\\/2019\\\/02\\\/LOGO-CL-et-OL.jpg\",\"width\":756,\"height\":210,\"caption\":\"Com\u00e9dia Laon\"},\"image\":{\"@id\":\"https:\\\/\\\/comedialaon.fr\\\/#\\\/schema\\\/logo\\\/image\\\/\"},\"sameAs\":[\"https:\\\/\\\/www.facebook.com\\\/profile.php?id=100008459438996\",\"https:\\\/\\\/www.youtube.com\\\/results?search_query=comedia laon\"]}]}<\/script>\n<!-- \/ Yoast SEO plugin. -->","yoast_head_json":{"title":"LA SYMPHONIE DES FAUX-CULS &#8226; Com\u00e9dia Laon","robots":{"index":"index","follow":"follow","max-snippet":"max-snippet:-1","max-image-preview":"max-image-preview:large","max-video-preview":"max-video-preview:-1"},"canonical":"https:\/\/comedialaon.fr\/?page_id=2915","og_locale":"fr_FR","og_type":"article","og_title":"LA SYMPHONIE DES FAUX-CULS &#8226; Com\u00e9dia Laon","og_description":"\u201cLA SYMPHONIE DES FAUX-CULS\u201d est une com\u00e9die d&rsquo;Olivier LEJEUNE Le sujet : Hubert Karann, c\u00e9l\u00e8bre chef d&rsquo;orchestre, s&rsquo;appr\u00eate \u00e0 diriger la cinqui\u00e8me symphonie de Beethoven dont il disait \u00ab\u00a0C&rsquo;est le destin qui frappe \u00e0 la porte\u00a0\u00bb. Et en effet, le destin frappe \u00e0 la porte de sa loge sous la forme d&rsquo;un inconnu : HenriLire la suite","og_url":"https:\/\/comedialaon.fr\/?page_id=2915","og_site_name":"Com\u00e9dia Laon","article_publisher":"https:\/\/www.facebook.com\/profile.php?id=100008459438996","article_modified_time":"2021-07-21T08:54:25+00:00","og_image":[{"url":"https:\/\/comedialaon.fr\/wp-content\/uploads\/2018\/12\/Affiche-la-Symphonie-des-faux-culs-avec-CL-OL-et-SPONSORS-254x300.jpg","type":"","width":"","height":""}],"twitter_misc":{"Dur\u00e9e de lecture estim\u00e9e":"1 minute"},"schema":{"@context":"https:\/\/schema.org","@graph":[{"@type":"WebPage","@id":"https:\/\/comedialaon.fr\/?page_id=2915","url":"https:\/\/comedialaon.fr\/?page_id=2915","name":"LA SYMPHONIE DES FAUX-CULS &#8226; Com\u00e9dia Laon","isPartOf":{"@id":"https:\/\/comedialaon.fr\/#website"},"primaryImageOfPage":{"@id":"https:\/\/comedialaon.fr\/?page_id=2915#primaryimage"},"image":{"@id":"https:\/\/comedialaon.fr\/?page_id=2915#primaryimage"},"thumbnailUrl":"https:\/\/comedialaon.fr\/wp-content\/uploads\/2018\/12\/Affiche-la-Symphonie-des-faux-culs-avec-CL-OL-et-SPONSORS-254x300.jpg","datePublished":"2018-12-09T21:12:47+00:00","dateModified":"2021-07-21T08:54:25+00:00","breadcrumb":{"@id":"https:\/\/comedialaon.fr\/?page_id=2915#breadcrumb"},"inLanguage":"fr-FR","potentialAction":[{"@type":"ReadAction","target":["https:\/\/comedialaon.fr\/?page_id=2915"]}]},{"@type":"ImageObject","inLanguage":"fr-FR","@id":"https:\/\/comedialaon.fr\/?page_id=2915#primaryimage","url":"https:\/\/comedialaon.fr\/wp-content\/uploads\/2018\/12\/Affiche-la-Symphonie-des-faux-culs-avec-CL-OL-et-SPONSORS.jpg","contentUrl":"https:\/\/comedialaon.fr\/wp-content\/uploads\/2018\/12\/Affiche-la-Symphonie-des-faux-culs-avec-CL-OL-et-SPONSORS.jpg","width":791,"height":935,"caption":"Spectacle 2019 : La symphonie des faux culs d'Olivier LEJEUNE"},{"@type":"BreadcrumbList","@id":"https:\/\/comedialaon.fr\/?page_id=2915#breadcrumb","itemListElement":[{"@type":"ListItem","position":1,"name":"Accueil","item":"https:\/\/comedialaon.fr\/"},{"@type":"ListItem","position":2,"name":"LA SYMPHONIE DES FAUX-CULS"}]},{"@type":"WebSite","@id":"https:\/\/comedialaon.fr\/#website","url":"https:\/\/comedialaon.fr\/","name":"Com\u00e9dia Laon","description":"Prendre et donner du PLAISIR ... !!! ;-)","publisher":{"@id":"https:\/\/comedialaon.fr\/#organization"},"potentialAction":[{"@type":"SearchAction","target":{"@type":"EntryPoint","urlTemplate":"https:\/\/comedialaon.fr\/?s={search_term_string}"},"query-input":{"@type":"PropertyValueSpecification","valueRequired":true,"valueName":"search_term_string"}}],"inLanguage":"fr-FR"},{"@type":"Organization","@id":"https:\/\/comedialaon.fr\/#organization","name":"Com\u00e9dia Laon","url":"https:\/\/comedialaon.fr\/","logo":{"@type":"ImageObject","inLanguage":"fr-FR","@id":"https:\/\/comedialaon.fr\/#\/schema\/logo\/image\/","url":"https:\/\/comedialaon.fr\/wp-content\/uploads\/2019\/02\/LOGO-CL-et-OL.jpg","contentUrl":"https:\/\/comedialaon.fr\/wp-content\/uploads\/2019\/02\/LOGO-CL-et-OL.jpg","width":756,"height":210,"caption":"Com\u00e9dia Laon"},"image":{"@id":"https:\/\/comedialaon.fr\/#\/schema\/logo\/image\/"},"sameAs":["https:\/\/www.facebook.com\/profile.php?id=100008459438996","https:\/\/www.youtube.com\/results?search_query=comedia laon"]}]}},"_links":{"self":[{"href":"https:\/\/comedialaon.fr\/index.php?rest_route=\/wp\/v2\/pages\/2915","targetHints":{"allow":["GET"]}}],"collection":[{"href":"https:\/\/comedialaon.fr\/index.php?rest_route=\/wp\/v2\/pages"}],"about":[{"href":"https:\/\/comedialaon.fr\/index.php?rest_route=\/wp\/v2\/types\/page"}],"author":[{"embeddable":true,"href":"https:\/\/comedialaon.fr\/index.php?rest_route=\/wp\/v2\/users\/1"}],"replies":[{"embeddable":true,"href":"https:\/\/comedialaon.fr\/index.php?rest_route=%2Fwp%2Fv2%2Fcomments&post=2915"}],"version-history":[{"count":11,"href":"https:\/\/comedialaon.fr\/index.php?rest_route=\/wp\/v2\/pages\/2915\/revisions"}],"predecessor-version":[{"id":3561,"href":"https:\/\/comedialaon.fr\/index.php?rest_route=\/wp\/v2\/pages\/2915\/revisions\/3561"}],"wp:attachment":[{"href":"https:\/\/comedialaon.fr\/index.php?rest_route=%2Fwp%2Fv2%2Fmedia&parent=2915"}],"curies":[{"name":"wp","href":"https:\/\/api.w.org\/{rel}","templated":true}]}}