{"id":2369,"date":"2018-01-04T11:37:23","date_gmt":"2018-01-04T09:37:23","guid":{"rendered":"https:\/\/comedialaon.fr\/?page_id=2369"},"modified":"2023-02-08T11:23:50","modified_gmt":"2023-02-08T09:23:50","slug":"infos-live-2018","status":"publish","type":"page","link":"https:\/\/comedialaon.fr\/?page_id=2369","title":{"rendered":"INFOS LIVE 2018"},"content":{"rendered":"<p><a href=\"https:\/\/comedialaon.fr\/?page_id=2897\" title=9 d\u00e9cembre 2018 : \"COMMUNIQU\u00c9 IMPORTANT\">9 d\u00e9cembre 2018 : COMMUNIQU\u00c9 IMPORTANT<\/a><br \/>\n<a href=\"https:\/\/comedialaon.fr\/?page_id=2862\" title=22 septembre 2018 : \"FESTIVAL GARDIN'COUR ET SAISON 2019\">22 septembre 2018 : FESTIVAL GARDIN&rsquo;COUR ET SAISON 2019<\/a><br \/>\n<a href=\"https:\/\/comedialaon.fr\/?page_id=2788\" title=12 juin 2018 : \"ASSEMBL\u00c9E G\u00c9N\u00c9RALE\">12 juin 2018 : ASSEMBL\u00c9E G\u00c9N\u00c9RALE<\/a><br \/>\n<a href=\"https:\/\/comedialaon.fr\/?page_id=2751\" title=2 juin 2018 : \"CL\u00d4TURE DE LA SAISON\">2 juin 2018 : CL\u00d4TURE DE LA SAISON<\/a><br \/>\n<a href=\"https:\/\/comedialaon.fr\/?page_id=2653\" title=18 mai 2018 : \"GUITRY : LA DERNI\u00c8RE \u00c0 LA MAISON DES ARTS ET LOISIRS DE LAON\">18 mai 2018 : GUITRY : LA DERNI\u00c8RE \u00c0 LA MAISON DES ARTS ET LOISIRS DE LAON<\/a><br \/>\n<a href=\"https:\/\/comedialaon.fr\/?page_id=2590\" title=25 avril 2018 : \"UNE PREMI\u00c8RE LA F\u00c8ROISE\">25 avril 2018 : UNE PREMI\u00c8RE LA F\u00c8ROISE<\/a><br \/>\n<a href=\"https:\/\/comedialaon.fr\/?page_id=2574\" title=4 avril 2018 : \"REPR\u00c9SENTATIONS D'AVRIL\">4 avril 2018 : REPR\u00c9SENTATIONS D&rsquo;AVRIL<\/a><br \/>\n<a href=\"https:\/\/comedialaon.fr\/?page_id=2504\" title=26 f\u00e9vrier 2018 : \"CAPNO : LES SPECTATEURS \u00c9TAIENT AU RENDEZ-VOUS !!!\u201d\">26 f\u00e9vrier 2018 : CAPNO : LES SPECTATEURS \u00c9TAIENT AU RENDEZ-VOUS !!!\u201d<\/a><br \/>\n<a href=\"https:\/\/comedialaon.fr\/?page_id=2464\" title=19 f\u00e9vrier 2018 : \"LA PREMI\u00c8RE DE \u201cGUITRY\u201d\">19 f\u00e9vrier 2018 : LA PREMI\u00c8RE DE \u201cGUITRY\u201d<\/a><br \/>\n<a href=\"https:\/\/comedialaon.fr\/?page_id=2424\" title=1er f\u00e9vrier 2018 : \"SUCC\u00c8S POUR LE T\u00c9L\u00c9THON\">1er f\u00e9vrier 2018 : SUCC\u00c8S POUR LE T\u00c9L\u00c9THON<\/a><br \/>\n<a href=\"https:\/\/comedialaon.fr\/?page_id=2345\" title=1er janvier 2018 : \"NOUVELLE ANN\u00c9E ET T\u00c9L\u00c9THON\">1er janvier 2018 : NOUVELLE ANN\u00c9E ET T\u00c9L\u00c9THON<\/a><\/p>\n","protected":false},"excerpt":{"rendered":"<p>9 d\u00e9cembre 2018 : COMMUNIQU\u00c9 IMPORTANT 22 septembre 2018 : FESTIVAL GARDIN&rsquo;COUR ET SAISON 2019 12 juin 2018 : ASSEMBL\u00c9E G\u00c9N\u00c9RALE 2 juin 2018 : CL\u00d4TURE DE LA SAISON 18 mai 2018 : GUITRY : LA DERNI\u00c8RE \u00c0 LA MAISON DES ARTS ET LOISIRS DE LAON 25 avril 2018 : UNE PREMI\u00c8RE LA F\u00c8ROISE 4<\/p>\n<p><a class=\"excerpt-more blog-excerpt\" href=\"https:\/\/comedialaon.fr\/?page_id=2369\">Lire la suite<\/a><\/p>\n","protected":false},"author":1,"featured_media":0,"parent":0,"menu_order":0,"comment_status":"closed","ping_status":"closed","template":"","meta":{"footnotes":""},"class_list":["post-2369","page","type-page","status-publish","hentry"],"yoast_head":"<!-- This site is optimized with the Yoast SEO plugin v27.5 - https:\/\/yoast.com\/product\/yoast-seo-wordpress\/ -->\n<title>INFOS LIVE 2018 &#8226; Com\u00e9dia Laon<\/title>\n<meta name=\"robots\" content=\"index, follow, max-snippet:-1, max-image-preview:large, max-video-preview:-1\" \/>\n<link rel=\"canonical\" href=\"https:\/\/comedialaon.fr\/?page_id=2369\" \/>\n<meta property=\"og:locale\" content=\"fr_FR\" \/>\n<meta property=\"og:type\" content=\"article\" \/>\n<meta property=\"og:title\" content=\"INFOS LIVE 2018 &#8226; Com\u00e9dia Laon\" \/>\n<meta property=\"og:description\" content=\"9 d\u00e9cembre 2018 : COMMUNIQU\u00c9 IMPORTANT 22 septembre 2018 : FESTIVAL GARDIN&rsquo;COUR ET SAISON 2019 12 juin 2018 : ASSEMBL\u00c9E G\u00c9N\u00c9RALE 2 juin 2018 : CL\u00d4TURE DE LA SAISON 18 mai 2018 : GUITRY : LA DERNI\u00c8RE \u00c0 LA MAISON DES ARTS ET LOISIRS DE LAON 25 avril 2018 : UNE PREMI\u00c8RE LA F\u00c8ROISE 4Lire la suite\" \/>\n<meta property=\"og:url\" content=\"https:\/\/comedialaon.fr\/?page_id=2369\" \/>\n<meta property=\"og:site_name\" content=\"Com\u00e9dia Laon\" \/>\n<meta property=\"article:publisher\" content=\"https:\/\/www.facebook.com\/profile.php?id=100008459438996\" \/>\n<meta property=\"article:modified_time\" content=\"2023-02-08T09:23:50+00:00\" \/>\n<meta name=\"twitter:label1\" content=\"Dur\u00e9e de lecture estim\u00e9e\" \/>\n\t<meta name=\"twitter:data1\" content=\"1 minute\" \/>\n<script type=\"application\/ld+json\" class=\"yoast-schema-graph\">{\"@context\":\"https:\\\/\\\/schema.org\",\"@graph\":[{\"@type\":\"WebPage\",\"@id\":\"https:\\\/\\\/comedialaon.fr\\\/?page_id=2369\",\"url\":\"https:\\\/\\\/comedialaon.fr\\\/?page_id=2369\",\"name\":\"INFOS LIVE 2018 &#8226; Com\u00e9dia Laon\",\"isPartOf\":{\"@id\":\"https:\\\/\\\/comedialaon.fr\\\/#website\"},\"datePublished\":\"2018-01-04T09:37:23+00:00\",\"dateModified\":\"2023-02-08T09:23:50+00:00\",\"breadcrumb\":{\"@id\":\"https:\\\/\\\/comedialaon.fr\\\/?page_id=2369#breadcrumb\"},\"inLanguage\":\"fr-FR\",\"potentialAction\":[{\"@type\":\"ReadAction\",\"target\":[\"https:\\\/\\\/comedialaon.fr\\\/?page_id=2369\"]}]},{\"@type\":\"BreadcrumbList\",\"@id\":\"https:\\\/\\\/comedialaon.fr\\\/?page_id=2369#breadcrumb\",\"itemListElement\":[{\"@type\":\"ListItem\",\"position\":1,\"name\":\"Accueil\",\"item\":\"https:\\\/\\\/comedialaon.fr\\\/\"},{\"@type\":\"ListItem\",\"position\":2,\"name\":\"INFOS LIVE 2018\"}]},{\"@type\":\"WebSite\",\"@id\":\"https:\\\/\\\/comedialaon.fr\\\/#website\",\"url\":\"https:\\\/\\\/comedialaon.fr\\\/\",\"name\":\"Com\u00e9dia Laon\",\"description\":\"Prendre et donner du PLAISIR ... !!! ;-)\",\"publisher\":{\"@id\":\"https:\\\/\\\/comedialaon.fr\\\/#organization\"},\"potentialAction\":[{\"@type\":\"SearchAction\",\"target\":{\"@type\":\"EntryPoint\",\"urlTemplate\":\"https:\\\/\\\/comedialaon.fr\\\/?s={search_term_string}\"},\"query-input\":{\"@type\":\"PropertyValueSpecification\",\"valueRequired\":true,\"valueName\":\"search_term_string\"}}],\"inLanguage\":\"fr-FR\"},{\"@type\":\"Organization\",\"@id\":\"https:\\\/\\\/comedialaon.fr\\\/#organization\",\"name\":\"Com\u00e9dia Laon\",\"url\":\"https:\\\/\\\/comedialaon.fr\\\/\",\"logo\":{\"@type\":\"ImageObject\",\"inLanguage\":\"fr-FR\",\"@id\":\"https:\\\/\\\/comedialaon.fr\\\/#\\\/schema\\\/logo\\\/image\\\/\",\"url\":\"https:\\\/\\\/comedialaon.fr\\\/wp-content\\\/uploads\\\/2019\\\/02\\\/LOGO-CL-et-OL.jpg\",\"contentUrl\":\"https:\\\/\\\/comedialaon.fr\\\/wp-content\\\/uploads\\\/2019\\\/02\\\/LOGO-CL-et-OL.jpg\",\"width\":756,\"height\":210,\"caption\":\"Com\u00e9dia Laon\"},\"image\":{\"@id\":\"https:\\\/\\\/comedialaon.fr\\\/#\\\/schema\\\/logo\\\/image\\\/\"},\"sameAs\":[\"https:\\\/\\\/www.facebook.com\\\/profile.php?id=100008459438996\",\"https:\\\/\\\/www.youtube.com\\\/results?search_query=comedia laon\"]}]}<\/script>\n<!-- \/ Yoast SEO plugin. -->","yoast_head_json":{"title":"INFOS LIVE 2018 &#8226; Com\u00e9dia Laon","robots":{"index":"index","follow":"follow","max-snippet":"max-snippet:-1","max-image-preview":"max-image-preview:large","max-video-preview":"max-video-preview:-1"},"canonical":"https:\/\/comedialaon.fr\/?page_id=2369","og_locale":"fr_FR","og_type":"article","og_title":"INFOS LIVE 2018 &#8226; Com\u00e9dia Laon","og_description":"9 d\u00e9cembre 2018 : COMMUNIQU\u00c9 IMPORTANT 22 septembre 2018 : FESTIVAL GARDIN&rsquo;COUR ET SAISON 2019 12 juin 2018 : ASSEMBL\u00c9E G\u00c9N\u00c9RALE 2 juin 2018 : CL\u00d4TURE DE LA SAISON 18 mai 2018 : GUITRY : LA DERNI\u00c8RE \u00c0 LA MAISON DES ARTS ET LOISIRS DE LAON 25 avril 2018 : UNE PREMI\u00c8RE LA F\u00c8ROISE 4Lire la suite","og_url":"https:\/\/comedialaon.fr\/?page_id=2369","og_site_name":"Com\u00e9dia Laon","article_publisher":"https:\/\/www.facebook.com\/profile.php?id=100008459438996","article_modified_time":"2023-02-08T09:23:50+00:00","twitter_misc":{"Dur\u00e9e de lecture estim\u00e9e":"1 minute"},"schema":{"@context":"https:\/\/schema.org","@graph":[{"@type":"WebPage","@id":"https:\/\/comedialaon.fr\/?page_id=2369","url":"https:\/\/comedialaon.fr\/?page_id=2369","name":"INFOS LIVE 2018 &#8226; Com\u00e9dia Laon","isPartOf":{"@id":"https:\/\/comedialaon.fr\/#website"},"datePublished":"2018-01-04T09:37:23+00:00","dateModified":"2023-02-08T09:23:50+00:00","breadcrumb":{"@id":"https:\/\/comedialaon.fr\/?page_id=2369#breadcrumb"},"inLanguage":"fr-FR","potentialAction":[{"@type":"ReadAction","target":["https:\/\/comedialaon.fr\/?page_id=2369"]}]},{"@type":"BreadcrumbList","@id":"https:\/\/comedialaon.fr\/?page_id=2369#breadcrumb","itemListElement":[{"@type":"ListItem","position":1,"name":"Accueil","item":"https:\/\/comedialaon.fr\/"},{"@type":"ListItem","position":2,"name":"INFOS LIVE 2018"}]},{"@type":"WebSite","@id":"https:\/\/comedialaon.fr\/#website","url":"https:\/\/comedialaon.fr\/","name":"Com\u00e9dia Laon","description":"Prendre et donner du PLAISIR ... !!! ;-)","publisher":{"@id":"https:\/\/comedialaon.fr\/#organization"},"potentialAction":[{"@type":"SearchAction","target":{"@type":"EntryPoint","urlTemplate":"https:\/\/comedialaon.fr\/?s={search_term_string}"},"query-input":{"@type":"PropertyValueSpecification","valueRequired":true,"valueName":"search_term_string"}}],"inLanguage":"fr-FR"},{"@type":"Organization","@id":"https:\/\/comedialaon.fr\/#organization","name":"Com\u00e9dia Laon","url":"https:\/\/comedialaon.fr\/","logo":{"@type":"ImageObject","inLanguage":"fr-FR","@id":"https:\/\/comedialaon.fr\/#\/schema\/logo\/image\/","url":"https:\/\/comedialaon.fr\/wp-content\/uploads\/2019\/02\/LOGO-CL-et-OL.jpg","contentUrl":"https:\/\/comedialaon.fr\/wp-content\/uploads\/2019\/02\/LOGO-CL-et-OL.jpg","width":756,"height":210,"caption":"Com\u00e9dia Laon"},"image":{"@id":"https:\/\/comedialaon.fr\/#\/schema\/logo\/image\/"},"sameAs":["https:\/\/www.facebook.com\/profile.php?id=100008459438996","https:\/\/www.youtube.com\/results?search_query=comedia laon"]}]}},"_links":{"self":[{"href":"https:\/\/comedialaon.fr\/index.php?rest_route=\/wp\/v2\/pages\/2369","targetHints":{"allow":["GET"]}}],"collection":[{"href":"https:\/\/comedialaon.fr\/index.php?rest_route=\/wp\/v2\/pages"}],"about":[{"href":"https:\/\/comedialaon.fr\/index.php?rest_route=\/wp\/v2\/types\/page"}],"author":[{"embeddable":true,"href":"https:\/\/comedialaon.fr\/index.php?rest_route=\/wp\/v2\/users\/1"}],"replies":[{"embeddable":true,"href":"https:\/\/comedialaon.fr\/index.php?rest_route=%2Fwp%2Fv2%2Fcomments&post=2369"}],"version-history":[{"count":16,"href":"https:\/\/comedialaon.fr\/index.php?rest_route=\/wp\/v2\/pages\/2369\/revisions"}],"predecessor-version":[{"id":8417,"href":"https:\/\/comedialaon.fr\/index.php?rest_route=\/wp\/v2\/pages\/2369\/revisions\/8417"}],"wp:attachment":[{"href":"https:\/\/comedialaon.fr\/index.php?rest_route=%2Fwp%2Fv2%2Fmedia&parent=2369"}],"curies":[{"name":"wp","href":"https:\/\/api.w.org\/{rel}","templated":true}]}}