{"id":2216,"date":"2017-09-20T13:31:21","date_gmt":"2017-09-20T11:31:21","guid":{"rendered":"https:\/\/comedialaon.fr\/?page_id=2216"},"modified":"2017-09-20T13:31:21","modified_gmt":"2017-09-20T11:31:21","slug":"chateau-thierry-7-octobre-2017","status":"publish","type":"page","link":"https:\/\/comedialaon.fr\/?page_id=2216","title":{"rendered":"CH\u00c2TEAU-THIERRY le 7 octobre 2017"},"content":{"rendered":"<div id=\"attachment_2207\" style=\"width: 719px\" class=\"wp-caption alignleft\"><a href=\"https:\/\/comedialaon.fr\/wp-content\/uploads\/2017\/09\/Chateau-Thierry-07-10-2017-3-x-4.jpg\"><img loading=\"lazy\" decoding=\"async\" aria-describedby=\"caption-attachment-2207\" src=\"https:\/\/comedialaon.fr\/wp-content\/uploads\/2017\/09\/Chateau-Thierry-07-10-2017-3-x-4.jpg\" alt=\"\" width=\"709\" height=\"1004\" class=\"size-full wp-image-2207\" srcset=\"https:\/\/comedialaon.fr\/wp-content\/uploads\/2017\/09\/Chateau-Thierry-07-10-2017-3-x-4.jpg 709w, https:\/\/comedialaon.fr\/wp-content\/uploads\/2017\/09\/Chateau-Thierry-07-10-2017-3-x-4-212x300.jpg 212w\" sizes=\"auto, (max-width: 709px) 100vw, 709px\" \/><\/a><p id=\"caption-attachment-2207\" class=\"wp-caption-text\">Rencontre &#038; D\u00e9dicace \u00e0 Ch\u00e2teau-Thierry le 7 octobre 2017<\/p><\/div>\n","protected":false},"excerpt":{"rendered":"","protected":false},"author":1,"featured_media":0,"parent":0,"menu_order":0,"comment_status":"closed","ping_status":"closed","template":"","meta":{"footnotes":""},"class_list":["post-2216","page","type-page","status-publish","hentry"],"yoast_head":"<!-- This site is optimized with the Yoast SEO plugin v27.5 - https:\/\/yoast.com\/product\/yoast-seo-wordpress\/ -->\n<title>CH\u00c2TEAU-THIERRY le 7 octobre 2017 &#8226; Com\u00e9dia Laon<\/title>\n<meta name=\"robots\" content=\"index, follow, max-snippet:-1, max-image-preview:large, max-video-preview:-1\" \/>\n<link rel=\"canonical\" href=\"https:\/\/comedialaon.fr\/?page_id=2216\" \/>\n<meta property=\"og:locale\" content=\"fr_FR\" \/>\n<meta property=\"og:type\" content=\"article\" \/>\n<meta property=\"og:title\" content=\"CH\u00c2TEAU-THIERRY le 7 octobre 2017 &#8226; Com\u00e9dia Laon\" \/>\n<meta property=\"og:url\" content=\"https:\/\/comedialaon.fr\/?page_id=2216\" \/>\n<meta property=\"og:site_name\" content=\"Com\u00e9dia Laon\" \/>\n<meta property=\"article:publisher\" content=\"https:\/\/www.facebook.com\/profile.php?id=100008459438996\" \/>\n<meta property=\"og:image\" content=\"https:\/\/comedialaon.fr\/wp-content\/uploads\/2017\/09\/Chateau-Thierry-07-10-2017-3-x-4.jpg\" \/>\n<script type=\"application\/ld+json\" class=\"yoast-schema-graph\">{\"@context\":\"https:\\\/\\\/schema.org\",\"@graph\":[{\"@type\":\"WebPage\",\"@id\":\"https:\\\/\\\/comedialaon.fr\\\/?page_id=2216\",\"url\":\"https:\\\/\\\/comedialaon.fr\\\/?page_id=2216\",\"name\":\"CH\u00c2TEAU-THIERRY le 7 octobre 2017 &#8226; Com\u00e9dia Laon\",\"isPartOf\":{\"@id\":\"https:\\\/\\\/comedialaon.fr\\\/#website\"},\"primaryImageOfPage\":{\"@id\":\"https:\\\/\\\/comedialaon.fr\\\/?page_id=2216#primaryimage\"},\"image\":{\"@id\":\"https:\\\/\\\/comedialaon.fr\\\/?page_id=2216#primaryimage\"},\"thumbnailUrl\":\"https:\\\/\\\/comedialaon.fr\\\/wp-content\\\/uploads\\\/2017\\\/09\\\/Chateau-Thierry-07-10-2017-3-x-4.jpg\",\"datePublished\":\"2017-09-20T11:31:21+00:00\",\"breadcrumb\":{\"@id\":\"https:\\\/\\\/comedialaon.fr\\\/?page_id=2216#breadcrumb\"},\"inLanguage\":\"fr-FR\",\"potentialAction\":[{\"@type\":\"ReadAction\",\"target\":[\"https:\\\/\\\/comedialaon.fr\\\/?page_id=2216\"]}]},{\"@type\":\"ImageObject\",\"inLanguage\":\"fr-FR\",\"@id\":\"https:\\\/\\\/comedialaon.fr\\\/?page_id=2216#primaryimage\",\"url\":\"https:\\\/\\\/comedialaon.fr\\\/wp-content\\\/uploads\\\/2017\\\/09\\\/Chateau-Thierry-07-10-2017-3-x-4.jpg\",\"contentUrl\":\"https:\\\/\\\/comedialaon.fr\\\/wp-content\\\/uploads\\\/2017\\\/09\\\/Chateau-Thierry-07-10-2017-3-x-4.jpg\",\"width\":709,\"height\":1004,\"caption\":\"Rencontre & D\u00e9dicace \u00e0 Ch\u00e2teau-Thierry le 7 octobre 2017\"},{\"@type\":\"BreadcrumbList\",\"@id\":\"https:\\\/\\\/comedialaon.fr\\\/?page_id=2216#breadcrumb\",\"itemListElement\":[{\"@type\":\"ListItem\",\"position\":1,\"name\":\"Accueil\",\"item\":\"https:\\\/\\\/comedialaon.fr\\\/\"},{\"@type\":\"ListItem\",\"position\":2,\"name\":\"CH\u00c2TEAU-THIERRY le 7 octobre 2017\"}]},{\"@type\":\"WebSite\",\"@id\":\"https:\\\/\\\/comedialaon.fr\\\/#website\",\"url\":\"https:\\\/\\\/comedialaon.fr\\\/\",\"name\":\"Com\u00e9dia Laon\",\"description\":\"Prendre et donner du PLAISIR ... !!! ;-)\",\"publisher\":{\"@id\":\"https:\\\/\\\/comedialaon.fr\\\/#organization\"},\"potentialAction\":[{\"@type\":\"SearchAction\",\"target\":{\"@type\":\"EntryPoint\",\"urlTemplate\":\"https:\\\/\\\/comedialaon.fr\\\/?s={search_term_string}\"},\"query-input\":{\"@type\":\"PropertyValueSpecification\",\"valueRequired\":true,\"valueName\":\"search_term_string\"}}],\"inLanguage\":\"fr-FR\"},{\"@type\":\"Organization\",\"@id\":\"https:\\\/\\\/comedialaon.fr\\\/#organization\",\"name\":\"Com\u00e9dia Laon\",\"url\":\"https:\\\/\\\/comedialaon.fr\\\/\",\"logo\":{\"@type\":\"ImageObject\",\"inLanguage\":\"fr-FR\",\"@id\":\"https:\\\/\\\/comedialaon.fr\\\/#\\\/schema\\\/logo\\\/image\\\/\",\"url\":\"https:\\\/\\\/comedialaon.fr\\\/wp-content\\\/uploads\\\/2019\\\/02\\\/LOGO-CL-et-OL.jpg\",\"contentUrl\":\"https:\\\/\\\/comedialaon.fr\\\/wp-content\\\/uploads\\\/2019\\\/02\\\/LOGO-CL-et-OL.jpg\",\"width\":756,\"height\":210,\"caption\":\"Com\u00e9dia Laon\"},\"image\":{\"@id\":\"https:\\\/\\\/comedialaon.fr\\\/#\\\/schema\\\/logo\\\/image\\\/\"},\"sameAs\":[\"https:\\\/\\\/www.facebook.com\\\/profile.php?id=100008459438996\",\"https:\\\/\\\/www.youtube.com\\\/results?search_query=comedia laon\"]}]}<\/script>\n<!-- \/ Yoast SEO plugin. -->","yoast_head_json":{"title":"CH\u00c2TEAU-THIERRY le 7 octobre 2017 &#8226; Com\u00e9dia Laon","robots":{"index":"index","follow":"follow","max-snippet":"max-snippet:-1","max-image-preview":"max-image-preview:large","max-video-preview":"max-video-preview:-1"},"canonical":"https:\/\/comedialaon.fr\/?page_id=2216","og_locale":"fr_FR","og_type":"article","og_title":"CH\u00c2TEAU-THIERRY le 7 octobre 2017 &#8226; Com\u00e9dia Laon","og_url":"https:\/\/comedialaon.fr\/?page_id=2216","og_site_name":"Com\u00e9dia Laon","article_publisher":"https:\/\/www.facebook.com\/profile.php?id=100008459438996","og_image":[{"url":"https:\/\/comedialaon.fr\/wp-content\/uploads\/2017\/09\/Chateau-Thierry-07-10-2017-3-x-4.jpg","type":"","width":"","height":""}],"schema":{"@context":"https:\/\/schema.org","@graph":[{"@type":"WebPage","@id":"https:\/\/comedialaon.fr\/?page_id=2216","url":"https:\/\/comedialaon.fr\/?page_id=2216","name":"CH\u00c2TEAU-THIERRY le 7 octobre 2017 &#8226; Com\u00e9dia Laon","isPartOf":{"@id":"https:\/\/comedialaon.fr\/#website"},"primaryImageOfPage":{"@id":"https:\/\/comedialaon.fr\/?page_id=2216#primaryimage"},"image":{"@id":"https:\/\/comedialaon.fr\/?page_id=2216#primaryimage"},"thumbnailUrl":"https:\/\/comedialaon.fr\/wp-content\/uploads\/2017\/09\/Chateau-Thierry-07-10-2017-3-x-4.jpg","datePublished":"2017-09-20T11:31:21+00:00","breadcrumb":{"@id":"https:\/\/comedialaon.fr\/?page_id=2216#breadcrumb"},"inLanguage":"fr-FR","potentialAction":[{"@type":"ReadAction","target":["https:\/\/comedialaon.fr\/?page_id=2216"]}]},{"@type":"ImageObject","inLanguage":"fr-FR","@id":"https:\/\/comedialaon.fr\/?page_id=2216#primaryimage","url":"https:\/\/comedialaon.fr\/wp-content\/uploads\/2017\/09\/Chateau-Thierry-07-10-2017-3-x-4.jpg","contentUrl":"https:\/\/comedialaon.fr\/wp-content\/uploads\/2017\/09\/Chateau-Thierry-07-10-2017-3-x-4.jpg","width":709,"height":1004,"caption":"Rencontre & D\u00e9dicace \u00e0 Ch\u00e2teau-Thierry le 7 octobre 2017"},{"@type":"BreadcrumbList","@id":"https:\/\/comedialaon.fr\/?page_id=2216#breadcrumb","itemListElement":[{"@type":"ListItem","position":1,"name":"Accueil","item":"https:\/\/comedialaon.fr\/"},{"@type":"ListItem","position":2,"name":"CH\u00c2TEAU-THIERRY le 7 octobre 2017"}]},{"@type":"WebSite","@id":"https:\/\/comedialaon.fr\/#website","url":"https:\/\/comedialaon.fr\/","name":"Com\u00e9dia Laon","description":"Prendre et donner du PLAISIR ... !!! ;-)","publisher":{"@id":"https:\/\/comedialaon.fr\/#organization"},"potentialAction":[{"@type":"SearchAction","target":{"@type":"EntryPoint","urlTemplate":"https:\/\/comedialaon.fr\/?s={search_term_string}"},"query-input":{"@type":"PropertyValueSpecification","valueRequired":true,"valueName":"search_term_string"}}],"inLanguage":"fr-FR"},{"@type":"Organization","@id":"https:\/\/comedialaon.fr\/#organization","name":"Com\u00e9dia Laon","url":"https:\/\/comedialaon.fr\/","logo":{"@type":"ImageObject","inLanguage":"fr-FR","@id":"https:\/\/comedialaon.fr\/#\/schema\/logo\/image\/","url":"https:\/\/comedialaon.fr\/wp-content\/uploads\/2019\/02\/LOGO-CL-et-OL.jpg","contentUrl":"https:\/\/comedialaon.fr\/wp-content\/uploads\/2019\/02\/LOGO-CL-et-OL.jpg","width":756,"height":210,"caption":"Com\u00e9dia Laon"},"image":{"@id":"https:\/\/comedialaon.fr\/#\/schema\/logo\/image\/"},"sameAs":["https:\/\/www.facebook.com\/profile.php?id=100008459438996","https:\/\/www.youtube.com\/results?search_query=comedia laon"]}]}},"_links":{"self":[{"href":"https:\/\/comedialaon.fr\/index.php?rest_route=\/wp\/v2\/pages\/2216","targetHints":{"allow":["GET"]}}],"collection":[{"href":"https:\/\/comedialaon.fr\/index.php?rest_route=\/wp\/v2\/pages"}],"about":[{"href":"https:\/\/comedialaon.fr\/index.php?rest_route=\/wp\/v2\/types\/page"}],"author":[{"embeddable":true,"href":"https:\/\/comedialaon.fr\/index.php?rest_route=\/wp\/v2\/users\/1"}],"replies":[{"embeddable":true,"href":"https:\/\/comedialaon.fr\/index.php?rest_route=%2Fwp%2Fv2%2Fcomments&post=2216"}],"version-history":[{"count":2,"href":"https:\/\/comedialaon.fr\/index.php?rest_route=\/wp\/v2\/pages\/2216\/revisions"}],"predecessor-version":[{"id":4372,"href":"https:\/\/comedialaon.fr\/index.php?rest_route=\/wp\/v2\/pages\/2216\/revisions\/4372"}],"wp:attachment":[{"href":"https:\/\/comedialaon.fr\/index.php?rest_route=%2Fwp%2Fv2%2Fmedia&parent=2216"}],"curies":[{"name":"wp","href":"https:\/\/api.w.org\/{rel}","templated":true}]}}