{"id":1780,"date":"2017-02-15T16:40:52","date_gmt":"2017-02-15T14:40:52","guid":{"rendered":"https:\/\/comedialaon.fr\/?page_id=1780"},"modified":"2017-02-15T16:48:19","modified_gmt":"2017-02-15T14:48:19","slug":"annee-2017","status":"publish","type":"page","link":"https:\/\/comedialaon.fr\/?page_id=1780","title":{"rendered":"ANN\u00c9E 2017"},"content":{"rendered":"<p><a href=\"https:\/\/comedialaon.fr\/?page_id=1772\" title=\"Revue de presse\">Revue de presse<\/a><\/p>\n<p><a href=\"https:\/\/comedialaon.fr\/?page_id=1778\" title=\"Infos Live\">Infos Live<\/a><\/p>\n<p><a href=\"https:\/\/comedialaon.fr\/?page_id=1428\" title=\"Stationnement Altern\u00e9\">Stationnement Altern\u00e9<\/a><\/p>\n<p><a href=\"https:\/\/comedialaon.fr\/?page_id=938\" title=\"Entre le Jour et la Nuit\">Entre le Jour et la Nuit<\/a><\/p>\n<p><a href=\"https:\/\/comedialaon.fr\/?page_id=1713\" title=\"Faux et Usage de Fous\">Faux et Usage de Fous<\/a><\/p>\n","protected":false},"excerpt":{"rendered":"<p>Revue de presse Infos Live Stationnement Altern\u00e9 Entre le Jour et la Nuit Faux et Usage de Fous<\/p>\n","protected":false},"author":1,"featured_media":0,"parent":0,"menu_order":0,"comment_status":"closed","ping_status":"closed","template":"","meta":{"footnotes":""},"class_list":["post-1780","page","type-page","status-publish","hentry"],"yoast_head":"<!-- This site is optimized with the Yoast SEO plugin v27.5 - https:\/\/yoast.com\/product\/yoast-seo-wordpress\/ -->\n<title>ANN\u00c9E 2017 &#8226; Com\u00e9dia Laon<\/title>\n<meta name=\"robots\" content=\"index, follow, max-snippet:-1, max-image-preview:large, max-video-preview:-1\" \/>\n<link rel=\"canonical\" href=\"https:\/\/comedialaon.fr\/?page_id=1780\" \/>\n<meta property=\"og:locale\" content=\"fr_FR\" \/>\n<meta property=\"og:type\" content=\"article\" \/>\n<meta property=\"og:title\" content=\"ANN\u00c9E 2017 &#8226; Com\u00e9dia Laon\" \/>\n<meta property=\"og:description\" content=\"Revue de presse Infos Live Stationnement Altern\u00e9 Entre le Jour et la Nuit Faux et Usage de Fous\" \/>\n<meta property=\"og:url\" content=\"https:\/\/comedialaon.fr\/?page_id=1780\" \/>\n<meta property=\"og:site_name\" content=\"Com\u00e9dia Laon\" \/>\n<meta property=\"article:publisher\" content=\"https:\/\/www.facebook.com\/profile.php?id=100008459438996\" \/>\n<meta property=\"article:modified_time\" content=\"2017-02-15T14:48:19+00:00\" \/>\n<script type=\"application\/ld+json\" class=\"yoast-schema-graph\">{\"@context\":\"https:\\\/\\\/schema.org\",\"@graph\":[{\"@type\":\"WebPage\",\"@id\":\"https:\\\/\\\/comedialaon.fr\\\/?page_id=1780\",\"url\":\"https:\\\/\\\/comedialaon.fr\\\/?page_id=1780\",\"name\":\"ANN\u00c9E 2017 &#8226; Com\u00e9dia Laon\",\"isPartOf\":{\"@id\":\"https:\\\/\\\/comedialaon.fr\\\/#website\"},\"datePublished\":\"2017-02-15T14:40:52+00:00\",\"dateModified\":\"2017-02-15T14:48:19+00:00\",\"breadcrumb\":{\"@id\":\"https:\\\/\\\/comedialaon.fr\\\/?page_id=1780#breadcrumb\"},\"inLanguage\":\"fr-FR\",\"potentialAction\":[{\"@type\":\"ReadAction\",\"target\":[\"https:\\\/\\\/comedialaon.fr\\\/?page_id=1780\"]}]},{\"@type\":\"BreadcrumbList\",\"@id\":\"https:\\\/\\\/comedialaon.fr\\\/?page_id=1780#breadcrumb\",\"itemListElement\":[{\"@type\":\"ListItem\",\"position\":1,\"name\":\"Accueil\",\"item\":\"https:\\\/\\\/comedialaon.fr\\\/\"},{\"@type\":\"ListItem\",\"position\":2,\"name\":\"ANN\u00c9E 2017\"}]},{\"@type\":\"WebSite\",\"@id\":\"https:\\\/\\\/comedialaon.fr\\\/#website\",\"url\":\"https:\\\/\\\/comedialaon.fr\\\/\",\"name\":\"Com\u00e9dia Laon\",\"description\":\"Prendre et donner du PLAISIR ... !!! ;-)\",\"publisher\":{\"@id\":\"https:\\\/\\\/comedialaon.fr\\\/#organization\"},\"potentialAction\":[{\"@type\":\"SearchAction\",\"target\":{\"@type\":\"EntryPoint\",\"urlTemplate\":\"https:\\\/\\\/comedialaon.fr\\\/?s={search_term_string}\"},\"query-input\":{\"@type\":\"PropertyValueSpecification\",\"valueRequired\":true,\"valueName\":\"search_term_string\"}}],\"inLanguage\":\"fr-FR\"},{\"@type\":\"Organization\",\"@id\":\"https:\\\/\\\/comedialaon.fr\\\/#organization\",\"name\":\"Com\u00e9dia Laon\",\"url\":\"https:\\\/\\\/comedialaon.fr\\\/\",\"logo\":{\"@type\":\"ImageObject\",\"inLanguage\":\"fr-FR\",\"@id\":\"https:\\\/\\\/comedialaon.fr\\\/#\\\/schema\\\/logo\\\/image\\\/\",\"url\":\"https:\\\/\\\/comedialaon.fr\\\/wp-content\\\/uploads\\\/2019\\\/02\\\/LOGO-CL-et-OL.jpg\",\"contentUrl\":\"https:\\\/\\\/comedialaon.fr\\\/wp-content\\\/uploads\\\/2019\\\/02\\\/LOGO-CL-et-OL.jpg\",\"width\":756,\"height\":210,\"caption\":\"Com\u00e9dia Laon\"},\"image\":{\"@id\":\"https:\\\/\\\/comedialaon.fr\\\/#\\\/schema\\\/logo\\\/image\\\/\"},\"sameAs\":[\"https:\\\/\\\/www.facebook.com\\\/profile.php?id=100008459438996\",\"https:\\\/\\\/www.youtube.com\\\/results?search_query=comedia laon\"]}]}<\/script>\n<!-- \/ Yoast SEO plugin. -->","yoast_head_json":{"title":"ANN\u00c9E 2017 &#8226; Com\u00e9dia Laon","robots":{"index":"index","follow":"follow","max-snippet":"max-snippet:-1","max-image-preview":"max-image-preview:large","max-video-preview":"max-video-preview:-1"},"canonical":"https:\/\/comedialaon.fr\/?page_id=1780","og_locale":"fr_FR","og_type":"article","og_title":"ANN\u00c9E 2017 &#8226; Com\u00e9dia Laon","og_description":"Revue de presse Infos Live Stationnement Altern\u00e9 Entre le Jour et la Nuit Faux et Usage de Fous","og_url":"https:\/\/comedialaon.fr\/?page_id=1780","og_site_name":"Com\u00e9dia Laon","article_publisher":"https:\/\/www.facebook.com\/profile.php?id=100008459438996","article_modified_time":"2017-02-15T14:48:19+00:00","schema":{"@context":"https:\/\/schema.org","@graph":[{"@type":"WebPage","@id":"https:\/\/comedialaon.fr\/?page_id=1780","url":"https:\/\/comedialaon.fr\/?page_id=1780","name":"ANN\u00c9E 2017 &#8226; Com\u00e9dia Laon","isPartOf":{"@id":"https:\/\/comedialaon.fr\/#website"},"datePublished":"2017-02-15T14:40:52+00:00","dateModified":"2017-02-15T14:48:19+00:00","breadcrumb":{"@id":"https:\/\/comedialaon.fr\/?page_id=1780#breadcrumb"},"inLanguage":"fr-FR","potentialAction":[{"@type":"ReadAction","target":["https:\/\/comedialaon.fr\/?page_id=1780"]}]},{"@type":"BreadcrumbList","@id":"https:\/\/comedialaon.fr\/?page_id=1780#breadcrumb","itemListElement":[{"@type":"ListItem","position":1,"name":"Accueil","item":"https:\/\/comedialaon.fr\/"},{"@type":"ListItem","position":2,"name":"ANN\u00c9E 2017"}]},{"@type":"WebSite","@id":"https:\/\/comedialaon.fr\/#website","url":"https:\/\/comedialaon.fr\/","name":"Com\u00e9dia Laon","description":"Prendre et donner du PLAISIR ... !!! ;-)","publisher":{"@id":"https:\/\/comedialaon.fr\/#organization"},"potentialAction":[{"@type":"SearchAction","target":{"@type":"EntryPoint","urlTemplate":"https:\/\/comedialaon.fr\/?s={search_term_string}"},"query-input":{"@type":"PropertyValueSpecification","valueRequired":true,"valueName":"search_term_string"}}],"inLanguage":"fr-FR"},{"@type":"Organization","@id":"https:\/\/comedialaon.fr\/#organization","name":"Com\u00e9dia Laon","url":"https:\/\/comedialaon.fr\/","logo":{"@type":"ImageObject","inLanguage":"fr-FR","@id":"https:\/\/comedialaon.fr\/#\/schema\/logo\/image\/","url":"https:\/\/comedialaon.fr\/wp-content\/uploads\/2019\/02\/LOGO-CL-et-OL.jpg","contentUrl":"https:\/\/comedialaon.fr\/wp-content\/uploads\/2019\/02\/LOGO-CL-et-OL.jpg","width":756,"height":210,"caption":"Com\u00e9dia Laon"},"image":{"@id":"https:\/\/comedialaon.fr\/#\/schema\/logo\/image\/"},"sameAs":["https:\/\/www.facebook.com\/profile.php?id=100008459438996","https:\/\/www.youtube.com\/results?search_query=comedia laon"]}]}},"_links":{"self":[{"href":"https:\/\/comedialaon.fr\/index.php?rest_route=\/wp\/v2\/pages\/1780","targetHints":{"allow":["GET"]}}],"collection":[{"href":"https:\/\/comedialaon.fr\/index.php?rest_route=\/wp\/v2\/pages"}],"about":[{"href":"https:\/\/comedialaon.fr\/index.php?rest_route=\/wp\/v2\/types\/page"}],"author":[{"embeddable":true,"href":"https:\/\/comedialaon.fr\/index.php?rest_route=\/wp\/v2\/users\/1"}],"replies":[{"embeddable":true,"href":"https:\/\/comedialaon.fr\/index.php?rest_route=%2Fwp%2Fv2%2Fcomments&post=1780"}],"version-history":[{"count":10,"href":"https:\/\/comedialaon.fr\/index.php?rest_route=\/wp\/v2\/pages\/1780\/revisions"}],"predecessor-version":[{"id":1789,"href":"https:\/\/comedialaon.fr\/index.php?rest_route=\/wp\/v2\/pages\/1780\/revisions\/1789"}],"wp:attachment":[{"href":"https:\/\/comedialaon.fr\/index.php?rest_route=%2Fwp%2Fv2%2Fmedia&parent=1780"}],"curies":[{"name":"wp","href":"https:\/\/api.w.org\/{rel}","templated":true}]}}