{"id":1713,"date":"2016-12-05T12:33:17","date_gmt":"2016-12-05T10:33:17","guid":{"rendered":"https:\/\/comedialaon.fr\/?page_id=1713"},"modified":"2022-10-07T11:10:39","modified_gmt":"2022-10-07T09:10:39","slug":"faux-usage-de-fous","status":"publish","type":"page","link":"https:\/\/comedialaon.fr\/?page_id=1713","title":{"rendered":"FAUX ET USAGE DE FOUS"},"content":{"rendered":"<div id=\"attachment_1695\" style=\"width: 220px\" class=\"wp-caption alignleft\"><a href=\"https:\/\/comedialaon.fr\/wp-content\/uploads\/2016\/12\/FAUX-ET-USAGE-DE-FOUS-clacy-mons-pour-internet.jpg\"><img loading=\"lazy\" decoding=\"async\" aria-describedby=\"caption-attachment-1695\" src=\"https:\/\/comedialaon.fr\/wp-content\/uploads\/2016\/12\/FAUX-ET-USAGE-DE-FOUS-clacy-mons-pour-internet-210x300.jpg\" alt=\"\" width=\"210\" height=\"300\" class=\"size-medium wp-image-1695\" srcset=\"https:\/\/comedialaon.fr\/wp-content\/uploads\/2016\/12\/FAUX-ET-USAGE-DE-FOUS-clacy-mons-pour-internet-210x300.jpg 210w, https:\/\/comedialaon.fr\/wp-content\/uploads\/2016\/12\/FAUX-ET-USAGE-DE-FOUS-clacy-mons-pour-internet.jpg 620w\" sizes=\"auto, (max-width: 210px) 100vw, 210px\" \/><\/a><p id=\"caption-attachment-1695\" class=\"wp-caption-text\">FAUX ET USAGE DE FOUS le 15 janvier 2017 pour le T\u00e9l\u00e9thon<\/p><\/div>\n<p>FAUX ET USAGE DE FOUS est une pi\u00e8ce de Hugues de ROSAMEL.<\/p>\n<p>Le sujet: Anatole se rend pour la premi\u00e8re fois chez son psychiatre.<br \/>\nPeu \u00e0 l&rsquo;aise dans la salle d&rsquo;attente, il l&rsquo;est encore moins \u00e0 la soudaine entr\u00e9e de Paul, visiblement arriv\u00e9 avant lui.<br \/>\nCe patient impr\u00e9vu est impatient de savoir \u00e0 qui il a \u00e0 faire. Surpris Anatole reste sur la r\u00e9serve. Paul, incisif, trouve des points communs entre eux, vante les qualit\u00e9s du psy, et du puzzle psychique, le fondement m\u00eame de sa th\u00e9rapie.<br \/>\nCraignant une escroquerie, Anatole tente une sortie, retenu in extremis par Paul. Convaincu de rester, Anatole se ravise. De fil en aiguille, les deux patients vont d\u00e9voiler leur existence. Parler de leur femme, de leur vie de couple, des \u00e9preuves pass\u00e9es et \u00e0 venir, le tout dans un flagrant d\u00e9lire d\u00e9capant.<br \/>\nMais dans le fond, qui sont-ils vraiment? L\u2019un des deux manipule-t-il l&rsquo;autre? Et sont-ils si n\u00e9vros\u00e9s qu&rsquo;ils le paraissent?<\/p>\n<p><a href=\"https:\/\/comedialaon.fr\/?page_id=887\" title=\"Qui est Hugues DE ROSAMEL ?\">Qui est Hugues de ROSAMEL ?<\/a><\/p>\n<p><a href=\"https:\/\/www.facebook.com\/Faux-et-usage-de-fous-342928655733576\/timeline\" title=\"Page FaceBook FAUX ET USAGE DE FOUS\">Page FaceBook FAUX ET USAGE DE FOUS<\/a><\/p>\n","protected":false},"excerpt":{"rendered":"<p>FAUX ET USAGE DE FOUS est une pi\u00e8ce de Hugues de ROSAMEL. Le sujet: Anatole se rend pour la premi\u00e8re fois chez son psychiatre. Peu \u00e0 l&rsquo;aise dans la salle d&rsquo;attente, il l&rsquo;est encore moins \u00e0 la soudaine entr\u00e9e de Paul, visiblement arriv\u00e9 avant lui. Ce patient impr\u00e9vu est impatient de savoir \u00e0 qui il<\/p>\n<p><a class=\"excerpt-more blog-excerpt\" href=\"https:\/\/comedialaon.fr\/?page_id=1713\">Lire la suite<\/a><\/p>\n","protected":false},"author":1,"featured_media":0,"parent":0,"menu_order":0,"comment_status":"closed","ping_status":"closed","template":"","meta":{"footnotes":""},"class_list":["post-1713","page","type-page","status-publish","hentry"],"yoast_head":"<!-- This site is optimized with the Yoast SEO plugin v27.5 - https:\/\/yoast.com\/product\/yoast-seo-wordpress\/ -->\n<title>FAUX ET USAGE DE FOUS &#8226; Com\u00e9dia Laon<\/title>\n<meta name=\"robots\" content=\"index, follow, max-snippet:-1, max-image-preview:large, max-video-preview:-1\" \/>\n<link rel=\"canonical\" href=\"https:\/\/comedialaon.fr\/?page_id=1713\" \/>\n<meta property=\"og:locale\" content=\"fr_FR\" \/>\n<meta property=\"og:type\" content=\"article\" \/>\n<meta property=\"og:title\" content=\"FAUX ET USAGE DE FOUS &#8226; Com\u00e9dia Laon\" \/>\n<meta property=\"og:description\" content=\"FAUX ET USAGE DE FOUS est une pi\u00e8ce de Hugues de ROSAMEL. Le sujet: Anatole se rend pour la premi\u00e8re fois chez son psychiatre. Peu \u00e0 l&rsquo;aise dans la salle d&rsquo;attente, il l&rsquo;est encore moins \u00e0 la soudaine entr\u00e9e de Paul, visiblement arriv\u00e9 avant lui. Ce patient impr\u00e9vu est impatient de savoir \u00e0 qui ilLire la suite\" \/>\n<meta property=\"og:url\" content=\"https:\/\/comedialaon.fr\/?page_id=1713\" \/>\n<meta property=\"og:site_name\" content=\"Com\u00e9dia Laon\" \/>\n<meta property=\"article:publisher\" content=\"https:\/\/www.facebook.com\/profile.php?id=100008459438996\" \/>\n<meta property=\"article:modified_time\" content=\"2022-10-07T09:10:39+00:00\" \/>\n<meta property=\"og:image\" content=\"https:\/\/comedialaon.fr\/wp-content\/uploads\/2016\/12\/FAUX-ET-USAGE-DE-FOUS-clacy-mons-pour-internet-210x300.jpg\" \/>\n<meta name=\"twitter:label1\" content=\"Dur\u00e9e de lecture estim\u00e9e\" \/>\n\t<meta name=\"twitter:data1\" content=\"2 minutes\" \/>\n<script type=\"application\/ld+json\" class=\"yoast-schema-graph\">{\"@context\":\"https:\\\/\\\/schema.org\",\"@graph\":[{\"@type\":\"WebPage\",\"@id\":\"https:\\\/\\\/comedialaon.fr\\\/?page_id=1713\",\"url\":\"https:\\\/\\\/comedialaon.fr\\\/?page_id=1713\",\"name\":\"FAUX ET USAGE DE FOUS &#8226; Com\u00e9dia Laon\",\"isPartOf\":{\"@id\":\"https:\\\/\\\/comedialaon.fr\\\/#website\"},\"primaryImageOfPage\":{\"@id\":\"https:\\\/\\\/comedialaon.fr\\\/?page_id=1713#primaryimage\"},\"image\":{\"@id\":\"https:\\\/\\\/comedialaon.fr\\\/?page_id=1713#primaryimage\"},\"thumbnailUrl\":\"https:\\\/\\\/comedialaon.fr\\\/wp-content\\\/uploads\\\/2016\\\/12\\\/FAUX-ET-USAGE-DE-FOUS-clacy-mons-pour-internet-210x300.jpg\",\"datePublished\":\"2016-12-05T10:33:17+00:00\",\"dateModified\":\"2022-10-07T09:10:39+00:00\",\"breadcrumb\":{\"@id\":\"https:\\\/\\\/comedialaon.fr\\\/?page_id=1713#breadcrumb\"},\"inLanguage\":\"fr-FR\",\"potentialAction\":[{\"@type\":\"ReadAction\",\"target\":[\"https:\\\/\\\/comedialaon.fr\\\/?page_id=1713\"]}]},{\"@type\":\"ImageObject\",\"inLanguage\":\"fr-FR\",\"@id\":\"https:\\\/\\\/comedialaon.fr\\\/?page_id=1713#primaryimage\",\"url\":\"https:\\\/\\\/comedialaon.fr\\\/wp-content\\\/uploads\\\/2016\\\/12\\\/FAUX-ET-USAGE-DE-FOUS-clacy-mons-pour-internet.jpg\",\"contentUrl\":\"https:\\\/\\\/comedialaon.fr\\\/wp-content\\\/uploads\\\/2016\\\/12\\\/FAUX-ET-USAGE-DE-FOUS-clacy-mons-pour-internet.jpg\",\"width\":620,\"height\":886,\"caption\":\"FAUX ET USAGE DE FOUS le 15 janvier 2017 pour le T\u00e9l\u00e9thon\"},{\"@type\":\"BreadcrumbList\",\"@id\":\"https:\\\/\\\/comedialaon.fr\\\/?page_id=1713#breadcrumb\",\"itemListElement\":[{\"@type\":\"ListItem\",\"position\":1,\"name\":\"Accueil\",\"item\":\"https:\\\/\\\/comedialaon.fr\\\/\"},{\"@type\":\"ListItem\",\"position\":2,\"name\":\"FAUX ET USAGE DE FOUS\"}]},{\"@type\":\"WebSite\",\"@id\":\"https:\\\/\\\/comedialaon.fr\\\/#website\",\"url\":\"https:\\\/\\\/comedialaon.fr\\\/\",\"name\":\"Com\u00e9dia Laon\",\"description\":\"Prendre et donner du PLAISIR ... !!! ;-)\",\"publisher\":{\"@id\":\"https:\\\/\\\/comedialaon.fr\\\/#organization\"},\"potentialAction\":[{\"@type\":\"SearchAction\",\"target\":{\"@type\":\"EntryPoint\",\"urlTemplate\":\"https:\\\/\\\/comedialaon.fr\\\/?s={search_term_string}\"},\"query-input\":{\"@type\":\"PropertyValueSpecification\",\"valueRequired\":true,\"valueName\":\"search_term_string\"}}],\"inLanguage\":\"fr-FR\"},{\"@type\":\"Organization\",\"@id\":\"https:\\\/\\\/comedialaon.fr\\\/#organization\",\"name\":\"Com\u00e9dia Laon\",\"url\":\"https:\\\/\\\/comedialaon.fr\\\/\",\"logo\":{\"@type\":\"ImageObject\",\"inLanguage\":\"fr-FR\",\"@id\":\"https:\\\/\\\/comedialaon.fr\\\/#\\\/schema\\\/logo\\\/image\\\/\",\"url\":\"https:\\\/\\\/comedialaon.fr\\\/wp-content\\\/uploads\\\/2019\\\/02\\\/LOGO-CL-et-OL.jpg\",\"contentUrl\":\"https:\\\/\\\/comedialaon.fr\\\/wp-content\\\/uploads\\\/2019\\\/02\\\/LOGO-CL-et-OL.jpg\",\"width\":756,\"height\":210,\"caption\":\"Com\u00e9dia Laon\"},\"image\":{\"@id\":\"https:\\\/\\\/comedialaon.fr\\\/#\\\/schema\\\/logo\\\/image\\\/\"},\"sameAs\":[\"https:\\\/\\\/www.facebook.com\\\/profile.php?id=100008459438996\",\"https:\\\/\\\/www.youtube.com\\\/results?search_query=comedia laon\"]}]}<\/script>\n<!-- \/ Yoast SEO plugin. -->","yoast_head_json":{"title":"FAUX ET USAGE DE FOUS &#8226; Com\u00e9dia Laon","robots":{"index":"index","follow":"follow","max-snippet":"max-snippet:-1","max-image-preview":"max-image-preview:large","max-video-preview":"max-video-preview:-1"},"canonical":"https:\/\/comedialaon.fr\/?page_id=1713","og_locale":"fr_FR","og_type":"article","og_title":"FAUX ET USAGE DE FOUS &#8226; Com\u00e9dia Laon","og_description":"FAUX ET USAGE DE FOUS est une pi\u00e8ce de Hugues de ROSAMEL. Le sujet: Anatole se rend pour la premi\u00e8re fois chez son psychiatre. Peu \u00e0 l&rsquo;aise dans la salle d&rsquo;attente, il l&rsquo;est encore moins \u00e0 la soudaine entr\u00e9e de Paul, visiblement arriv\u00e9 avant lui. Ce patient impr\u00e9vu est impatient de savoir \u00e0 qui ilLire la suite","og_url":"https:\/\/comedialaon.fr\/?page_id=1713","og_site_name":"Com\u00e9dia Laon","article_publisher":"https:\/\/www.facebook.com\/profile.php?id=100008459438996","article_modified_time":"2022-10-07T09:10:39+00:00","og_image":[{"url":"https:\/\/comedialaon.fr\/wp-content\/uploads\/2016\/12\/FAUX-ET-USAGE-DE-FOUS-clacy-mons-pour-internet-210x300.jpg","type":"","width":"","height":""}],"twitter_misc":{"Dur\u00e9e de lecture estim\u00e9e":"2 minutes"},"schema":{"@context":"https:\/\/schema.org","@graph":[{"@type":"WebPage","@id":"https:\/\/comedialaon.fr\/?page_id=1713","url":"https:\/\/comedialaon.fr\/?page_id=1713","name":"FAUX ET USAGE DE FOUS &#8226; Com\u00e9dia Laon","isPartOf":{"@id":"https:\/\/comedialaon.fr\/#website"},"primaryImageOfPage":{"@id":"https:\/\/comedialaon.fr\/?page_id=1713#primaryimage"},"image":{"@id":"https:\/\/comedialaon.fr\/?page_id=1713#primaryimage"},"thumbnailUrl":"https:\/\/comedialaon.fr\/wp-content\/uploads\/2016\/12\/FAUX-ET-USAGE-DE-FOUS-clacy-mons-pour-internet-210x300.jpg","datePublished":"2016-12-05T10:33:17+00:00","dateModified":"2022-10-07T09:10:39+00:00","breadcrumb":{"@id":"https:\/\/comedialaon.fr\/?page_id=1713#breadcrumb"},"inLanguage":"fr-FR","potentialAction":[{"@type":"ReadAction","target":["https:\/\/comedialaon.fr\/?page_id=1713"]}]},{"@type":"ImageObject","inLanguage":"fr-FR","@id":"https:\/\/comedialaon.fr\/?page_id=1713#primaryimage","url":"https:\/\/comedialaon.fr\/wp-content\/uploads\/2016\/12\/FAUX-ET-USAGE-DE-FOUS-clacy-mons-pour-internet.jpg","contentUrl":"https:\/\/comedialaon.fr\/wp-content\/uploads\/2016\/12\/FAUX-ET-USAGE-DE-FOUS-clacy-mons-pour-internet.jpg","width":620,"height":886,"caption":"FAUX ET USAGE DE FOUS le 15 janvier 2017 pour le T\u00e9l\u00e9thon"},{"@type":"BreadcrumbList","@id":"https:\/\/comedialaon.fr\/?page_id=1713#breadcrumb","itemListElement":[{"@type":"ListItem","position":1,"name":"Accueil","item":"https:\/\/comedialaon.fr\/"},{"@type":"ListItem","position":2,"name":"FAUX ET USAGE DE FOUS"}]},{"@type":"WebSite","@id":"https:\/\/comedialaon.fr\/#website","url":"https:\/\/comedialaon.fr\/","name":"Com\u00e9dia Laon","description":"Prendre et donner du PLAISIR ... !!! ;-)","publisher":{"@id":"https:\/\/comedialaon.fr\/#organization"},"potentialAction":[{"@type":"SearchAction","target":{"@type":"EntryPoint","urlTemplate":"https:\/\/comedialaon.fr\/?s={search_term_string}"},"query-input":{"@type":"PropertyValueSpecification","valueRequired":true,"valueName":"search_term_string"}}],"inLanguage":"fr-FR"},{"@type":"Organization","@id":"https:\/\/comedialaon.fr\/#organization","name":"Com\u00e9dia Laon","url":"https:\/\/comedialaon.fr\/","logo":{"@type":"ImageObject","inLanguage":"fr-FR","@id":"https:\/\/comedialaon.fr\/#\/schema\/logo\/image\/","url":"https:\/\/comedialaon.fr\/wp-content\/uploads\/2019\/02\/LOGO-CL-et-OL.jpg","contentUrl":"https:\/\/comedialaon.fr\/wp-content\/uploads\/2019\/02\/LOGO-CL-et-OL.jpg","width":756,"height":210,"caption":"Com\u00e9dia Laon"},"image":{"@id":"https:\/\/comedialaon.fr\/#\/schema\/logo\/image\/"},"sameAs":["https:\/\/www.facebook.com\/profile.php?id=100008459438996","https:\/\/www.youtube.com\/results?search_query=comedia laon"]}]}},"_links":{"self":[{"href":"https:\/\/comedialaon.fr\/index.php?rest_route=\/wp\/v2\/pages\/1713","targetHints":{"allow":["GET"]}}],"collection":[{"href":"https:\/\/comedialaon.fr\/index.php?rest_route=\/wp\/v2\/pages"}],"about":[{"href":"https:\/\/comedialaon.fr\/index.php?rest_route=\/wp\/v2\/types\/page"}],"author":[{"embeddable":true,"href":"https:\/\/comedialaon.fr\/index.php?rest_route=\/wp\/v2\/users\/1"}],"replies":[{"embeddable":true,"href":"https:\/\/comedialaon.fr\/index.php?rest_route=%2Fwp%2Fv2%2Fcomments&post=1713"}],"version-history":[{"count":9,"href":"https:\/\/comedialaon.fr\/index.php?rest_route=\/wp\/v2\/pages\/1713\/revisions"}],"predecessor-version":[{"id":1719,"href":"https:\/\/comedialaon.fr\/index.php?rest_route=\/wp\/v2\/pages\/1713\/revisions\/1719"}],"wp:attachment":[{"href":"https:\/\/comedialaon.fr\/index.php?rest_route=%2Fwp%2Fv2%2Fmedia&parent=1713"}],"curies":[{"name":"wp","href":"https:\/\/api.w.org\/{rel}","templated":true}]}}