{"id":1546,"date":"2016-10-04T11:29:44","date_gmt":"2016-10-04T09:29:44","guid":{"rendered":"https:\/\/comedialaon.fr\/?page_id=1546"},"modified":"2021-07-14T14:12:48","modified_gmt":"2021-07-14T12:12:48","slug":"infos-live-2016","status":"publish","type":"page","link":"https:\/\/comedialaon.fr\/?page_id=1546","title":{"rendered":"INFOS LIVE 2016"},"content":{"rendered":"<p><a href=\"https:\/\/comedialaon.fr\/?page_id=1689\" title=\"RENDEZ-VOUS POUR LE T\u00c9L\u00c9THON\">RENDEZ-VOUS POUR LE T\u00c9L\u00c9THON<\/a><br \/>\n<a href=\"https:\/\/comedialaon.fr\/?page_id=1443\" title=\"SUPERBE JOURN\u00c9E\">SUPERBE JOURN\u00c9E<\/a><br \/>\n<a href=\"https:\/\/comedialaon.fr\/?page_id=1401\" title=\"\"TOUT BASCULE\" CLAP DE FIN\">\u00ab\u00a0TOUT BASCULE\u00a0\u00bb CLAP DE FIN<\/a><br \/>\n<a href=\"https:\/\/comedialaon.fr\/?page_id=1393\" title=\"LE PR\u00c9SIDENT DE LA SEMAINE\">LE PR\u00c9SIDENT DE LA SEMAINE<\/a><br \/>\n<a href=\"https:\/\/comedialaon.fr\/?page_id=1373\" title=\"CAVALCADE D'\u00c9MOTIONS !!!\">CAVALCADE D&rsquo;\u00c9MOTIONS !!!<\/a><br \/>\n<a href=\"https:\/\/comedialaon.fr\/?page_id=1343\" title=\"RENDEZ-VOUS \u00c0 LA M.A.L. DE LAON\">RENDEZ-VOUS \u00c0 LA M.A.L. DE LAON<\/a><br \/>\n<a href=\"https:\/\/comedialaon.fr\/?page_id=1324\" title=\"LA \u201cDERNI\u00c8RE\u201d \u00c0 LA SALLE DE SPECTACLE DE LA MAISON DE RETRAITE D\u00c9PARTEMENTALE\">LA \u201cDERNI\u00c8RE\u201d \u00c0 LA SALLE DE SPECTACLE DE LA MAISON DE RETRAITE D\u00c9PARTEMENTALE<\/a><br \/>\n<a href=\"https:\/\/comedialaon.fr\/?page_id=1299\" title=\"BIENT\u00d4T S.D.F.\">BIENT\u00d4T S.D.F.<\/a><br \/>\n<a href=\"https:\/\/comedialaon.fr\/?page_id=1213\" title=\"TOUJOURS LE M\u00caME PLAISIR !!!\">TOUJOURS LE M\u00caME PLAISIR !!!<\/a><br \/>\n<a href=\"https:\/\/comedialaon.fr\/?page_id=1193\" title=\"QUEL PLAISIR ... !!!!!!\">QUEL PLAISIR &#8230; !!!!!!<\/a><br \/>\n<a href=\"https:\/\/comedialaon.fr\/?page_id=1144\" title=\"TOUT BASCULE : PREMI\u00c8RE REPR\u00c9SENTATION\">TOUT BASCULE : PREMI\u00c8RE REPR\u00c9SENTATION<\/a><br \/>\n<a href=\"https:\/\/comedialaon.fr\/?page_id=1068\" title=\"UN SUCC\u00c8S POUR COM\u00c9DIA LAON\">UN SUCC\u00c8S POUR COM\u00c9DIA LAON<\/a><\/p>\n","protected":false},"excerpt":{"rendered":"<p>RENDEZ-VOUS POUR LE T\u00c9L\u00c9THON SUPERBE JOURN\u00c9E \u00ab\u00a0TOUT BASCULE\u00a0\u00bb CLAP DE FIN LE PR\u00c9SIDENT DE LA SEMAINE CAVALCADE D&rsquo;\u00c9MOTIONS !!! RENDEZ-VOUS \u00c0 LA M.A.L. DE LAON LA \u201cDERNI\u00c8RE\u201d \u00c0 LA SALLE DE SPECTACLE DE LA MAISON DE RETRAITE D\u00c9PARTEMENTALE BIENT\u00d4T S.D.F. TOUJOURS LE M\u00caME PLAISIR !!! QUEL PLAISIR &#8230; !!!!!! TOUT BASCULE : PREMI\u00c8RE REPR\u00c9SENTATION UN<\/p>\n<p><a class=\"excerpt-more blog-excerpt\" href=\"https:\/\/comedialaon.fr\/?page_id=1546\">Lire la suite<\/a><\/p>\n","protected":false},"author":1,"featured_media":0,"parent":0,"menu_order":0,"comment_status":"closed","ping_status":"closed","template":"","meta":{"footnotes":""},"class_list":["post-1546","page","type-page","status-publish","hentry"],"yoast_head":"<!-- This site is optimized with the Yoast SEO plugin v27.5 - https:\/\/yoast.com\/product\/yoast-seo-wordpress\/ -->\n<title>INFOS LIVE 2016 &#8226; Com\u00e9dia Laon<\/title>\n<meta name=\"robots\" content=\"index, follow, max-snippet:-1, max-image-preview:large, max-video-preview:-1\" \/>\n<link rel=\"canonical\" href=\"https:\/\/comedialaon.fr\/?page_id=1546\" \/>\n<meta property=\"og:locale\" content=\"fr_FR\" \/>\n<meta property=\"og:type\" content=\"article\" \/>\n<meta property=\"og:title\" content=\"INFOS LIVE 2016 &#8226; Com\u00e9dia Laon\" \/>\n<meta property=\"og:description\" content=\"RENDEZ-VOUS POUR LE T\u00c9L\u00c9THON SUPERBE JOURN\u00c9E \u00ab\u00a0TOUT BASCULE\u00a0\u00bb CLAP DE FIN LE PR\u00c9SIDENT DE LA SEMAINE CAVALCADE D&rsquo;\u00c9MOTIONS !!! RENDEZ-VOUS \u00c0 LA M.A.L. DE LAON LA \u201cDERNI\u00c8RE\u201d \u00c0 LA SALLE DE SPECTACLE DE LA MAISON DE RETRAITE D\u00c9PARTEMENTALE BIENT\u00d4T S.D.F. TOUJOURS LE M\u00caME PLAISIR !!! QUEL PLAISIR &#8230; !!!!!! TOUT BASCULE : PREMI\u00c8RE REPR\u00c9SENTATION UNLire la suite\" \/>\n<meta property=\"og:url\" content=\"https:\/\/comedialaon.fr\/?page_id=1546\" \/>\n<meta property=\"og:site_name\" content=\"Com\u00e9dia Laon\" \/>\n<meta property=\"article:publisher\" content=\"https:\/\/www.facebook.com\/profile.php?id=100008459438996\" \/>\n<meta property=\"article:modified_time\" content=\"2021-07-14T12:12:48+00:00\" \/>\n<script type=\"application\/ld+json\" class=\"yoast-schema-graph\">{\"@context\":\"https:\\\/\\\/schema.org\",\"@graph\":[{\"@type\":\"WebPage\",\"@id\":\"https:\\\/\\\/comedialaon.fr\\\/?page_id=1546\",\"url\":\"https:\\\/\\\/comedialaon.fr\\\/?page_id=1546\",\"name\":\"INFOS LIVE 2016 &#8226; Com\u00e9dia Laon\",\"isPartOf\":{\"@id\":\"https:\\\/\\\/comedialaon.fr\\\/#website\"},\"datePublished\":\"2016-10-04T09:29:44+00:00\",\"dateModified\":\"2021-07-14T12:12:48+00:00\",\"breadcrumb\":{\"@id\":\"https:\\\/\\\/comedialaon.fr\\\/?page_id=1546#breadcrumb\"},\"inLanguage\":\"fr-FR\",\"potentialAction\":[{\"@type\":\"ReadAction\",\"target\":[\"https:\\\/\\\/comedialaon.fr\\\/?page_id=1546\"]}]},{\"@type\":\"BreadcrumbList\",\"@id\":\"https:\\\/\\\/comedialaon.fr\\\/?page_id=1546#breadcrumb\",\"itemListElement\":[{\"@type\":\"ListItem\",\"position\":1,\"name\":\"Accueil\",\"item\":\"https:\\\/\\\/comedialaon.fr\\\/\"},{\"@type\":\"ListItem\",\"position\":2,\"name\":\"INFOS LIVE 2016\"}]},{\"@type\":\"WebSite\",\"@id\":\"https:\\\/\\\/comedialaon.fr\\\/#website\",\"url\":\"https:\\\/\\\/comedialaon.fr\\\/\",\"name\":\"Com\u00e9dia Laon\",\"description\":\"Prendre et donner du PLAISIR ... !!! ;-)\",\"publisher\":{\"@id\":\"https:\\\/\\\/comedialaon.fr\\\/#organization\"},\"potentialAction\":[{\"@type\":\"SearchAction\",\"target\":{\"@type\":\"EntryPoint\",\"urlTemplate\":\"https:\\\/\\\/comedialaon.fr\\\/?s={search_term_string}\"},\"query-input\":{\"@type\":\"PropertyValueSpecification\",\"valueRequired\":true,\"valueName\":\"search_term_string\"}}],\"inLanguage\":\"fr-FR\"},{\"@type\":\"Organization\",\"@id\":\"https:\\\/\\\/comedialaon.fr\\\/#organization\",\"name\":\"Com\u00e9dia Laon\",\"url\":\"https:\\\/\\\/comedialaon.fr\\\/\",\"logo\":{\"@type\":\"ImageObject\",\"inLanguage\":\"fr-FR\",\"@id\":\"https:\\\/\\\/comedialaon.fr\\\/#\\\/schema\\\/logo\\\/image\\\/\",\"url\":\"https:\\\/\\\/comedialaon.fr\\\/wp-content\\\/uploads\\\/2019\\\/02\\\/LOGO-CL-et-OL.jpg\",\"contentUrl\":\"https:\\\/\\\/comedialaon.fr\\\/wp-content\\\/uploads\\\/2019\\\/02\\\/LOGO-CL-et-OL.jpg\",\"width\":756,\"height\":210,\"caption\":\"Com\u00e9dia Laon\"},\"image\":{\"@id\":\"https:\\\/\\\/comedialaon.fr\\\/#\\\/schema\\\/logo\\\/image\\\/\"},\"sameAs\":[\"https:\\\/\\\/www.facebook.com\\\/profile.php?id=100008459438996\",\"https:\\\/\\\/www.youtube.com\\\/results?search_query=comedia laon\"]}]}<\/script>\n<!-- \/ Yoast SEO plugin. -->","yoast_head_json":{"title":"INFOS LIVE 2016 &#8226; Com\u00e9dia Laon","robots":{"index":"index","follow":"follow","max-snippet":"max-snippet:-1","max-image-preview":"max-image-preview:large","max-video-preview":"max-video-preview:-1"},"canonical":"https:\/\/comedialaon.fr\/?page_id=1546","og_locale":"fr_FR","og_type":"article","og_title":"INFOS LIVE 2016 &#8226; Com\u00e9dia Laon","og_description":"RENDEZ-VOUS POUR LE T\u00c9L\u00c9THON SUPERBE JOURN\u00c9E \u00ab\u00a0TOUT BASCULE\u00a0\u00bb CLAP DE FIN LE PR\u00c9SIDENT DE LA SEMAINE CAVALCADE D&rsquo;\u00c9MOTIONS !!! RENDEZ-VOUS \u00c0 LA M.A.L. DE LAON LA \u201cDERNI\u00c8RE\u201d \u00c0 LA SALLE DE SPECTACLE DE LA MAISON DE RETRAITE D\u00c9PARTEMENTALE BIENT\u00d4T S.D.F. TOUJOURS LE M\u00caME PLAISIR !!! QUEL PLAISIR &#8230; !!!!!! TOUT BASCULE : PREMI\u00c8RE REPR\u00c9SENTATION UNLire la suite","og_url":"https:\/\/comedialaon.fr\/?page_id=1546","og_site_name":"Com\u00e9dia Laon","article_publisher":"https:\/\/www.facebook.com\/profile.php?id=100008459438996","article_modified_time":"2021-07-14T12:12:48+00:00","schema":{"@context":"https:\/\/schema.org","@graph":[{"@type":"WebPage","@id":"https:\/\/comedialaon.fr\/?page_id=1546","url":"https:\/\/comedialaon.fr\/?page_id=1546","name":"INFOS LIVE 2016 &#8226; Com\u00e9dia Laon","isPartOf":{"@id":"https:\/\/comedialaon.fr\/#website"},"datePublished":"2016-10-04T09:29:44+00:00","dateModified":"2021-07-14T12:12:48+00:00","breadcrumb":{"@id":"https:\/\/comedialaon.fr\/?page_id=1546#breadcrumb"},"inLanguage":"fr-FR","potentialAction":[{"@type":"ReadAction","target":["https:\/\/comedialaon.fr\/?page_id=1546"]}]},{"@type":"BreadcrumbList","@id":"https:\/\/comedialaon.fr\/?page_id=1546#breadcrumb","itemListElement":[{"@type":"ListItem","position":1,"name":"Accueil","item":"https:\/\/comedialaon.fr\/"},{"@type":"ListItem","position":2,"name":"INFOS LIVE 2016"}]},{"@type":"WebSite","@id":"https:\/\/comedialaon.fr\/#website","url":"https:\/\/comedialaon.fr\/","name":"Com\u00e9dia Laon","description":"Prendre et donner du PLAISIR ... !!! ;-)","publisher":{"@id":"https:\/\/comedialaon.fr\/#organization"},"potentialAction":[{"@type":"SearchAction","target":{"@type":"EntryPoint","urlTemplate":"https:\/\/comedialaon.fr\/?s={search_term_string}"},"query-input":{"@type":"PropertyValueSpecification","valueRequired":true,"valueName":"search_term_string"}}],"inLanguage":"fr-FR"},{"@type":"Organization","@id":"https:\/\/comedialaon.fr\/#organization","name":"Com\u00e9dia Laon","url":"https:\/\/comedialaon.fr\/","logo":{"@type":"ImageObject","inLanguage":"fr-FR","@id":"https:\/\/comedialaon.fr\/#\/schema\/logo\/image\/","url":"https:\/\/comedialaon.fr\/wp-content\/uploads\/2019\/02\/LOGO-CL-et-OL.jpg","contentUrl":"https:\/\/comedialaon.fr\/wp-content\/uploads\/2019\/02\/LOGO-CL-et-OL.jpg","width":756,"height":210,"caption":"Com\u00e9dia Laon"},"image":{"@id":"https:\/\/comedialaon.fr\/#\/schema\/logo\/image\/"},"sameAs":["https:\/\/www.facebook.com\/profile.php?id=100008459438996","https:\/\/www.youtube.com\/results?search_query=comedia laon"]}]}},"_links":{"self":[{"href":"https:\/\/comedialaon.fr\/index.php?rest_route=\/wp\/v2\/pages\/1546","targetHints":{"allow":["GET"]}}],"collection":[{"href":"https:\/\/comedialaon.fr\/index.php?rest_route=\/wp\/v2\/pages"}],"about":[{"href":"https:\/\/comedialaon.fr\/index.php?rest_route=\/wp\/v2\/types\/page"}],"author":[{"embeddable":true,"href":"https:\/\/comedialaon.fr\/index.php?rest_route=\/wp\/v2\/users\/1"}],"replies":[{"embeddable":true,"href":"https:\/\/comedialaon.fr\/index.php?rest_route=%2Fwp%2Fv2%2Fcomments&post=1546"}],"version-history":[{"count":10,"href":"https:\/\/comedialaon.fr\/index.php?rest_route=\/wp\/v2\/pages\/1546\/revisions"}],"predecessor-version":[{"id":4299,"href":"https:\/\/comedialaon.fr\/index.php?rest_route=\/wp\/v2\/pages\/1546\/revisions\/4299"}],"wp:attachment":[{"href":"https:\/\/comedialaon.fr\/index.php?rest_route=%2Fwp%2Fv2%2Fmedia&parent=1546"}],"curies":[{"name":"wp","href":"https:\/\/api.w.org\/{rel}","templated":true}]}}