{"id":1539,"date":"2016-10-04T11:18:23","date_gmt":"2016-10-04T09:18:23","guid":{"rendered":"https:\/\/comedialaon.fr\/?page_id=1539"},"modified":"2021-07-14T14:12:27","modified_gmt":"2021-07-14T12:12:27","slug":"infos-live-2015","status":"publish","type":"page","link":"https:\/\/comedialaon.fr\/?page_id=1539","title":{"rendered":"INFOS LIVE 2015"},"content":{"rendered":"<p><a href=\"https:\/\/comedialaon.fr\/?page_id=998\" title=\"SPECTACLE POUR LE T\u00c9L\u00c9THON\">SPECTACLE POUR LE T\u00c9L\u00c9THON<\/a><br \/>\n<a href=\"https:\/\/comedialaon.fr\/?page_id=993\" title=\"MERVEILLEUSE SOIR\u00c9E !!!!!!\">MERVEILLEUSE SOIR\u00c9E !!!!!!<\/a><br \/>\n<a href=\"https:\/\/comedialaon.fr\/?page_id=959\" title=\"LE PORTRAIT DU DIMANCHE\">LE PORTRAIT DU DIMANCHE<\/a><br \/>\n<a href=\"https:\/\/comedialaon.fr\/?page_id=911\" title=\"\u00c9V\u00c8NEMENT : nous accueillons MONTLOON COMPAGNIE\">\u00c9V\u00c8NEMENT : nous accueillons MONTLOON COMPAGNIE<\/a><br \/>\n<a href=\"https:\/\/comedialaon.fr\/?page_id=811\" title=\"WEEK-END A LA M.A.L.\">WEEK-END A LA M.A.L.<\/a><br \/>\n<a href=\"https:\/\/comedialaon.fr\/?page_id=763\" title=\"JUIN 2015 : LES TROIS DERNI\u00c8RES\">JUIN 2015 : LES TROIS DERNI\u00c8RES<\/a><br \/>\n<a href=\"https:\/\/comedialaon.fr\/?page_id=698\" title=\"LA SPIRALE\">LA SPIRALE<\/a><br \/>\n<a href=\"https:\/\/comedialaon.fr\/?page_id=665\" title=\"LE T\u00c9L\u00c9THON ET MAT\u00c9L\u00c9\">LE T\u00c9L\u00c9THON ET MAT\u00c9L\u00c9<\/a><br \/>\n<a href=\"https:\/\/comedialaon.fr\/?page_id=638\" title=\"Bient\u00f4t \"LA MARNE\"\">Bient\u00f4t \u00ab\u00a0LA MARNE\u00a0\u00bb<\/a><br \/>\n<a href=\"https:\/\/comedialaon.fr\/?page_id=410\" title=\"Je veux voir MIOUSSOV : La g\u00e9n\u00e9rale\">Je veux voir MIOUSSOV : La g\u00e9n\u00e9rale<\/a><\/p>\n","protected":false},"excerpt":{"rendered":"<p>SPECTACLE POUR LE T\u00c9L\u00c9THON MERVEILLEUSE SOIR\u00c9E !!!!!! LE PORTRAIT DU DIMANCHE \u00c9V\u00c8NEMENT : nous accueillons MONTLOON COMPAGNIE WEEK-END A LA M.A.L. JUIN 2015 : LES TROIS DERNI\u00c8RES LA SPIRALE LE T\u00c9L\u00c9THON ET MAT\u00c9L\u00c9 Bient\u00f4t \u00ab\u00a0LA MARNE\u00a0\u00bb Je veux voir MIOUSSOV : La g\u00e9n\u00e9rale<\/p>\n","protected":false},"author":1,"featured_media":0,"parent":0,"menu_order":0,"comment_status":"closed","ping_status":"closed","template":"","meta":{"footnotes":""},"class_list":["post-1539","page","type-page","status-publish","hentry"],"yoast_head":"<!-- This site is optimized with the Yoast SEO plugin v27.5 - https:\/\/yoast.com\/product\/yoast-seo-wordpress\/ -->\n<title>INFOS LIVE 2015 &#8226; Com\u00e9dia Laon<\/title>\n<meta name=\"robots\" content=\"index, follow, max-snippet:-1, max-image-preview:large, max-video-preview:-1\" \/>\n<link rel=\"canonical\" href=\"https:\/\/comedialaon.fr\/?page_id=1539\" \/>\n<meta property=\"og:locale\" content=\"fr_FR\" \/>\n<meta property=\"og:type\" content=\"article\" \/>\n<meta property=\"og:title\" content=\"INFOS LIVE 2015 &#8226; Com\u00e9dia Laon\" \/>\n<meta property=\"og:description\" content=\"SPECTACLE POUR LE T\u00c9L\u00c9THON MERVEILLEUSE SOIR\u00c9E !!!!!! LE PORTRAIT DU DIMANCHE \u00c9V\u00c8NEMENT : nous accueillons MONTLOON COMPAGNIE WEEK-END A LA M.A.L. JUIN 2015 : LES TROIS DERNI\u00c8RES LA SPIRALE LE T\u00c9L\u00c9THON ET MAT\u00c9L\u00c9 Bient\u00f4t \u00ab\u00a0LA MARNE\u00a0\u00bb Je veux voir MIOUSSOV : La g\u00e9n\u00e9rale\" \/>\n<meta property=\"og:url\" content=\"https:\/\/comedialaon.fr\/?page_id=1539\" \/>\n<meta property=\"og:site_name\" content=\"Com\u00e9dia Laon\" \/>\n<meta property=\"article:publisher\" content=\"https:\/\/www.facebook.com\/profile.php?id=100008459438996\" \/>\n<meta property=\"article:modified_time\" content=\"2021-07-14T12:12:27+00:00\" \/>\n<script type=\"application\/ld+json\" class=\"yoast-schema-graph\">{\"@context\":\"https:\\\/\\\/schema.org\",\"@graph\":[{\"@type\":\"WebPage\",\"@id\":\"https:\\\/\\\/comedialaon.fr\\\/?page_id=1539\",\"url\":\"https:\\\/\\\/comedialaon.fr\\\/?page_id=1539\",\"name\":\"INFOS LIVE 2015 &#8226; Com\u00e9dia Laon\",\"isPartOf\":{\"@id\":\"https:\\\/\\\/comedialaon.fr\\\/#website\"},\"datePublished\":\"2016-10-04T09:18:23+00:00\",\"dateModified\":\"2021-07-14T12:12:27+00:00\",\"breadcrumb\":{\"@id\":\"https:\\\/\\\/comedialaon.fr\\\/?page_id=1539#breadcrumb\"},\"inLanguage\":\"fr-FR\",\"potentialAction\":[{\"@type\":\"ReadAction\",\"target\":[\"https:\\\/\\\/comedialaon.fr\\\/?page_id=1539\"]}]},{\"@type\":\"BreadcrumbList\",\"@id\":\"https:\\\/\\\/comedialaon.fr\\\/?page_id=1539#breadcrumb\",\"itemListElement\":[{\"@type\":\"ListItem\",\"position\":1,\"name\":\"Accueil\",\"item\":\"https:\\\/\\\/comedialaon.fr\\\/\"},{\"@type\":\"ListItem\",\"position\":2,\"name\":\"INFOS LIVE 2015\"}]},{\"@type\":\"WebSite\",\"@id\":\"https:\\\/\\\/comedialaon.fr\\\/#website\",\"url\":\"https:\\\/\\\/comedialaon.fr\\\/\",\"name\":\"Com\u00e9dia Laon\",\"description\":\"Prendre et donner du PLAISIR ... !!! ;-)\",\"publisher\":{\"@id\":\"https:\\\/\\\/comedialaon.fr\\\/#organization\"},\"potentialAction\":[{\"@type\":\"SearchAction\",\"target\":{\"@type\":\"EntryPoint\",\"urlTemplate\":\"https:\\\/\\\/comedialaon.fr\\\/?s={search_term_string}\"},\"query-input\":{\"@type\":\"PropertyValueSpecification\",\"valueRequired\":true,\"valueName\":\"search_term_string\"}}],\"inLanguage\":\"fr-FR\"},{\"@type\":\"Organization\",\"@id\":\"https:\\\/\\\/comedialaon.fr\\\/#organization\",\"name\":\"Com\u00e9dia Laon\",\"url\":\"https:\\\/\\\/comedialaon.fr\\\/\",\"logo\":{\"@type\":\"ImageObject\",\"inLanguage\":\"fr-FR\",\"@id\":\"https:\\\/\\\/comedialaon.fr\\\/#\\\/schema\\\/logo\\\/image\\\/\",\"url\":\"https:\\\/\\\/comedialaon.fr\\\/wp-content\\\/uploads\\\/2019\\\/02\\\/LOGO-CL-et-OL.jpg\",\"contentUrl\":\"https:\\\/\\\/comedialaon.fr\\\/wp-content\\\/uploads\\\/2019\\\/02\\\/LOGO-CL-et-OL.jpg\",\"width\":756,\"height\":210,\"caption\":\"Com\u00e9dia Laon\"},\"image\":{\"@id\":\"https:\\\/\\\/comedialaon.fr\\\/#\\\/schema\\\/logo\\\/image\\\/\"},\"sameAs\":[\"https:\\\/\\\/www.facebook.com\\\/profile.php?id=100008459438996\",\"https:\\\/\\\/www.youtube.com\\\/results?search_query=comedia laon\"]}]}<\/script>\n<!-- \/ Yoast SEO plugin. -->","yoast_head_json":{"title":"INFOS LIVE 2015 &#8226; Com\u00e9dia Laon","robots":{"index":"index","follow":"follow","max-snippet":"max-snippet:-1","max-image-preview":"max-image-preview:large","max-video-preview":"max-video-preview:-1"},"canonical":"https:\/\/comedialaon.fr\/?page_id=1539","og_locale":"fr_FR","og_type":"article","og_title":"INFOS LIVE 2015 &#8226; Com\u00e9dia Laon","og_description":"SPECTACLE POUR LE T\u00c9L\u00c9THON MERVEILLEUSE SOIR\u00c9E !!!!!! LE PORTRAIT DU DIMANCHE \u00c9V\u00c8NEMENT : nous accueillons MONTLOON COMPAGNIE WEEK-END A LA M.A.L. JUIN 2015 : LES TROIS DERNI\u00c8RES LA SPIRALE LE T\u00c9L\u00c9THON ET MAT\u00c9L\u00c9 Bient\u00f4t \u00ab\u00a0LA MARNE\u00a0\u00bb Je veux voir MIOUSSOV : La g\u00e9n\u00e9rale","og_url":"https:\/\/comedialaon.fr\/?page_id=1539","og_site_name":"Com\u00e9dia Laon","article_publisher":"https:\/\/www.facebook.com\/profile.php?id=100008459438996","article_modified_time":"2021-07-14T12:12:27+00:00","schema":{"@context":"https:\/\/schema.org","@graph":[{"@type":"WebPage","@id":"https:\/\/comedialaon.fr\/?page_id=1539","url":"https:\/\/comedialaon.fr\/?page_id=1539","name":"INFOS LIVE 2015 &#8226; Com\u00e9dia Laon","isPartOf":{"@id":"https:\/\/comedialaon.fr\/#website"},"datePublished":"2016-10-04T09:18:23+00:00","dateModified":"2021-07-14T12:12:27+00:00","breadcrumb":{"@id":"https:\/\/comedialaon.fr\/?page_id=1539#breadcrumb"},"inLanguage":"fr-FR","potentialAction":[{"@type":"ReadAction","target":["https:\/\/comedialaon.fr\/?page_id=1539"]}]},{"@type":"BreadcrumbList","@id":"https:\/\/comedialaon.fr\/?page_id=1539#breadcrumb","itemListElement":[{"@type":"ListItem","position":1,"name":"Accueil","item":"https:\/\/comedialaon.fr\/"},{"@type":"ListItem","position":2,"name":"INFOS LIVE 2015"}]},{"@type":"WebSite","@id":"https:\/\/comedialaon.fr\/#website","url":"https:\/\/comedialaon.fr\/","name":"Com\u00e9dia Laon","description":"Prendre et donner du PLAISIR ... !!! ;-)","publisher":{"@id":"https:\/\/comedialaon.fr\/#organization"},"potentialAction":[{"@type":"SearchAction","target":{"@type":"EntryPoint","urlTemplate":"https:\/\/comedialaon.fr\/?s={search_term_string}"},"query-input":{"@type":"PropertyValueSpecification","valueRequired":true,"valueName":"search_term_string"}}],"inLanguage":"fr-FR"},{"@type":"Organization","@id":"https:\/\/comedialaon.fr\/#organization","name":"Com\u00e9dia Laon","url":"https:\/\/comedialaon.fr\/","logo":{"@type":"ImageObject","inLanguage":"fr-FR","@id":"https:\/\/comedialaon.fr\/#\/schema\/logo\/image\/","url":"https:\/\/comedialaon.fr\/wp-content\/uploads\/2019\/02\/LOGO-CL-et-OL.jpg","contentUrl":"https:\/\/comedialaon.fr\/wp-content\/uploads\/2019\/02\/LOGO-CL-et-OL.jpg","width":756,"height":210,"caption":"Com\u00e9dia Laon"},"image":{"@id":"https:\/\/comedialaon.fr\/#\/schema\/logo\/image\/"},"sameAs":["https:\/\/www.facebook.com\/profile.php?id=100008459438996","https:\/\/www.youtube.com\/results?search_query=comedia laon"]}]}},"_links":{"self":[{"href":"https:\/\/comedialaon.fr\/index.php?rest_route=\/wp\/v2\/pages\/1539","targetHints":{"allow":["GET"]}}],"collection":[{"href":"https:\/\/comedialaon.fr\/index.php?rest_route=\/wp\/v2\/pages"}],"about":[{"href":"https:\/\/comedialaon.fr\/index.php?rest_route=\/wp\/v2\/types\/page"}],"author":[{"embeddable":true,"href":"https:\/\/comedialaon.fr\/index.php?rest_route=\/wp\/v2\/users\/1"}],"replies":[{"embeddable":true,"href":"https:\/\/comedialaon.fr\/index.php?rest_route=%2Fwp%2Fv2%2Fcomments&post=1539"}],"version-history":[{"count":7,"href":"https:\/\/comedialaon.fr\/index.php?rest_route=\/wp\/v2\/pages\/1539\/revisions"}],"predecessor-version":[{"id":4298,"href":"https:\/\/comedialaon.fr\/index.php?rest_route=\/wp\/v2\/pages\/1539\/revisions\/4298"}],"wp:attachment":[{"href":"https:\/\/comedialaon.fr\/index.php?rest_route=%2Fwp%2Fv2%2Fmedia&parent=1539"}],"curies":[{"name":"wp","href":"https:\/\/api.w.org\/{rel}","templated":true}]}}