{"id":1428,"date":"2016-10-03T20:21:06","date_gmt":"2016-10-03T18:21:06","guid":{"rendered":"https:\/\/comedialaon.fr\/?page_id=1428"},"modified":"2021-07-21T16:27:48","modified_gmt":"2021-07-21T14:27:48","slug":"stationnement-alterne","status":"publish","type":"page","link":"https:\/\/comedialaon.fr\/?page_id=1428","title":{"rendered":"STATIONNEMENT ALTERN\u00c9"},"content":{"rendered":"<div id=\"attachment_1686\" style=\"width: 220px\" class=\"wp-caption alignleft\"><a href=\"https:\/\/comedialaon.fr\/wp-content\/uploads\/2016\/12\/stationnement-altern\u00e9-CAPNO-pour-internet-GIL.jpg\"><img loading=\"lazy\" decoding=\"async\" aria-describedby=\"caption-attachment-1686\" src=\"https:\/\/comedialaon.fr\/wp-content\/uploads\/2016\/12\/stationnement-altern\u00e9-CAPNO-pour-internet-GIL-210x300.jpg\" alt=\"Stationnement altern\u00e9 au CAPNO le 19 f\u00e9vrier 2017\" width=\"210\" height=\"300\" class=\"size-medium wp-image-1686\" srcset=\"https:\/\/comedialaon.fr\/wp-content\/uploads\/2016\/12\/stationnement-altern\u00e9-CAPNO-pour-internet-GIL-210x300.jpg 210w, https:\/\/comedialaon.fr\/wp-content\/uploads\/2016\/12\/stationnement-altern\u00e9-CAPNO-pour-internet-GIL.jpg 652w\" sizes=\"auto, (max-width: 210px) 100vw, 210px\" \/><\/a><p id=\"caption-attachment-1686\" class=\"wp-caption-text\">Stationnement altern\u00e9 au CAPNO le 19 f\u00e9vrier 2017<\/p><\/div>\n<p>STATIONNEMENT ALTERN\u00c9 est une com\u00e9die en deux actes de Ray COONEY.<\/p>\n<p>Le sujet : Jean Martin, chauffeur de taxi, est un homme comme tout le monde. Sauf qu&rsquo;il est mari\u00e9 \u00e0 deux femmes et qu&rsquo;il a deux foyers : l&rsquo;un \u00e0 Montreuil et l&rsquo;autre \u00e0 Ivry &#8230; Entre d\u00e9placements et horaires variables, il a, jusque-l\u00e0, r\u00e9ussi \u00e0 mener une double vie gr\u00e2ce \u00e0 son emploi du temps tr\u00e8s minut\u00e9. Mais un jour, du fait d&rsquo;un accident, tout bascule &#8230; Il s&#8217;emploie alors \u00e0 tout faire pour ne pas d\u00e9voiler le pot aux roses, aid\u00e9 dans son effort par son voisin, complice malgr\u00e9 lui des \u00e9v\u00e9nements rocambolesques qui s&rsquo;encha\u00eenent en cascade.<\/p>\n<p><a href=\"https:\/\/comedialaon.fr\/?page_id=4682\" title=\"Album photos CAPNO\">Album photos CAPNO<\/a><\/p>\n<p><a href=\"https:\/\/comedialaon.fr\/?page_id=4373\" title=\"Nos dates de repr\u00e9sentations pour 2017\"> Nos dates de repr\u00e9sentations pour 2017<\/a><\/p>\n","protected":false},"excerpt":{"rendered":"<p>STATIONNEMENT ALTERN\u00c9 est une com\u00e9die en deux actes de Ray COONEY. Le sujet : Jean Martin, chauffeur de taxi, est un homme comme tout le monde. Sauf qu&rsquo;il est mari\u00e9 \u00e0 deux femmes et qu&rsquo;il a deux foyers : l&rsquo;un \u00e0 Montreuil et l&rsquo;autre \u00e0 Ivry &#8230; Entre d\u00e9placements et horaires variables, il a, jusque-l\u00e0,<\/p>\n<p><a class=\"excerpt-more blog-excerpt\" href=\"https:\/\/comedialaon.fr\/?page_id=1428\">Lire la suite<\/a><\/p>\n","protected":false},"author":1,"featured_media":0,"parent":0,"menu_order":0,"comment_status":"closed","ping_status":"closed","template":"","meta":{"footnotes":""},"class_list":["post-1428","page","type-page","status-publish","hentry"],"yoast_head":"<!-- This site is optimized with the Yoast SEO plugin v27.5 - https:\/\/yoast.com\/product\/yoast-seo-wordpress\/ -->\n<title>STATIONNEMENT ALTERN\u00c9 &#8226; Com\u00e9dia Laon<\/title>\n<meta name=\"robots\" content=\"index, follow, max-snippet:-1, max-image-preview:large, max-video-preview:-1\" \/>\n<link rel=\"canonical\" href=\"https:\/\/comedialaon.fr\/?page_id=1428\" \/>\n<meta property=\"og:locale\" content=\"fr_FR\" \/>\n<meta property=\"og:type\" content=\"article\" \/>\n<meta property=\"og:title\" content=\"STATIONNEMENT ALTERN\u00c9 &#8226; Com\u00e9dia Laon\" \/>\n<meta property=\"og:description\" content=\"STATIONNEMENT ALTERN\u00c9 est une com\u00e9die en deux actes de Ray COONEY. Le sujet : Jean Martin, chauffeur de taxi, est un homme comme tout le monde. Sauf qu&rsquo;il est mari\u00e9 \u00e0 deux femmes et qu&rsquo;il a deux foyers : l&rsquo;un \u00e0 Montreuil et l&rsquo;autre \u00e0 Ivry &#8230; Entre d\u00e9placements et horaires variables, il a, jusque-l\u00e0,Lire la suite\" \/>\n<meta property=\"og:url\" content=\"https:\/\/comedialaon.fr\/?page_id=1428\" \/>\n<meta property=\"og:site_name\" content=\"Com\u00e9dia Laon\" \/>\n<meta property=\"article:publisher\" content=\"https:\/\/www.facebook.com\/profile.php?id=100008459438996\" \/>\n<meta property=\"article:modified_time\" content=\"2021-07-21T14:27:48+00:00\" \/>\n<meta property=\"og:image\" content=\"https:\/\/comedialaon.fr\/wp-content\/uploads\/2016\/12\/stationnement-altern\u00e9-CAPNO-pour-internet-GIL-210x300.jpg\" \/>\n<meta name=\"twitter:label1\" content=\"Dur\u00e9e de lecture estim\u00e9e\" \/>\n\t<meta name=\"twitter:data1\" content=\"1 minute\" \/>\n<script type=\"application\/ld+json\" class=\"yoast-schema-graph\">{\"@context\":\"https:\\\/\\\/schema.org\",\"@graph\":[{\"@type\":\"WebPage\",\"@id\":\"https:\\\/\\\/comedialaon.fr\\\/?page_id=1428\",\"url\":\"https:\\\/\\\/comedialaon.fr\\\/?page_id=1428\",\"name\":\"STATIONNEMENT ALTERN\u00c9 &#8226; Com\u00e9dia Laon\",\"isPartOf\":{\"@id\":\"https:\\\/\\\/comedialaon.fr\\\/#website\"},\"datePublished\":\"2016-10-03T18:21:06+00:00\",\"dateModified\":\"2021-07-21T14:27:48+00:00\",\"breadcrumb\":{\"@id\":\"https:\\\/\\\/comedialaon.fr\\\/?page_id=1428#breadcrumb\"},\"inLanguage\":\"fr-FR\",\"potentialAction\":[{\"@type\":\"ReadAction\",\"target\":[\"https:\\\/\\\/comedialaon.fr\\\/?page_id=1428\"]}]},{\"@type\":\"BreadcrumbList\",\"@id\":\"https:\\\/\\\/comedialaon.fr\\\/?page_id=1428#breadcrumb\",\"itemListElement\":[{\"@type\":\"ListItem\",\"position\":1,\"name\":\"Accueil\",\"item\":\"https:\\\/\\\/comedialaon.fr\\\/\"},{\"@type\":\"ListItem\",\"position\":2,\"name\":\"STATIONNEMENT ALTERN\u00c9\"}]},{\"@type\":\"WebSite\",\"@id\":\"https:\\\/\\\/comedialaon.fr\\\/#website\",\"url\":\"https:\\\/\\\/comedialaon.fr\\\/\",\"name\":\"Com\u00e9dia Laon\",\"description\":\"Prendre et donner du PLAISIR ... !!! ;-)\",\"publisher\":{\"@id\":\"https:\\\/\\\/comedialaon.fr\\\/#organization\"},\"potentialAction\":[{\"@type\":\"SearchAction\",\"target\":{\"@type\":\"EntryPoint\",\"urlTemplate\":\"https:\\\/\\\/comedialaon.fr\\\/?s={search_term_string}\"},\"query-input\":{\"@type\":\"PropertyValueSpecification\",\"valueRequired\":true,\"valueName\":\"search_term_string\"}}],\"inLanguage\":\"fr-FR\"},{\"@type\":\"Organization\",\"@id\":\"https:\\\/\\\/comedialaon.fr\\\/#organization\",\"name\":\"Com\u00e9dia Laon\",\"url\":\"https:\\\/\\\/comedialaon.fr\\\/\",\"logo\":{\"@type\":\"ImageObject\",\"inLanguage\":\"fr-FR\",\"@id\":\"https:\\\/\\\/comedialaon.fr\\\/#\\\/schema\\\/logo\\\/image\\\/\",\"url\":\"https:\\\/\\\/comedialaon.fr\\\/wp-content\\\/uploads\\\/2019\\\/02\\\/LOGO-CL-et-OL.jpg\",\"contentUrl\":\"https:\\\/\\\/comedialaon.fr\\\/wp-content\\\/uploads\\\/2019\\\/02\\\/LOGO-CL-et-OL.jpg\",\"width\":756,\"height\":210,\"caption\":\"Com\u00e9dia Laon\"},\"image\":{\"@id\":\"https:\\\/\\\/comedialaon.fr\\\/#\\\/schema\\\/logo\\\/image\\\/\"},\"sameAs\":[\"https:\\\/\\\/www.facebook.com\\\/profile.php?id=100008459438996\",\"https:\\\/\\\/www.youtube.com\\\/results?search_query=comedia laon\"]}]}<\/script>\n<!-- \/ Yoast SEO plugin. -->","yoast_head_json":{"title":"STATIONNEMENT ALTERN\u00c9 &#8226; Com\u00e9dia Laon","robots":{"index":"index","follow":"follow","max-snippet":"max-snippet:-1","max-image-preview":"max-image-preview:large","max-video-preview":"max-video-preview:-1"},"canonical":"https:\/\/comedialaon.fr\/?page_id=1428","og_locale":"fr_FR","og_type":"article","og_title":"STATIONNEMENT ALTERN\u00c9 &#8226; Com\u00e9dia Laon","og_description":"STATIONNEMENT ALTERN\u00c9 est une com\u00e9die en deux actes de Ray COONEY. Le sujet : Jean Martin, chauffeur de taxi, est un homme comme tout le monde. Sauf qu&rsquo;il est mari\u00e9 \u00e0 deux femmes et qu&rsquo;il a deux foyers : l&rsquo;un \u00e0 Montreuil et l&rsquo;autre \u00e0 Ivry &#8230; Entre d\u00e9placements et horaires variables, il a, jusque-l\u00e0,Lire la suite","og_url":"https:\/\/comedialaon.fr\/?page_id=1428","og_site_name":"Com\u00e9dia Laon","article_publisher":"https:\/\/www.facebook.com\/profile.php?id=100008459438996","article_modified_time":"2021-07-21T14:27:48+00:00","og_image":[{"url":"https:\/\/comedialaon.fr\/wp-content\/uploads\/2016\/12\/stationnement-altern\u00e9-CAPNO-pour-internet-GIL-210x300.jpg","type":"","width":"","height":""}],"twitter_misc":{"Dur\u00e9e de lecture estim\u00e9e":"1 minute"},"schema":{"@context":"https:\/\/schema.org","@graph":[{"@type":"WebPage","@id":"https:\/\/comedialaon.fr\/?page_id=1428","url":"https:\/\/comedialaon.fr\/?page_id=1428","name":"STATIONNEMENT ALTERN\u00c9 &#8226; Com\u00e9dia Laon","isPartOf":{"@id":"https:\/\/comedialaon.fr\/#website"},"datePublished":"2016-10-03T18:21:06+00:00","dateModified":"2021-07-21T14:27:48+00:00","breadcrumb":{"@id":"https:\/\/comedialaon.fr\/?page_id=1428#breadcrumb"},"inLanguage":"fr-FR","potentialAction":[{"@type":"ReadAction","target":["https:\/\/comedialaon.fr\/?page_id=1428"]}]},{"@type":"BreadcrumbList","@id":"https:\/\/comedialaon.fr\/?page_id=1428#breadcrumb","itemListElement":[{"@type":"ListItem","position":1,"name":"Accueil","item":"https:\/\/comedialaon.fr\/"},{"@type":"ListItem","position":2,"name":"STATIONNEMENT ALTERN\u00c9"}]},{"@type":"WebSite","@id":"https:\/\/comedialaon.fr\/#website","url":"https:\/\/comedialaon.fr\/","name":"Com\u00e9dia Laon","description":"Prendre et donner du PLAISIR ... !!! ;-)","publisher":{"@id":"https:\/\/comedialaon.fr\/#organization"},"potentialAction":[{"@type":"SearchAction","target":{"@type":"EntryPoint","urlTemplate":"https:\/\/comedialaon.fr\/?s={search_term_string}"},"query-input":{"@type":"PropertyValueSpecification","valueRequired":true,"valueName":"search_term_string"}}],"inLanguage":"fr-FR"},{"@type":"Organization","@id":"https:\/\/comedialaon.fr\/#organization","name":"Com\u00e9dia Laon","url":"https:\/\/comedialaon.fr\/","logo":{"@type":"ImageObject","inLanguage":"fr-FR","@id":"https:\/\/comedialaon.fr\/#\/schema\/logo\/image\/","url":"https:\/\/comedialaon.fr\/wp-content\/uploads\/2019\/02\/LOGO-CL-et-OL.jpg","contentUrl":"https:\/\/comedialaon.fr\/wp-content\/uploads\/2019\/02\/LOGO-CL-et-OL.jpg","width":756,"height":210,"caption":"Com\u00e9dia Laon"},"image":{"@id":"https:\/\/comedialaon.fr\/#\/schema\/logo\/image\/"},"sameAs":["https:\/\/www.facebook.com\/profile.php?id=100008459438996","https:\/\/www.youtube.com\/results?search_query=comedia laon"]}]}},"_links":{"self":[{"href":"https:\/\/comedialaon.fr\/index.php?rest_route=\/wp\/v2\/pages\/1428","targetHints":{"allow":["GET"]}}],"collection":[{"href":"https:\/\/comedialaon.fr\/index.php?rest_route=\/wp\/v2\/pages"}],"about":[{"href":"https:\/\/comedialaon.fr\/index.php?rest_route=\/wp\/v2\/types\/page"}],"author":[{"embeddable":true,"href":"https:\/\/comedialaon.fr\/index.php?rest_route=\/wp\/v2\/users\/1"}],"replies":[{"embeddable":true,"href":"https:\/\/comedialaon.fr\/index.php?rest_route=%2Fwp%2Fv2%2Fcomments&post=1428"}],"version-history":[{"count":18,"href":"https:\/\/comedialaon.fr\/index.php?rest_route=\/wp\/v2\/pages\/1428\/revisions"}],"predecessor-version":[{"id":1688,"href":"https:\/\/comedialaon.fr\/index.php?rest_route=\/wp\/v2\/pages\/1428\/revisions\/1688"}],"wp:attachment":[{"href":"https:\/\/comedialaon.fr\/index.php?rest_route=%2Fwp%2Fv2%2Fmedia&parent=1428"}],"curies":[{"name":"wp","href":"https:\/\/api.w.org\/{rel}","templated":true}]}}