{"id":1049,"date":"2016-01-10T21:30:54","date_gmt":"2016-01-10T20:30:54","guid":{"rendered":"https:\/\/comedialaon.fr\/?page_id=1049"},"modified":"2021-07-12T15:26:54","modified_gmt":"2021-07-12T13:26:54","slug":"2016-2","status":"publish","type":"page","link":"https:\/\/comedialaon.fr\/?page_id=1049","title":{"rendered":"REVUE DE PRESSE 2016"},"content":{"rendered":"<p><a href=\"https:\/\/comedialaon.fr\/?page_id=4284\" >Article de l&rsquo;Union du 11 juillet 2016 : Une compagnie en plein essor<\/a><br \/>\n<a href=\"https:\/\/comedialaon.fr\/?page_id=4281\" >Article de l&rsquo;Union du 4 juillet 2016 : Com\u00e9dia Laon a investi la salle des f\u00eates<\/a><br \/>\n<a href=\"https:\/\/comedialaon.fr\/?page_id=4278\" >Article de l&rsquo;Union du 1er juillet 2016 : Com\u00e9dia Laon joue la solidarit\u00e9<\/a><br \/>\n<a href=\"https:\/\/comedialaon.fr\/?page_id=4276\" >Article de l&rsquo;Union du 22 juin 2016 : \u00ab\u00a0Tout bascule\u00a0\u00bb avec la troupe Com\u00e9dia Laon \u00e0 la MAL<\/a><br \/>\n<a href=\"https:\/\/comedialaon.fr\/?page_id=4274\" >Article de l&rsquo;Union du 11 juin 2016 : Quand tout bascule gr\u00e2ce \u00e0 la biblioth\u00e8que !<\/a><br \/>\n<a href=\"https:\/\/comedialaon.fr\/?page_id=4272\" >Article de l&rsquo;Union du 21 avril 2016 : La salade Laonnoise<\/a><br \/>\n<a href=\"https:\/\/comedialaon.fr\/?page_id=4268\" >Article de l&rsquo;Union du 6 avril 2016 : Dimanche, au Piccolo de Vervins<\/a><br \/>\n<a href=\"https:\/\/comedialaon.fr\/?page_id=4265\" >Article de l&rsquo;Union du 5 avril 2016 : La troupe Com\u00e9dia Laon cherche une salle<\/a><br \/>\n<a href=\"https:\/\/comedialaon.fr\/?page_id=4263\" >Article de l&rsquo;Union du 19 mars 2016 : Com\u00e9dia Laon \u00e0 Sissonne<\/a><br \/>\n<a href=\"https:\/\/comedialaon.fr\/?page_id=4261\" >Article de l&rsquo;Union du 3 mars 2016 : Joli succ\u00e8s pour Com\u00e9dia Laon<\/a><br \/>\n<a href=\"https:\/\/comedialaon.fr\/?page_id=4258\" >Article de l&rsquo;Axonais du 25 f\u00e9vrier 2016 : Com\u00e9dia Laon fait salle comble pour sa premi\u00e8re repr\u00e9sentation de l&rsquo;ann\u00e9e<\/a><br \/>\n<a href=\"https:\/\/comedialaon.fr\/?page_id=4256\" >Article de l&rsquo;Union du 24 f\u00e9vrier 2016 : Com\u00e9dia Laon fait encore un tabac<\/a><br \/>\n<a href=\"https:\/\/comedialaon.fr\/?page_id=4254\" >Article de l&rsquo;Union du 19 f\u00e9vrier 2016 : Du vaudeville avec la troupe Com\u00e9dia Laon<\/a><br \/>\n<a href=\"https:\/\/comedialaon.fr\/?page_id=4251\" >Article de l&rsquo;Axonais du 11 f\u00e9vrier 2016 : Les com\u00e9diens amateurs de Com\u00e9dia Laon pr\u00e9parent leur premi\u00e8re repr\u00e9sentation de l&rsquo;ann\u00e9e<\/a><br \/>\n<a href=\"https:\/\/comedialaon.fr\/?page_id=4248\" >Article de l&rsquo;Union du 11 f\u00e9vrier 2016 : Pour la 6\u00e8me fois, Com\u00e9dia Laon monte sur les planche<\/a><br \/>\n<a href=\"https:\/\/comedialaon.fr\/?page_id=4245\" >Article de l&rsquo;Axonais du 21 janvier 2016 : La troupe Com\u00e9dia Laon inaugure 2016 par une pi\u00e8ce in\u00e9dite<\/a><br \/>\n<a href=\"https:\/\/comedialaon.fr\/?page_id=4243\" >Article de l&rsquo;Union du 19 janvier 2016 : Du th\u00e9\u00e2tre pour le T\u00e9l\u00e9thon<\/a><br \/>\n<a href=\"https:\/\/comedialaon.fr\/?page_id=4241\" >Article de l&rsquo;Union du 17 janvier 2016 : Du th\u00e9\u00e2tre au profit du T\u00e9l\u00e9thon ce dimanche Com\u00e9dia Laon<\/a><br \/>\n<a href=\"https:\/\/comedialaon.fr\/?page_id=4239\" >Article de l&rsquo;Union du 16 janvier 2016 : Du th\u00e9\u00e2tre pour le T\u00e9l\u00e9thon<\/a><br \/>\n<a href=\"https:\/\/comedialaon.fr\/?page_id=4237\" >Article de l&rsquo;Union du 8 janvier 2016 : Com\u00e9dia Laon pour le T\u00e9l\u00e9thon<\/a><\/p>\n","protected":false},"excerpt":{"rendered":"<p>Article de l&rsquo;Union du 11 juillet 2016 : Une compagnie en plein essor Article de l&rsquo;Union du 4 juillet 2016 : Com\u00e9dia Laon a investi la salle des f\u00eates Article de l&rsquo;Union du 1er juillet 2016 : Com\u00e9dia Laon joue la solidarit\u00e9 Article de l&rsquo;Union du 22 juin 2016 : \u00ab\u00a0Tout bascule\u00a0\u00bb avec la troupe<\/p>\n<p><a class=\"excerpt-more blog-excerpt\" href=\"https:\/\/comedialaon.fr\/?page_id=1049\">Lire la suite<\/a><\/p>\n","protected":false},"author":1,"featured_media":0,"parent":0,"menu_order":0,"comment_status":"closed","ping_status":"closed","template":"","meta":{"footnotes":""},"class_list":["post-1049","page","type-page","status-publish","hentry"],"yoast_head":"<!-- This site is optimized with the Yoast SEO plugin v27.5 - https:\/\/yoast.com\/product\/yoast-seo-wordpress\/ -->\n<title>REVUE DE PRESSE 2016 &#8226; Com\u00e9dia Laon<\/title>\n<meta name=\"robots\" content=\"index, follow, max-snippet:-1, max-image-preview:large, max-video-preview:-1\" \/>\n<link rel=\"canonical\" href=\"https:\/\/comedialaon.fr\/?page_id=1049\" \/>\n<meta property=\"og:locale\" content=\"fr_FR\" \/>\n<meta property=\"og:type\" content=\"article\" \/>\n<meta property=\"og:title\" content=\"REVUE DE PRESSE 2016 &#8226; Com\u00e9dia Laon\" \/>\n<meta property=\"og:description\" content=\"Article de l&rsquo;Union du 11 juillet 2016 : Une compagnie en plein essor Article de l&rsquo;Union du 4 juillet 2016 : Com\u00e9dia Laon a investi la salle des f\u00eates Article de l&rsquo;Union du 1er juillet 2016 : Com\u00e9dia Laon joue la solidarit\u00e9 Article de l&rsquo;Union du 22 juin 2016 : \u00ab\u00a0Tout bascule\u00a0\u00bb avec la troupeLire la suite\" \/>\n<meta property=\"og:url\" content=\"https:\/\/comedialaon.fr\/?page_id=1049\" \/>\n<meta property=\"og:site_name\" content=\"Com\u00e9dia Laon\" \/>\n<meta property=\"article:publisher\" content=\"https:\/\/www.facebook.com\/profile.php?id=100008459438996\" \/>\n<meta property=\"article:modified_time\" content=\"2021-07-12T13:26:54+00:00\" \/>\n<meta name=\"twitter:label1\" content=\"Dur\u00e9e de lecture estim\u00e9e\" \/>\n\t<meta name=\"twitter:data1\" content=\"1 minute\" \/>\n<script type=\"application\/ld+json\" class=\"yoast-schema-graph\">{\"@context\":\"https:\\\/\\\/schema.org\",\"@graph\":[{\"@type\":\"WebPage\",\"@id\":\"https:\\\/\\\/comedialaon.fr\\\/?page_id=1049\",\"url\":\"https:\\\/\\\/comedialaon.fr\\\/?page_id=1049\",\"name\":\"REVUE DE PRESSE 2016 &#8226; Com\u00e9dia Laon\",\"isPartOf\":{\"@id\":\"https:\\\/\\\/comedialaon.fr\\\/#website\"},\"datePublished\":\"2016-01-10T20:30:54+00:00\",\"dateModified\":\"2021-07-12T13:26:54+00:00\",\"breadcrumb\":{\"@id\":\"https:\\\/\\\/comedialaon.fr\\\/?page_id=1049#breadcrumb\"},\"inLanguage\":\"fr-FR\",\"potentialAction\":[{\"@type\":\"ReadAction\",\"target\":[\"https:\\\/\\\/comedialaon.fr\\\/?page_id=1049\"]}]},{\"@type\":\"BreadcrumbList\",\"@id\":\"https:\\\/\\\/comedialaon.fr\\\/?page_id=1049#breadcrumb\",\"itemListElement\":[{\"@type\":\"ListItem\",\"position\":1,\"name\":\"Accueil\",\"item\":\"https:\\\/\\\/comedialaon.fr\\\/\"},{\"@type\":\"ListItem\",\"position\":2,\"name\":\"REVUE DE PRESSE 2016\"}]},{\"@type\":\"WebSite\",\"@id\":\"https:\\\/\\\/comedialaon.fr\\\/#website\",\"url\":\"https:\\\/\\\/comedialaon.fr\\\/\",\"name\":\"Com\u00e9dia Laon\",\"description\":\"Prendre et donner du PLAISIR ... !!! ;-)\",\"publisher\":{\"@id\":\"https:\\\/\\\/comedialaon.fr\\\/#organization\"},\"potentialAction\":[{\"@type\":\"SearchAction\",\"target\":{\"@type\":\"EntryPoint\",\"urlTemplate\":\"https:\\\/\\\/comedialaon.fr\\\/?s={search_term_string}\"},\"query-input\":{\"@type\":\"PropertyValueSpecification\",\"valueRequired\":true,\"valueName\":\"search_term_string\"}}],\"inLanguage\":\"fr-FR\"},{\"@type\":\"Organization\",\"@id\":\"https:\\\/\\\/comedialaon.fr\\\/#organization\",\"name\":\"Com\u00e9dia Laon\",\"url\":\"https:\\\/\\\/comedialaon.fr\\\/\",\"logo\":{\"@type\":\"ImageObject\",\"inLanguage\":\"fr-FR\",\"@id\":\"https:\\\/\\\/comedialaon.fr\\\/#\\\/schema\\\/logo\\\/image\\\/\",\"url\":\"https:\\\/\\\/comedialaon.fr\\\/wp-content\\\/uploads\\\/2019\\\/02\\\/LOGO-CL-et-OL.jpg\",\"contentUrl\":\"https:\\\/\\\/comedialaon.fr\\\/wp-content\\\/uploads\\\/2019\\\/02\\\/LOGO-CL-et-OL.jpg\",\"width\":756,\"height\":210,\"caption\":\"Com\u00e9dia Laon\"},\"image\":{\"@id\":\"https:\\\/\\\/comedialaon.fr\\\/#\\\/schema\\\/logo\\\/image\\\/\"},\"sameAs\":[\"https:\\\/\\\/www.facebook.com\\\/profile.php?id=100008459438996\",\"https:\\\/\\\/www.youtube.com\\\/results?search_query=comedia laon\"]}]}<\/script>\n<!-- \/ Yoast SEO plugin. -->","yoast_head_json":{"title":"REVUE DE PRESSE 2016 &#8226; Com\u00e9dia Laon","robots":{"index":"index","follow":"follow","max-snippet":"max-snippet:-1","max-image-preview":"max-image-preview:large","max-video-preview":"max-video-preview:-1"},"canonical":"https:\/\/comedialaon.fr\/?page_id=1049","og_locale":"fr_FR","og_type":"article","og_title":"REVUE DE PRESSE 2016 &#8226; Com\u00e9dia Laon","og_description":"Article de l&rsquo;Union du 11 juillet 2016 : Une compagnie en plein essor Article de l&rsquo;Union du 4 juillet 2016 : Com\u00e9dia Laon a investi la salle des f\u00eates Article de l&rsquo;Union du 1er juillet 2016 : Com\u00e9dia Laon joue la solidarit\u00e9 Article de l&rsquo;Union du 22 juin 2016 : \u00ab\u00a0Tout bascule\u00a0\u00bb avec la troupeLire la suite","og_url":"https:\/\/comedialaon.fr\/?page_id=1049","og_site_name":"Com\u00e9dia Laon","article_publisher":"https:\/\/www.facebook.com\/profile.php?id=100008459438996","article_modified_time":"2021-07-12T13:26:54+00:00","twitter_misc":{"Dur\u00e9e de lecture estim\u00e9e":"1 minute"},"schema":{"@context":"https:\/\/schema.org","@graph":[{"@type":"WebPage","@id":"https:\/\/comedialaon.fr\/?page_id=1049","url":"https:\/\/comedialaon.fr\/?page_id=1049","name":"REVUE DE PRESSE 2016 &#8226; Com\u00e9dia Laon","isPartOf":{"@id":"https:\/\/comedialaon.fr\/#website"},"datePublished":"2016-01-10T20:30:54+00:00","dateModified":"2021-07-12T13:26:54+00:00","breadcrumb":{"@id":"https:\/\/comedialaon.fr\/?page_id=1049#breadcrumb"},"inLanguage":"fr-FR","potentialAction":[{"@type":"ReadAction","target":["https:\/\/comedialaon.fr\/?page_id=1049"]}]},{"@type":"BreadcrumbList","@id":"https:\/\/comedialaon.fr\/?page_id=1049#breadcrumb","itemListElement":[{"@type":"ListItem","position":1,"name":"Accueil","item":"https:\/\/comedialaon.fr\/"},{"@type":"ListItem","position":2,"name":"REVUE DE PRESSE 2016"}]},{"@type":"WebSite","@id":"https:\/\/comedialaon.fr\/#website","url":"https:\/\/comedialaon.fr\/","name":"Com\u00e9dia Laon","description":"Prendre et donner du PLAISIR ... !!! ;-)","publisher":{"@id":"https:\/\/comedialaon.fr\/#organization"},"potentialAction":[{"@type":"SearchAction","target":{"@type":"EntryPoint","urlTemplate":"https:\/\/comedialaon.fr\/?s={search_term_string}"},"query-input":{"@type":"PropertyValueSpecification","valueRequired":true,"valueName":"search_term_string"}}],"inLanguage":"fr-FR"},{"@type":"Organization","@id":"https:\/\/comedialaon.fr\/#organization","name":"Com\u00e9dia Laon","url":"https:\/\/comedialaon.fr\/","logo":{"@type":"ImageObject","inLanguage":"fr-FR","@id":"https:\/\/comedialaon.fr\/#\/schema\/logo\/image\/","url":"https:\/\/comedialaon.fr\/wp-content\/uploads\/2019\/02\/LOGO-CL-et-OL.jpg","contentUrl":"https:\/\/comedialaon.fr\/wp-content\/uploads\/2019\/02\/LOGO-CL-et-OL.jpg","width":756,"height":210,"caption":"Com\u00e9dia Laon"},"image":{"@id":"https:\/\/comedialaon.fr\/#\/schema\/logo\/image\/"},"sameAs":["https:\/\/www.facebook.com\/profile.php?id=100008459438996","https:\/\/www.youtube.com\/results?search_query=comedia laon"]}]}},"_links":{"self":[{"href":"https:\/\/comedialaon.fr\/index.php?rest_route=\/wp\/v2\/pages\/1049","targetHints":{"allow":["GET"]}}],"collection":[{"href":"https:\/\/comedialaon.fr\/index.php?rest_route=\/wp\/v2\/pages"}],"about":[{"href":"https:\/\/comedialaon.fr\/index.php?rest_route=\/wp\/v2\/types\/page"}],"author":[{"embeddable":true,"href":"https:\/\/comedialaon.fr\/index.php?rest_route=\/wp\/v2\/users\/1"}],"replies":[{"embeddable":true,"href":"https:\/\/comedialaon.fr\/index.php?rest_route=%2Fwp%2Fv2%2Fcomments&post=1049"}],"version-history":[{"count":22,"href":"https:\/\/comedialaon.fr\/index.php?rest_route=\/wp\/v2\/pages\/1049\/revisions"}],"predecessor-version":[{"id":4286,"href":"https:\/\/comedialaon.fr\/index.php?rest_route=\/wp\/v2\/pages\/1049\/revisions\/4286"}],"wp:attachment":[{"href":"https:\/\/comedialaon.fr\/index.php?rest_route=%2Fwp%2Fv2%2Fmedia&parent=1049"}],"curies":[{"name":"wp","href":"https:\/\/api.w.org\/{rel}","templated":true}]}}